{"id":13583,"date":"2023-10-09T16:56:56","date_gmt":"2023-10-09T14:56:56","guid":{"rendered":"https:\/\/www.sustainablepearls.org\/credits-2\/"},"modified":"2025-09-28T15:35:36","modified_gmt":"2025-09-28T13:35:36","slug":"credits-2","status":"publish","type":"page","link":"https:\/\/www.sustainablepearls.org\/fr\/credits-2\/","title":{"rendered":"Cr\u00e9dits"},"content":{"rendered":"\t\t<div data-elementor-type=\"wp-page\" data-elementor-id=\"13583\" class=\"elementor elementor-13583 elementor-11086\">\n\t\t\t\t\t\t<section class=\"elementor-section elementor-top-section elementor-element elementor-element-c981317 elementor-section-full_width elementor-reverse-tablet elementor-reverse-mobile elementor-section-height-default elementor-section-height-default\" data-id=\"c981317\" data-element_type=\"section\">\n\t\t\t\t\t\t<div class=\"elementor-container elementor-column-gap-no\">\n\t\t\t\t\t<div class=\"elementor-column elementor-col-100 elementor-top-column elementor-element elementor-element-c51d97e\" data-id=\"c51d97e\" data-element_type=\"column\">\n\t\t\t<div class=\"elementor-widget-wrap elementor-element-populated\">\n\t\t\t\t\t\t<div class=\"elementor-element elementor-element-a5974b5 elementor-widget elementor-widget-marity_core_section_title\" data-id=\"a5974b5\" data-element_type=\"widget\" data-widget_type=\"marity_core_section_title.default\">\n\t\t\t\t<div class=\"elementor-widget-container\">\n\t\t\t\t\t<div class=\"qodef-shortcode qodef-m  qodef-section-title qodef-show_supertitle--no qodef-alignment--left \">\n    \t\t<h1 class=\"qodef-m-title\" >\n\t\t\t\t\tCr\u00e9dits\t\t\t<\/h1>\n\t    <\/div>\n\t\t\t\t<\/div>\n\t\t\t\t<\/div>\n\t\t\t\t<div class=\"elementor-element elementor-element-2ac0949 elementor-widget__width-initial elementor-widget elementor-widget-text-editor\" data-id=\"2ac0949\" data-element_type=\"widget\" data-widget_type=\"text-editor.default\">\n\t\t\t\t<div class=\"elementor-widget-container\">\n\t\t\t\t\t\t\t\t\t<h4>Nous sommes reconnaissants \u00e0 la  <a href=\"http:\/\/www.tiffanyandcofoundation.org\/\" target=\"_blank\" rel=\"noopener\">Tiffany &amp; Co. Fondation <\/a>  pour le financement de ce projet de recherche.<\/h4><p>Un certain nombre de sp\u00e9cimens de perles photographi\u00e9s et visibles sur ce site Web proviennent de la collection de pierres pr\u00e9cieuses de l <a href=\"http:\/\/www.ssef.ch\/\" target=\"_blank\" rel=\"noopener\">&lsquo;Institut suisse de gemmologie SSEF.<\/a> Nous les remercions pour leur coop\u00e9ration dans le partage de ce mat\u00e9riel. <\/p><p>Le mat\u00e9riel photographique provient d&rsquo;un certain nombre de sources et de personnes. Merci \u00e0 <a href=\"http:\/\/www.brack-gut.ch\/\" target=\"_blank\" rel=\"nofollow noopener\">Christoph Brack<\/a>, <a href=\"http:\/\/www.gemexpert.ch\/\" target=\"_blank\" rel=\"nofollow noopener\">Henry H\u00e4nni<\/a>, <a href=\"http:\/\/www.kamoka.com\/\" target=\"_blank\" rel=\"nofollow noopener\">Josh Humbert<\/a>, <a href=\"http:\/\/www.pearlsfiji.com\/\" target=\"_blank\" rel=\"nofollow noopener\">Justin Hunter<\/a>, Masahiro Ito, <a href=\"http:\/\/www.perlas.com.mx\/\" target=\"_blank\" rel=\"nofollow noopener\">Douglas McLaurin<\/a>, <a href=\"http:\/\/www.fieldgemology.org\/\" target=\"_blank\" rel=\"noopener\">Vincent Pardieu<\/a>, Luc Phan et d&rsquo;autres. Sauf mention contraire, toutes les photos sur www.sustainablepearls.org sont la propri\u00e9t\u00e9 de Laurent Cartier, Saleem Ali et SustainablePearls.  <\/p>\t\t\t\t\t\t\t\t<\/div>\n\t\t\t\t<\/div>\n\t\t\t\t\t<\/div>\n\t\t<\/div>\n\t\t\t\t\t<\/div>\n\t\t<\/section>\n\t\t\t\t<\/div>\n\t\t","protected":false},"excerpt":{"rendered":"<p>Cr\u00e9dits Nous sommes reconnaissants \u00e0 la Tiffany &amp; Co. Fondation pour le financement de ce projet de recherche. Un certain nombre de sp\u00e9cimens de perles photographi\u00e9s et visibles sur ce site Web proviennent de la collection de pierres pr\u00e9cieuses de l &lsquo;Institut suisse de gemmologie SSEF. Nous les remercions pour leur coop\u00e9ration dans le partage [&hellip;]<\/p>\n","protected":false},"author":1,"featured_media":0,"parent":0,"menu_order":0,"comment_status":"closed","ping_status":"closed","template":"page-full-width.php","meta":{"_acf_changed":false,"_monsterinsights_skip_tracking":false,"_monsterinsights_sitenote_active":false,"_monsterinsights_sitenote_note":"","_monsterinsights_sitenote_category":0,"footnotes":""},"class_list":["post-13583","page","type-page","status-publish","hentry"],"acf":[],"aioseo_notices":[],"_links":{"self":[{"href":"https:\/\/www.sustainablepearls.org\/fr\/wp-json\/wp\/v2\/pages\/13583","targetHints":{"allow":["GET"]}}],"collection":[{"href":"https:\/\/www.sustainablepearls.org\/fr\/wp-json\/wp\/v2\/pages"}],"about":[{"href":"https:\/\/www.sustainablepearls.org\/fr\/wp-json\/wp\/v2\/types\/page"}],"author":[{"embeddable":true,"href":"https:\/\/www.sustainablepearls.org\/fr\/wp-json\/wp\/v2\/users\/1"}],"replies":[{"embeddable":true,"href":"https:\/\/www.sustainablepearls.org\/fr\/wp-json\/wp\/v2\/comments?post=13583"}],"version-history":[{"count":5,"href":"https:\/\/www.sustainablepearls.org\/fr\/wp-json\/wp\/v2\/pages\/13583\/revisions"}],"predecessor-version":[{"id":13654,"href":"https:\/\/www.sustainablepearls.org\/fr\/wp-json\/wp\/v2\/pages\/13583\/revisions\/13654"}],"wp:attachment":[{"href":"https:\/\/www.sustainablepearls.org\/fr\/wp-json\/wp\/v2\/media?parent=13583"}],"curies":[{"name":"wp","href":"https:\/\/api.w.org\/{rel}","templated":true}]}}