{"id":13497,"date":"2022-11-10T13:09:35","date_gmt":"2022-11-10T12:09:35","guid":{"rendered":"https:\/\/www.sustainablepearls.org\/contact\/"},"modified":"2025-10-29T12:38:46","modified_gmt":"2025-10-29T11:38:46","slug":"contact","status":"publish","type":"page","link":"https:\/\/www.sustainablepearls.org\/fr\/a-propos\/contact\/","title":{"rendered":"Contact"},"content":{"rendered":"\t\t<div data-elementor-type=\"wp-page\" data-elementor-id=\"13497\" class=\"elementor elementor-13497 elementor-5292\">\n\t\t\t\t\t\t<section class=\"elementor-section elementor-top-section elementor-element elementor-element-ca31306 elementor-section-full_width elementor-section-height-default elementor-section-height-default\" data-id=\"ca31306\" data-element_type=\"section\">\n\t\t\t\t\t\t<div class=\"elementor-container elementor-column-gap-no\">\n\t\t\t\t\t<div class=\"elementor-column elementor-col-50 elementor-top-column elementor-element elementor-element-58cf19d\" data-id=\"58cf19d\" data-element_type=\"column\">\n\t\t\t<div class=\"elementor-widget-wrap elementor-element-populated\">\n\t\t\t\t\t\t<div class=\"elementor-element elementor-element-1e2b217 elementor-widget__width-initial elementor-widget elementor-widget-text-editor\" data-id=\"1e2b217\" data-element_type=\"widget\" data-widget_type=\"text-editor.default\">\n\t\t\t\t<div class=\"elementor-widget-container\">\n\t\t\t\t\t\t\t\t\t<h1>Contact<\/h1>\n<p><strong data-start=\"51\" data-end=\"115\">Institut pour la diplomatie et la s\u00e9curit\u00e9 environnementales<\/strong><br data-start=\"115\" data-end=\"118\" data-is-only-node=\"\">\nUniversit\u00e9 du Vermont, 153 S. Prospect St. Burlington VT 05401, \u00c9tats-Unis<\/p>\t\t\t\t\t\t\t\t<\/div>\n\t\t\t\t<\/div>\n\t\t\t\t<div class=\"elementor-element elementor-element-010e432 elementor-widget elementor-widget-marity_core_button\" data-id=\"010e432\" data-element_type=\"widget\" data-widget_type=\"marity_core_button.default\">\n\t\t\t\t<div class=\"elementor-widget-container\">\n\t\t\t\t\t<a class=\"qodef-shortcode qodef-m  qodef-button qodef-layout--textual  qodef-html--link\" href=\"https:\/\/site.uvm.edu\/ieds\/\" target=\"_blank\"  >\n\t<span class=\"qodef-btn-text\">www.uvm.edu\/ieds<\/span>\n    <span class=\"qodef-btn-arrow\"><svg class=\"qodef-svg--button-arrow\" xmlns=\"http:\/\/www.w3.org\/2000\/svg\" width=\"11.9\" height=\"11.9\" viewBox=\"0 0 11.9 11.9\"><g><path d=\"M0 .5h11.372v11.354\"\/><path stroke-width=\".75\" d=\"M11.3715.5.7587 11.1128\"\/><\/g><g><path d=\"M0 .5h11.372v11.354\"\/><path stroke-width=\".75\" d=\"M11.3715.5.7587 11.1128\"\/><\/g><\/svg><\/span>\n<\/a>\n\t\t\t\t<\/div>\n\t\t\t\t<\/div>\n\t\t\t\t<div class=\"elementor-element elementor-element-86013c7 elementor-widget elementor-widget-spacer\" data-id=\"86013c7\" data-element_type=\"widget\" data-widget_type=\"spacer.default\">\n\t\t\t\t<div class=\"elementor-widget-container\">\n\t\t\t\t\t\t\t<div class=\"elementor-spacer\">\n\t\t\t<div class=\"elementor-spacer-inner\"><\/div>\n\t\t<\/div>\n\t\t\t\t\t\t<\/div>\n\t\t\t\t<\/div>\n\t\t\t\t<div class=\"elementor-element elementor-element-92c98a4 elementor-widget__width-initial elementor-widget elementor-widget-text-editor\" data-id=\"92c98a4\" data-element_type=\"widget\" data-widget_type=\"text-editor.default\">\n\t\t\t\t<div class=\"elementor-widget-container\">\n\t\t\t\t\t\t\t\t\t<h5>Si vous avez des questions concernant le travail de notre organisation, n&rsquo;h\u00e9sitez pas \u00e0 nous contacter.<\/h5>\t\t\t\t\t\t\t\t<\/div>\n\t\t\t\t<\/div>\n\t\t\t\t<div class=\"elementor-element elementor-element-6ca4468 elementor-widget elementor-widget-qi_addons_for_elementor_contact_form_7\" data-id=\"6ca4468\" data-element_type=\"widget\" data-widget_type=\"qi_addons_for_elementor_contact_form_7.default\">\n\t\t\t\t<div class=\"elementor-widget-container\">\n\t\t\t\t\t<div class=\"qodef-shortcode qodef-m qodef-qi-contact-form-7\">\n\t\n<div class=\"wpcf7 no-js\" id=\"wpcf7-f13743-o1\" lang=\"en-US\" dir=\"ltr\" data-wpcf7-id=\"13743\">\n<div class=\"screen-reader-response\"><p role=\"status\" aria-live=\"polite\" aria-atomic=\"true\"><\/p> <ul><\/ul><\/div>\n<form action=\"\/fr\/wp-json\/wp\/v2\/pages\/13497#wpcf7-f13743-o1\" method=\"post\" class=\"wpcf7-form init\" aria-label=\"Contact form\" novalidate=\"novalidate\" data-status=\"init\">\n<fieldset class=\"hidden-fields-container\"><input type=\"hidden\" name=\"_wpcf7\" value=\"13743\" \/><input type=\"hidden\" name=\"_wpcf7_version\" value=\"6.1.1\" \/><input type=\"hidden\" name=\"_wpcf7_locale\" value=\"en_US\" \/><input type=\"hidden\" name=\"_wpcf7_unit_tag\" value=\"wpcf7-f13743-o1\" \/><input type=\"hidden\" name=\"_wpcf7_container_post\" value=\"0\" \/><input type=\"hidden\" name=\"_wpcf7_posted_data_hash\" value=\"\" \/>\n<\/fieldset>\n<div class=\"qodef-classic-contact-form qodef-form-50-50\">\n\n<div class=\"qodef-contact-data\">\n\n <div class=\"qodef-name\">\n\n  <span class=\"wpcf7-form-control-wrap\" data-name=\"your-name-fr\"><input size=\"40\" maxlength=\"400\" class=\"wpcf7-form-control wpcf7-text wpcf7-validates-as-required\" aria-required=\"true\" aria-invalid=\"false\" placeholder=\"Votre nom\" value=\"\" type=\"text\" name=\"your-name-fr\" \/><\/span>\n\n <\/div>\n\n <div class=\"qodef-mail\">\n\n  <span class=\"wpcf7-form-control-wrap\" data-name=\"your-email-fr\"><input size=\"40\" maxlength=\"400\" class=\"wpcf7-form-control wpcf7-email wpcf7-validates-as-required wpcf7-text wpcf7-validates-as-email\" aria-required=\"true\" aria-invalid=\"false\" placeholder=\"Votre email\" value=\"\" type=\"email\" name=\"your-email-fr\" \/><\/span>\n\n <\/div>\n\n<\/div>\n\n<span class=\"wpcf7-form-control-wrap\" data-name=\"your-message-fr\"><textarea cols=\"40\" rows=\"4\" maxlength=\"2000\" class=\"wpcf7-form-control wpcf7-textarea\" aria-invalid=\"false\" placeholder=\"Message\" name=\"your-message-fr\"><\/textarea><\/span>\n\n \n\n<button class=\"wpcf7-form-control wpcf7-submit qodef-button qodef-size--normal qodef-layout--outlined qodef-m\" type=\"submit\"><span class=\"qodef-m-text\">Envoyer<\/span><\/button>\n\n<\/div><div class=\"wpcf7-response-output\" aria-hidden=\"true\"><\/div>\n<\/form>\n<\/div>\n<\/div>\n\t\t\t\t<\/div>\n\t\t\t\t<\/div>\n\t\t\t\t\t<\/div>\n\t\t<\/div>\n\t\t\t\t<div class=\"elementor-column elementor-col-50 elementor-top-column elementor-element elementor-element-b0a0aaa\" data-id=\"b0a0aaa\" data-element_type=\"column\" data-settings=\"{&quot;background_background&quot;:&quot;classic&quot;}\">\n\t\t\t<div class=\"elementor-widget-wrap elementor-element-populated\">\n\t\t\t\t\t\t<div class=\"elementor-element elementor-element-6dcf87f elementor-widget elementor-widget-spacer\" data-id=\"6dcf87f\" data-element_type=\"widget\" data-widget_type=\"spacer.default\">\n\t\t\t\t<div class=\"elementor-widget-container\">\n\t\t\t\t\t\t\t<div class=\"elementor-spacer\">\n\t\t\t<div class=\"elementor-spacer-inner\"><\/div>\n\t\t<\/div>\n\t\t\t\t\t\t<\/div>\n\t\t\t\t<\/div>\n\t\t\t\t\t<\/div>\n\t\t<\/div>\n\t\t\t\t\t<\/div>\n\t\t<\/section>\n\t\t\t\t<section class=\"elementor-section elementor-top-section elementor-element elementor-element-f403eb0 elementor-section-full_width elementor-section-height-default elementor-section-height-default\" data-id=\"f403eb0\" data-element_type=\"section\">\n\t\t\t\t\t\t<div class=\"elementor-container elementor-column-gap-default\">\n\t\t\t\t\t<div class=\"elementor-column elementor-col-100 elementor-top-column elementor-element elementor-element-a20dca1\" data-id=\"a20dca1\" data-element_type=\"column\">\n\t\t\t<div class=\"elementor-widget-wrap elementor-element-populated\">\n\t\t\t\t\t\t<div class=\"elementor-element elementor-element-af26ebf elementor-widget elementor-widget-marity_core_separator\" data-id=\"af26ebf\" data-element_type=\"widget\" data-widget_type=\"marity_core_separator.default\">\n\t\t\t\t<div class=\"elementor-widget-container\">\n\t\t\t\t\t<div class=\"qodef-shortcode qodef-m  qodef-separator clear  qodef-separator-glow--no \">\n\t<div class=\"qodef-m-line\" ><\/div>\n<\/div>\n\t\t\t\t<\/div>\n\t\t\t\t<\/div>\n\t\t\t\t<div class=\"elementor-element elementor-element-bdbaa36 elementor-widget elementor-widget-spacer\" data-id=\"bdbaa36\" data-element_type=\"widget\" data-widget_type=\"spacer.default\">\n\t\t\t\t<div class=\"elementor-widget-container\">\n\t\t\t\t\t\t\t<div class=\"elementor-spacer\">\n\t\t\t<div class=\"elementor-spacer-inner\"><\/div>\n\t\t<\/div>\n\t\t\t\t\t\t<\/div>\n\t\t\t\t<\/div>\n\t\t\t\t<div class=\"elementor-element elementor-element-60a68ce elementor-widget elementor-widget-marity_core_process_info_tabs\" data-id=\"60a68ce\" data-element_type=\"widget\" data-widget_type=\"marity_core_process_info_tabs.default\">\n\t\t\t\t<div class=\"elementor-widget-container\">\n\t\t\t\t\t<div class=\"qodef-shortcode qodef-m  qodef-process-info-tabs qodef-layout--horizontal  qodef-appearance--morph   qodef--has-appear   qodef-enable-min-height--yes qodef-items--3 qodef-no-of-items--odd qodef-grid qodef-layout--columns qodef-col-num--3 qodef-gutter--normal qodef-responsive--custom qodef-col-num--1440--3 qodef-col-num--1366--3 qodef-col-num--1024--3 qodef-col-num--768--1 qodef-col-num--680--1 qodef-col-num--480--1\">\n\t<div class=\"qodef-grid-inner qodef-process-info-tabs-holder\">\n\t\t\t\t            \t\t\t<div class=\"qodef-grid-item qodef-process-info-tabs-item-holder\">\n\t\t\t\t<div class=\"qodef-process-info-tabs-item qodef--has-appear\" style=\"background-color: #F3F3F3\">\n                                            <div id=\"qodef-svg-morph-9691\" class=\"qodef-svg-morph-holder qodef-type-1\" style=\"color: #EFEFEF\">\n                            <svg class=\"qodef-svg--morph-shape-1\" xmlns=\"http:\/\/www.w3.org\/2000\/svg\" width=\"684.0455\" height=\"438.6857\" viewBox=\"0 0 684.0455 438.6857\"><path fill=\"currentColor\" d=\"M 676 170.7 C 656.8 126.9 593.6 102.2 550.3 119.4 C 461 154.7 470.3 105.7 458.7 66.7 C 453.7 -0.4 396.1 -8.5 357 8.6 C 335.2 18.1 325.2 53 320 74 L 319.9 73.9 Q 319.8 74.3 319.7 74.8 A 54.7 54.7 0 0 1 250.3 113.7 C 232.6 108.1 216 84.6 175.1 82.9 C 79.3 79.1 -0 168 -0 254.6 S 83.1 439.6 179 439.6 C 259.6 439.6 288.3 341.6 320 297.6 C 354 250.5 431.4 268.9 473.7 308.6 C 505.4 339.5 563 368.2 607.2 348.9 C 664.9 323.7 698.6 225.7 676 172.9 Z\" \/><path fill=\"currentColor\" d=\"M 690.9 102.3 C 671.7 58.5 606.9 20.1 569.1 47.4 C 488.1 106.1 444.3 97.4 432.7 58.4 C 427.7 -8.7 384.7 -4.8 345.6 12.3 C 323.8 21.8 325.2 53 320 74 C 320 74 319.9 73.9 319.9 73.9 C 319.8 74.2 319.8 74.5 319.7 74.8 C 316 89.4 327.6 123.3 275.6 146 C 261.8 152 217.2 119.8 210.8 106.3 C 178 37.5 148 44.3 107.1 42.6 C 11.3 38.8 -8 199 -8 285.6 C -8 372.2 83.1 439.6 179 439.6 C 259.6 439.6 277.3 354.6 291.8 302.4 C 306.8 248.2 414.6 224.8 436.4 278.6 C 465.2 350 531.8 368 575.8 348 C 638 319.7 717.3 274.4 692.9 104.1 C 692.9 103.4 690.9 103 690.9 102.3\" \/><\/svg>                        <\/div>\n                    \t\t\t\t\t<div class=\"qodef-process-info-tabs-content\">\n                        \t\t\t\t\t\t    <h3 itemprop=\"name\" class=\"qodef-e-title entry-title\">\n        Le projet    <\/h3>\n                        \t<p class=\"qodef-e-text\">D\u00e9couvrez-en davantage sur le projet de recherche SustainablePearls.org<\/p>\n\t\t\t\t\t<\/div>\n\t\t\t\t\t<div class=\"qodef-process-info-tabs-content-bottom\">\n\t\t\t\t\t\t                            <div class=\"qodef-m-button\">\r\n        <a class=\"qodef-shortcode qodef-m  qodef-button qodef-layout--textual  qodef-html--link\" href=\"https:\/\/www.sustainablepearls.org\/about\/\" target=\"_self\"  >\t<span class=\"qodef-btn-text\">En savoir plus<\/span>    <span class=\"qodef-btn-arrow\"><svg class=\"qodef-svg--button-arrow\" xmlns=\"http:\/\/www.w3.org\/2000\/svg\" width=\"11.9\" height=\"11.9\" viewBox=\"0 0 11.9 11.9\"><g><path d=\"M0 .5h11.372v11.354\"\/><path stroke-width=\".75\" d=\"M11.3715.5.7587 11.1128\"\/><\/g><g><path d=\"M0 .5h11.372v11.354\"\/><path stroke-width=\".75\" d=\"M11.3715.5.7587 11.1128\"\/><\/g><\/svg><\/span><\/a>    <\/div>\r\n\t\t\t\t\t<\/div>\n\t\t\t\t<\/div>\n\t\t\t<\/div>\n\t\t\t            \t\t\t<div class=\"qodef-grid-item qodef-process-info-tabs-item-holder\">\n\t\t\t\t<div class=\"qodef-process-info-tabs-item qodef--has-appear\" style=\"background-color: #F0F8FD\">\n                                            <div id=\"qodef-svg-morph-6479\" class=\"qodef-svg-morph-holder qodef-type-2\" style=\"color: #E6F1F8\">\n                            <svg class=\"qodef-svg--morph-shape-2\" xmlns=\"http:\/\/www.w3.org\/2000\/svg\" width=\"510.1197\" height=\"445.5398\" viewBox=\"0 0 510.1197 445.5398\"><path fill=\"currentColor\" d=\"M323.62,87S227.4807,76.2858,173.63,26.2075-22.8027-2.925,3.12,107.6667,29.9139,222.1808,15.62,295,10.0644,416.3612,64.7572,439.7316,193.04,407.1581,244.2863,425.6667c73.7776,26.6458,145.3425,41.4413,226.0793-57.6634,35.3489-43.3911,47.2463-90.1121,25.1763-144.3886C466.2863,151.6667,424.953,105,323.62,87Z\" \/><path fill=\"currentColor\" d=\"M314.0439,104.78S227.4807,76.2858,173.63,26.2075-19.6211-4.7466,6.3013,105.845,46.8108,223.8882,32.5166,296.7074,10.0644,416.3612,64.7572,439.7316s126.2646-57.7086,177.511-39.2c73.7776,26.6458,147.3606,66.5764,228.0975-32.5284,35.3489-43.3911,54.9722-93.9383,25.1763-144.3886C455.336,155.5379,387.4925,123.518,314.0439,104.78Z\" \/><\/svg>;                        <\/div>\n                    \t\t\t\t\t<div class=\"qodef-process-info-tabs-content\">\n                        \t\t\t\t\t\t    <h3 itemprop=\"name\" class=\"qodef-e-title entry-title\">\n        Dans la presse    <\/h3>\n                        \t<p class=\"qodef-e-text\">On parle de Sustainable Pearls et de l\u2019\u00e9tat du secteur perlier.\n<\/p>\n\t\t\t\t\t<\/div>\n\t\t\t\t\t<div class=\"qodef-process-info-tabs-content-bottom\">\n\t\t\t\t\t\t                            <div class=\"qodef-m-button\">\r\n        <a class=\"qodef-shortcode qodef-m  qodef-button qodef-layout--textual  qodef-html--link\" href=\"https:\/\/www.sustainablepearls.org\/about\/in-the-press\" target=\"_self\"  >\t<span class=\"qodef-btn-text\">voir les articles<\/span>    <span class=\"qodef-btn-arrow\"><svg class=\"qodef-svg--button-arrow\" xmlns=\"http:\/\/www.w3.org\/2000\/svg\" width=\"11.9\" height=\"11.9\" viewBox=\"0 0 11.9 11.9\"><g><path d=\"M0 .5h11.372v11.354\"\/><path stroke-width=\".75\" d=\"M11.3715.5.7587 11.1128\"\/><\/g><g><path d=\"M0 .5h11.372v11.354\"\/><path stroke-width=\".75\" d=\"M11.3715.5.7587 11.1128\"\/><\/g><\/svg><\/span><\/a>    <\/div>\r\n\t\t\t\t\t<\/div>\n\t\t\t\t<\/div>\n\t\t\t<\/div>\n\t\t\t            \t\t\t<div class=\"qodef-grid-item qodef-process-info-tabs-item-holder\">\n\t\t\t\t<div class=\"qodef-process-info-tabs-item qodef--has-appear\" style=\"background-color: #F4F4F4\">\n                                            <div id=\"qodef-svg-morph-7070\" class=\"qodef-svg-morph-holder qodef-type-1\" style=\"color: #EFEFEF\">\n                            <svg class=\"qodef-svg--morph-shape-1\" xmlns=\"http:\/\/www.w3.org\/2000\/svg\" width=\"684.0455\" height=\"438.6857\" viewBox=\"0 0 684.0455 438.6857\"><path fill=\"currentColor\" d=\"M 676 170.7 C 656.8 126.9 593.6 102.2 550.3 119.4 C 461 154.7 470.3 105.7 458.7 66.7 C 453.7 -0.4 396.1 -8.5 357 8.6 C 335.2 18.1 325.2 53 320 74 L 319.9 73.9 Q 319.8 74.3 319.7 74.8 A 54.7 54.7 0 0 1 250.3 113.7 C 232.6 108.1 216 84.6 175.1 82.9 C 79.3 79.1 -0 168 -0 254.6 S 83.1 439.6 179 439.6 C 259.6 439.6 288.3 341.6 320 297.6 C 354 250.5 431.4 268.9 473.7 308.6 C 505.4 339.5 563 368.2 607.2 348.9 C 664.9 323.7 698.6 225.7 676 172.9 Z\" \/><path fill=\"currentColor\" d=\"M 690.9 102.3 C 671.7 58.5 606.9 20.1 569.1 47.4 C 488.1 106.1 444.3 97.4 432.7 58.4 C 427.7 -8.7 384.7 -4.8 345.6 12.3 C 323.8 21.8 325.2 53 320 74 C 320 74 319.9 73.9 319.9 73.9 C 319.8 74.2 319.8 74.5 319.7 74.8 C 316 89.4 327.6 123.3 275.6 146 C 261.8 152 217.2 119.8 210.8 106.3 C 178 37.5 148 44.3 107.1 42.6 C 11.3 38.8 -8 199 -8 285.6 C -8 372.2 83.1 439.6 179 439.6 C 259.6 439.6 277.3 354.6 291.8 302.4 C 306.8 248.2 414.6 224.8 436.4 278.6 C 465.2 350 531.8 368 575.8 348 C 638 319.7 717.3 274.4 692.9 104.1 C 692.9 103.4 690.9 103 690.9 102.3\" \/><\/svg>                        <\/div>\n                    \t\t\t\t\t<div class=\"qodef-process-info-tabs-content\">\n                        \t\t\t\t\t\t    <h3 itemprop=\"name\" class=\"qodef-e-title entry-title\">\n        \u00c9v\u00e9nements    <\/h3>\n                        \t<p class=\"qodef-e-text\">Pour en savoir plus sur Sustainable Pearls. D\u00e9couvrez nos \u00e9v\u00e9nements et participez.\n\n<\/p>\n\t\t\t\t\t<\/div>\n\t\t\t\t\t<div class=\"qodef-process-info-tabs-content-bottom\">\n\t\t\t\t\t\t                            <div class=\"qodef-m-button\">\r\n        <a class=\"qodef-shortcode qodef-m  qodef-button qodef-layout--textual  qodef-html--link\" href=\"https:\/\/www.sustainablepearls.org\/about\/events\" target=\"_self\"  >\t<span class=\"qodef-btn-text\">nos \u00e9v\u00e9nements<\/span>    <span class=\"qodef-btn-arrow\"><svg class=\"qodef-svg--button-arrow\" xmlns=\"http:\/\/www.w3.org\/2000\/svg\" width=\"11.9\" height=\"11.9\" viewBox=\"0 0 11.9 11.9\"><g><path d=\"M0 .5h11.372v11.354\"\/><path stroke-width=\".75\" d=\"M11.3715.5.7587 11.1128\"\/><\/g><g><path d=\"M0 .5h11.372v11.354\"\/><path stroke-width=\".75\" d=\"M11.3715.5.7587 11.1128\"\/><\/g><\/svg><\/span><\/a>    <\/div>\r\n\t\t\t\t\t<\/div>\n\t\t\t\t<\/div>\n\t\t\t<\/div>\n\t\t\t\t<\/div>\n<\/div>\n\t\t\t\t<\/div>\n\t\t\t\t<\/div>\n\t\t\t\t\t<\/div>\n\t\t<\/div>\n\t\t\t\t\t<\/div>\n\t\t<\/section>\n\t\t\t\t<\/div>\n\t\t","protected":false},"excerpt":{"rendered":"<p>Contact Institut pour la diplomatie et la s\u00e9curit\u00e9 environnementales Universit\u00e9 du Vermont, 153 S. Prospect St. Burlington VT 05401, \u00c9tats-Unis www.uvm.edu\/ieds Si vous avez des questions concernant le travail de notre organisation, n&rsquo;h\u00e9sitez pas \u00e0 nous contacter. Envoyer Le projet D\u00e9couvrez-en davantage sur le projet de recherche SustainablePearls.org En savoir plus ; Dans la presse [&hellip;]<\/p>\n","protected":false},"author":1,"featured_media":0,"parent":13502,"menu_order":0,"comment_status":"closed","ping_status":"closed","template":"page-full-width.php","meta":{"_acf_changed":false,"_monsterinsights_skip_tracking":false,"_monsterinsights_sitenote_active":false,"_monsterinsights_sitenote_note":"","_monsterinsights_sitenote_category":0,"footnotes":""},"class_list":["post-13497","page","type-page","status-publish","hentry"],"acf":[],"aioseo_notices":[],"_links":{"self":[{"href":"https:\/\/www.sustainablepearls.org\/fr\/wp-json\/wp\/v2\/pages\/13497","targetHints":{"allow":["GET"]}}],"collection":[{"href":"https:\/\/www.sustainablepearls.org\/fr\/wp-json\/wp\/v2\/pages"}],"about":[{"href":"https:\/\/www.sustainablepearls.org\/fr\/wp-json\/wp\/v2\/types\/page"}],"author":[{"embeddable":true,"href":"https:\/\/www.sustainablepearls.org\/fr\/wp-json\/wp\/v2\/users\/1"}],"replies":[{"embeddable":true,"href":"https:\/\/www.sustainablepearls.org\/fr\/wp-json\/wp\/v2\/comments?post=13497"}],"version-history":[{"count":9,"href":"https:\/\/www.sustainablepearls.org\/fr\/wp-json\/wp\/v2\/pages\/13497\/revisions"}],"predecessor-version":[{"id":13746,"href":"https:\/\/www.sustainablepearls.org\/fr\/wp-json\/wp\/v2\/pages\/13497\/revisions\/13746"}],"up":[{"embeddable":true,"href":"https:\/\/www.sustainablepearls.org\/fr\/wp-json\/wp\/v2\/pages\/13502"}],"wp:attachment":[{"href":"https:\/\/www.sustainablepearls.org\/fr\/wp-json\/wp\/v2\/media?parent=13497"}],"curies":[{"name":"wp","href":"https:\/\/api.w.org\/{rel}","templated":true}]}}