{"id":13491,"date":"2022-10-25T10:09:17","date_gmt":"2022-10-25T08:09:17","guid":{"rendered":"https:\/\/www.sustainablepearls.org\/principes-de-durabilite\/"},"modified":"2025-10-28T04:40:09","modified_gmt":"2025-10-28T03:40:09","slug":"principes-de-durabilite","status":"publish","type":"page","link":"https:\/\/www.sustainablepearls.org\/fr\/principes-de-durabilite\/","title":{"rendered":"Principes de durabilit\u00e9"},"content":{"rendered":"\t\t<div data-elementor-type=\"wp-page\" data-elementor-id=\"13491\" class=\"elementor elementor-13491 elementor-2443\">\n\t\t\t\t\t\t<section class=\"elementor-section elementor-top-section elementor-element elementor-element-c9ecf2d elementor-section-full_width elementor-section-height-min-height elementor-section-items-top elementor-section-height-default\" data-id=\"c9ecf2d\" data-element_type=\"section\">\n\t\t\t\t\t\t\t<div class=\"elementor-background-overlay\"><\/div>\n\t\t\t\t\t\t\t<div class=\"elementor-container elementor-column-gap-no\">\n\t\t\t\t\t<div class=\"elementor-column elementor-col-50 elementor-top-column elementor-element elementor-element-30b792d\" data-id=\"30b792d\" data-element_type=\"column\">\n\t\t\t<div class=\"elementor-widget-wrap elementor-element-populated\">\n\t\t\t\t\t\t<div class=\"elementor-element elementor-element-4d7dcd7 elementor-widget__width-initial elementor-widget elementor-widget-marity_core_section_title\" data-id=\"4d7dcd7\" data-element_type=\"widget\" data-widget_type=\"marity_core_section_title.default\">\n\t\t\t\t<div class=\"elementor-widget-container\">\n\t\t\t\t\t<div class=\"qodef-shortcode qodef-m  qodef-section-title qodef-show_supertitle--no qodef-alignment--left \">\n    \t\t<h1 class=\"qodef-m-title\" style=\"color: #FFFFFF\">\n\t\t\t\t\tPrincipes de<br \/> durabilit\u00e9 pour les perles de culture marines\t\t\t<\/h1>\n\t\t<p class=\"qodef-m-text\" style=\"color: #FFFFFF\">Principes de durabilit\u00e9 pour les perles de culture marines. Version 2, juillet 2014.\n<\/p>\n    <\/div>\n\t\t\t\t<\/div>\n\t\t\t\t<\/div>\n\t\t\t\t<div class=\"elementor-element elementor-element-8b50e2e elementor-widget elementor-widget-spacer\" data-id=\"8b50e2e\" data-element_type=\"widget\" data-widget_type=\"spacer.default\">\n\t\t\t\t<div class=\"elementor-widget-container\">\n\t\t\t\t\t\t\t<div class=\"elementor-spacer\">\n\t\t\t<div class=\"elementor-spacer-inner\"><\/div>\n\t\t<\/div>\n\t\t\t\t\t\t<\/div>\n\t\t\t\t<\/div>\n\t\t\t\t<div class=\"elementor-element elementor-element-1d4bdf4 elementor-widget__width-initial elementor-widget elementor-widget-marity_core_section_title\" data-id=\"1d4bdf4\" data-element_type=\"widget\" data-widget_type=\"marity_core_section_title.default\">\n\t\t\t\t<div class=\"elementor-widget-container\">\n\t\t\t\t\t<div class=\"qodef-shortcode qodef-m  qodef-section-title qodef-show_supertitle--no qodef-alignment--left \">\n    \t\t<h2 class=\"qodef-m-title\" style=\"color: #FFFFFF\">\n\t\t\t\t\t1. Protection<br \/> de la biosph\u00e8re\t\t\t<\/h2>\n\t\t<p class=\"qodef-m-text\" style=\"color: #FFFFFF\">Nous prot\u00e9gerons tous les habitats dans lesquels nous op\u00e9rons. Nous nous efforcerons de conserver, ou dans certains cas de restaurer, la biodiversit\u00e9, la structure des \u00e9cosyst\u00e8mes et les services \u00e9cosyst\u00e9miques. Nous corrigerons rapidement et de mani\u00e8re responsable toute situation que nous aurions provoqu\u00e9e et qui met en danger l\u2019environnement.\n<\/p>\n    <\/div>\n\t\t\t\t<\/div>\n\t\t\t\t<\/div>\n\t\t\t\t<div class=\"elementor-element elementor-element-19c1dd4 elementor-widget elementor-widget-marity_core_icon\" data-id=\"19c1dd4\" data-element_type=\"widget\" data-widget_type=\"marity_core_icon.default\">\n\t\t\t\t<div class=\"elementor-widget-container\">\n\t\t\t\t\t<span class=\"qodef-shortcode qodef-m  qodef-icon-holder qodef-size--small qodef-layout--normal\"  >\n\t\t\t<span class=\"qodef-icon-elegant-icons arrow_carrot-down qodef-icon qodef-e\" style=\"color: #FFFFFF\" ><\/span>\t<\/span>\n\t\t\t\t<\/div>\n\t\t\t\t<\/div>\n\t\t\t\t\t<\/div>\n\t\t<\/div>\n\t\t\t\t<div class=\"elementor-column elementor-col-50 elementor-top-column elementor-element elementor-element-6a44cd1\" data-id=\"6a44cd1\" data-element_type=\"column\">\n\t\t\t<div class=\"elementor-widget-wrap\">\n\t\t\t\t\t\t\t<\/div>\n\t\t<\/div>\n\t\t\t\t\t<\/div>\n\t\t<\/section>\n\t\t\t\t<section class=\"elementor-section elementor-top-section elementor-element elementor-element-6b74f30 elementor-section-full_width elementor-section-height-min-height elementor-section-items-top elementor-section-height-default\" data-id=\"6b74f30\" data-element_type=\"section\">\n\t\t\t\t\t\t\t<div class=\"elementor-background-overlay\"><\/div>\n\t\t\t\t\t\t\t<div class=\"elementor-container elementor-column-gap-no\">\n\t\t\t\t\t<div class=\"elementor-column elementor-col-100 elementor-top-column elementor-element elementor-element-2ce3ff2\" data-id=\"2ce3ff2\" data-element_type=\"column\">\n\t\t\t<div class=\"elementor-widget-wrap elementor-element-populated\">\n\t\t\t\t\t\t<div class=\"elementor-element elementor-element-b9dccbf elementor-widget__width-initial elementor-widget elementor-widget-marity_core_section_title\" data-id=\"b9dccbf\" data-element_type=\"widget\" data-widget_type=\"marity_core_section_title.default\">\n\t\t\t\t<div class=\"elementor-widget-container\">\n\t\t\t\t\t<div class=\"qodef-shortcode qodef-m  qodef-section-title qodef-show_supertitle--no qodef-alignment--left \">\n    \t\t<h2 class=\"qodef-m-title\" style=\"color: #FFFFFF\">\n\t\t\t\t\t2. Utilisation durable<br \/> des ressources naturelles\t\t\t<\/h2>\n\t\t<p class=\"qodef-m-text\" style=\"color: #FFFFFF\">Nous utiliserons les ressources naturelles de mani\u00e8re responsable. Nous ferons un usage durable des ressources naturelles renouvelables et pr\u00e9serverons les ressources non renouvelables gr\u00e2ce \u00e0 une utilisation efficace et une planification rigoureuse.\n<\/p>\n    <\/div>\n\t\t\t\t<\/div>\n\t\t\t\t<\/div>\n\t\t\t\t\t<\/div>\n\t\t<\/div>\n\t\t\t\t\t<\/div>\n\t\t<\/section>\n\t\t\t\t<section class=\"elementor-section elementor-top-section elementor-element elementor-element-79795a6 elementor-section-full_width elementor-section-height-min-height elementor-section-items-top elementor-section-height-default\" data-id=\"79795a6\" data-element_type=\"section\">\n\t\t\t\t\t\t\t<div class=\"elementor-background-overlay\"><\/div>\n\t\t\t\t\t\t\t<div class=\"elementor-container elementor-column-gap-no\">\n\t\t\t\t\t<div class=\"elementor-column elementor-col-100 elementor-top-column elementor-element elementor-element-f854fa6\" data-id=\"f854fa6\" data-element_type=\"column\">\n\t\t\t<div class=\"elementor-widget-wrap elementor-element-populated\">\n\t\t\t\t\t\t<div class=\"elementor-element elementor-element-7e0817f elementor-widget__width-initial elementor-widget elementor-widget-marity_core_section_title\" data-id=\"7e0817f\" data-element_type=\"widget\" data-widget_type=\"marity_core_section_title.default\">\n\t\t\t\t<div class=\"elementor-widget-container\">\n\t\t\t\t\t<div class=\"qodef-shortcode qodef-m  qodef-section-title qodef-show_supertitle--no qodef-alignment--left \">\n    \t\t<h2 class=\"qodef-m-title\" style=\"color: #FFFFFF\">\n\t\t\t\t\t3. Transparence de<br \/> la production et divulgation des produits\t\t\t<\/h2>\n\t\t<p class=\"qodef-m-text\" style=\"color: #FFFFFF\">Nous utiliserons les ressources naturelles de mani\u00e8re responsable. Nous ferons un usage durable des ressources naturelles renouvelables et pr\u00e9serverons les ressources non renouvelables gr\u00e2ce \u00e0 une utilisation efficace et \u00e0 une planification rigoureuse.\n<\/p>\n    <\/div>\n\t\t\t\t<\/div>\n\t\t\t\t<\/div>\n\t\t\t\t\t<\/div>\n\t\t<\/div>\n\t\t\t\t\t<\/div>\n\t\t<\/section>\n\t\t\t\t<section class=\"elementor-section elementor-top-section elementor-element elementor-element-8918a4c elementor-section-full_width elementor-section-height-min-height elementor-section-items-top elementor-section-height-default\" data-id=\"8918a4c\" data-element_type=\"section\">\n\t\t\t\t\t\t\t<div class=\"elementor-background-overlay\"><\/div>\n\t\t\t\t\t\t\t<div class=\"elementor-container elementor-column-gap-no\">\n\t\t\t\t\t<div class=\"elementor-column elementor-col-50 elementor-top-column elementor-element elementor-element-8d92b45\" data-id=\"8d92b45\" data-element_type=\"column\" data-settings=\"{&quot;background_background&quot;:&quot;classic&quot;}\">\n\t\t\t<div class=\"elementor-widget-wrap elementor-element-populated\">\n\t\t\t\t\t<div class=\"elementor-background-overlay\"><\/div>\n\t\t\t\t\t\t<div class=\"elementor-element elementor-element-9c2fbf3 elementor-widget__width-initial elementor-widget elementor-widget-marity_core_section_title\" data-id=\"9c2fbf3\" data-element_type=\"widget\" data-widget_type=\"marity_core_section_title.default\">\n\t\t\t\t<div class=\"elementor-widget-container\">\n\t\t\t\t\t<div class=\"qodef-shortcode qodef-m  qodef-section-title qodef-show_supertitle--no qodef-alignment--left \">\n    \t\t<h2 class=\"qodef-m-title\" style=\"color: #FFFFFF\">\n\t\t\t\t\t4. D\u00e9velopper et exploiter des fermes de mani\u00e8re socialement et culturellement responsable \t\t\t<\/h2>\n\t\t<p class=\"qodef-m-text\" style=\"color: #FFFFFF\">Nous agirons de mani\u00e8re socialement responsable avec les communaut\u00e9s locales.<\/p>\n    <\/div>\n\t\t\t\t<\/div>\n\t\t\t\t<\/div>\n\t\t\t\t\t<\/div>\n\t\t<\/div>\n\t\t\t\t<div class=\"elementor-column elementor-col-50 elementor-top-column elementor-element elementor-element-9e2483a\" data-id=\"9e2483a\" data-element_type=\"column\">\n\t\t\t<div class=\"elementor-widget-wrap\">\n\t\t\t\t\t\t\t<\/div>\n\t\t<\/div>\n\t\t\t\t\t<\/div>\n\t\t<\/section>\n\t\t\t\t<section class=\"elementor-section elementor-top-section elementor-element elementor-element-f98e770 elementor-section-full_width elementor-section-height-min-height elementor-section-items-top elementor-section-height-default\" data-id=\"f98e770\" data-element_type=\"section\">\n\t\t\t\t\t\t\t<div class=\"elementor-background-overlay\"><\/div>\n\t\t\t\t\t\t\t<div class=\"elementor-container elementor-column-gap-no\">\n\t\t\t\t\t<div class=\"elementor-column elementor-col-100 elementor-top-column elementor-element elementor-element-c53677f\" data-id=\"c53677f\" data-element_type=\"column\">\n\t\t\t<div class=\"elementor-widget-wrap elementor-element-populated\">\n\t\t\t\t\t\t<div class=\"elementor-element elementor-element-55c4b6d elementor-widget__width-initial elementor-widget elementor-widget-marity_core_section_title\" data-id=\"55c4b6d\" data-element_type=\"widget\" data-widget_type=\"marity_core_section_title.default\">\n\t\t\t\t<div class=\"elementor-widget-container\">\n\t\t\t\t\t<div class=\"qodef-shortcode qodef-m  qodef-section-title qodef-show_supertitle--no qodef-alignment--left \">\n    \t\t<h2 class=\"qodef-m-title\" style=\"color: #FFFFFF\">\n\t\t\t\t\t5. Engagement de la direction et respect de la l\u00e9gislation locale\t\t\t<\/h2>\n\t\t<p class=\"qodef-m-text\" style=\"color: #FFFFFF\">Nous mettrons en \u0153uvre ces principes et maintiendrons un processus garantissant que la direction de l\u2019entreprise est responsable de la politique environnementale. Nous respecterons toutes les lois locales.<\/p>\n    <\/div>\n\t\t\t\t<\/div>\n\t\t\t\t<\/div>\n\t\t\t\t\t<\/div>\n\t\t<\/div>\n\t\t\t\t\t<\/div>\n\t\t<\/section>\n\t\t\t\t<\/div>\n\t\t","protected":false},"excerpt":{"rendered":"<p>Principes de durabilit\u00e9 pour les perles de culture marines Principes de durabilit\u00e9 pour les perles de culture marines. Version 2, juillet 2014. 1. Protection de la biosph\u00e8re Nous prot\u00e9gerons tous les habitats dans lesquels nous op\u00e9rons. Nous nous efforcerons de conserver, ou dans certains cas de restaurer, la biodiversit\u00e9, la structure des \u00e9cosyst\u00e8mes et les [&hellip;]<\/p>\n","protected":false},"author":1,"featured_media":11603,"parent":0,"menu_order":0,"comment_status":"closed","ping_status":"closed","template":"page-full-width.php","meta":{"_acf_changed":false,"_monsterinsights_skip_tracking":false,"_monsterinsights_sitenote_active":false,"_monsterinsights_sitenote_note":"","_monsterinsights_sitenote_category":0,"footnotes":""},"class_list":["post-13491","page","type-page","status-publish","has-post-thumbnail","hentry"],"acf":[],"aioseo_notices":[],"_links":{"self":[{"href":"https:\/\/www.sustainablepearls.org\/fr\/wp-json\/wp\/v2\/pages\/13491","targetHints":{"allow":["GET"]}}],"collection":[{"href":"https:\/\/www.sustainablepearls.org\/fr\/wp-json\/wp\/v2\/pages"}],"about":[{"href":"https:\/\/www.sustainablepearls.org\/fr\/wp-json\/wp\/v2\/types\/page"}],"author":[{"embeddable":true,"href":"https:\/\/www.sustainablepearls.org\/fr\/wp-json\/wp\/v2\/users\/1"}],"replies":[{"embeddable":true,"href":"https:\/\/www.sustainablepearls.org\/fr\/wp-json\/wp\/v2\/comments?post=13491"}],"version-history":[{"count":6,"href":"https:\/\/www.sustainablepearls.org\/fr\/wp-json\/wp\/v2\/pages\/13491\/revisions"}],"predecessor-version":[{"id":13690,"href":"https:\/\/www.sustainablepearls.org\/fr\/wp-json\/wp\/v2\/pages\/13491\/revisions\/13690"}],"wp:featuredmedia":[{"embeddable":true,"href":"https:\/\/www.sustainablepearls.org\/fr\/wp-json\/wp\/v2\/media\/11603"}],"wp:attachment":[{"href":"https:\/\/www.sustainablepearls.org\/fr\/wp-json\/wp\/v2\/media?parent=13491"}],"curies":[{"name":"wp","href":"https:\/\/api.w.org\/{rel}","templated":true}]}}