{"id":13485,"date":"2023-10-02T17:11:42","date_gmt":"2023-10-02T15:11:42","guid":{"rendered":"https:\/\/www.sustainablepearls.org\/etudes-de-cas-sur-le-developpement-durable\/micronesie\/"},"modified":"2025-09-30T08:01:10","modified_gmt":"2025-09-30T06:01:10","slug":"micronesie","status":"publish","type":"page","link":"https:\/\/www.sustainablepearls.org\/fr\/etudes-de-cas-sur-le-developpement-durable\/micronesie\/","title":{"rendered":"Micron\u00e9sie"},"content":{"rendered":"\t\t<div data-elementor-type=\"wp-page\" data-elementor-id=\"13485\" class=\"elementor elementor-13485 elementor-10175\">\n\t\t\t\t\t\t<section class=\"elementor-section elementor-top-section elementor-element elementor-element-c981317 elementor-section-full_width elementor-section-height-default elementor-section-height-default\" data-id=\"c981317\" data-element_type=\"section\">\n\t\t\t\t\t\t<div class=\"elementor-container elementor-column-gap-no\">\n\t\t\t\t\t<div class=\"elementor-column elementor-col-50 elementor-top-column elementor-element elementor-element-c51d97e\" data-id=\"c51d97e\" data-element_type=\"column\">\n\t\t\t<div class=\"elementor-widget-wrap elementor-element-populated\">\n\t\t\t\t\t\t<div class=\"elementor-element elementor-element-a5974b5 elementor-widget elementor-widget-marity_core_section_title\" data-id=\"a5974b5\" data-element_type=\"widget\" data-widget_type=\"marity_core_section_title.default\">\n\t\t\t\t<div class=\"elementor-widget-container\">\n\t\t\t\t\t<div class=\"qodef-shortcode qodef-m  qodef-section-title qodef-show_supertitle--no qodef-alignment--left \">\n    \t\t<h1 class=\"qodef-m-title\" >\n\t\t\t\t\tConservation et d\u00e9veloppement communautaire en Micron\u00e9sie\t\t\t<\/h1>\n\t    <\/div>\n\t\t\t\t<\/div>\n\t\t\t\t<\/div>\n\t\t\t\t<div class=\"elementor-element elementor-element-2ac0949 elementor-widget elementor-widget-text-editor\" data-id=\"2ac0949\" data-element_type=\"widget\" data-widget_type=\"text-editor.default\">\n\t\t\t\t<div class=\"elementor-widget-container\">\n\t\t\t\t\t\t\t\t\t<p>Le projet de production durable de perles de culture en Micron\u00e9sie a d\u00e9but\u00e9 en 2001. Il visait \u00e0 associer les efforts de conservation marine aux opportunit\u00e9s \u00e9conomiques pour les communaut\u00e9s de plusieurs \u00eeles. Ce projet communautaire de perliculture est supervis\u00e9 par des scientifiques du College of Micronesia. Les premi\u00e8res perles ont \u00e9t\u00e9 produites en 2008.   <\/p>\t\t\t\t\t\t\t\t<\/div>\n\t\t\t\t<\/div>\n\t\t\t\t\t<\/div>\n\t\t<\/div>\n\t\t\t\t<div class=\"elementor-column elementor-col-50 elementor-top-column elementor-element elementor-element-f1b980f\" data-id=\"f1b980f\" data-element_type=\"column\" data-settings=\"{&quot;background_background&quot;:&quot;classic&quot;}\">\n\t\t\t<div class=\"elementor-widget-wrap elementor-element-populated\">\n\t\t\t\t\t\t<div class=\"elementor-element elementor-element-aace980 elementor-widget elementor-widget-spacer\" data-id=\"aace980\" data-element_type=\"widget\" data-widget_type=\"spacer.default\">\n\t\t\t\t<div class=\"elementor-widget-container\">\n\t\t\t\t\t\t\t<div class=\"elementor-spacer\">\n\t\t\t<div class=\"elementor-spacer-inner\"><\/div>\n\t\t<\/div>\n\t\t\t\t\t\t<\/div>\n\t\t\t\t<\/div>\n\t\t\t\t<div class=\"elementor-element elementor-element-12d9363 elementor-widget elementor-widget-spacer\" data-id=\"12d9363\" data-element_type=\"widget\" data-widget_type=\"spacer.default\">\n\t\t\t\t<div class=\"elementor-widget-container\">\n\t\t\t\t\t\t\t<div class=\"elementor-spacer\">\n\t\t\t<div class=\"elementor-spacer-inner\"><\/div>\n\t\t<\/div>\n\t\t\t\t\t\t<\/div>\n\t\t\t\t<\/div>\n\t\t\t\t\t<\/div>\n\t\t<\/div>\n\t\t\t\t\t<\/div>\n\t\t<\/section>\n\t\t\t\t<section class=\"elementor-section elementor-top-section elementor-element elementor-element-60638e5 elementor-section-full_width elementor-reverse-tablet elementor-reverse-mobile elementor-section-height-default elementor-section-height-default\" data-id=\"60638e5\" data-element_type=\"section\">\n\t\t\t\t\t\t<div class=\"elementor-container elementor-column-gap-no\">\n\t\t\t\t\t<div class=\"elementor-column elementor-col-100 elementor-top-column elementor-element elementor-element-850db55\" data-id=\"850db55\" data-element_type=\"column\">\n\t\t\t<div class=\"elementor-widget-wrap elementor-element-populated\">\n\t\t\t\t\t\t<div class=\"elementor-element elementor-element-501316d elementor-widget-divider--view-line elementor-widget elementor-widget-divider\" data-id=\"501316d\" data-element_type=\"widget\" data-widget_type=\"divider.default\">\n\t\t\t\t<div class=\"elementor-widget-container\">\n\t\t\t\t\t\t\t<div class=\"elementor-divider\">\n\t\t\t<span class=\"elementor-divider-separator\">\n\t\t\t\t\t\t<\/span>\n\t\t<\/div>\n\t\t\t\t\t\t<\/div>\n\t\t\t\t<\/div>\n\t\t\t\t\t<\/div>\n\t\t<\/div>\n\t\t\t\t\t<\/div>\n\t\t<\/section>\n\t\t\t\t<section class=\"elementor-section elementor-top-section elementor-element elementor-element-b957756 elementor-section-full_width elementor-section-height-default elementor-section-height-default\" data-id=\"b957756\" data-element_type=\"section\">\n\t\t\t\t\t\t<div class=\"elementor-container elementor-column-gap-no\">\n\t\t\t\t\t<div class=\"elementor-column elementor-col-50 elementor-top-column elementor-element elementor-element-18a6260\" data-id=\"18a6260\" data-element_type=\"column\">\n\t\t\t<div class=\"elementor-widget-wrap elementor-element-populated\">\n\t\t\t\t\t\t<div class=\"elementor-element elementor-element-0622377 elementor-widget elementor-widget-text-editor\" data-id=\"0622377\" data-element_type=\"widget\" data-widget_type=\"text-editor.default\">\n\t\t\t\t<div class=\"elementor-widget-container\">\n\t\t\t\t\t\t\t\t\t<p><span lang=\"EN-GB\">L\u2019objectif du projet micron\u00e9sien est de cr\u00e9er des emplois pour les communaut\u00e9s en les formant \u00e0 la production de perles de culture, tout en pr\u00e9servant l\u2019environnement marin. <\/span>Un plan de gestion int\u00e9gr\u00e9e du milieu marin a \u00e9t\u00e9 mis en \u0153uvre afin d\u2019\u00e9tendre la conservation des zones de perliculture aux communaut\u00e9s environnantes. La perliculture et les activit\u00e9s associ\u00e9es sont per\u00e7ues comme une source de revenus alternative \u00e0 la p\u00eache, principale ressource mon\u00e9taire des \u00eeles o\u00f9 ces projets ont \u00e9t\u00e9 lanc\u00e9s.  <\/p>\t\t\t\t\t\t\t\t<\/div>\n\t\t\t\t<\/div>\n\t\t\t\t\t<\/div>\n\t\t<\/div>\n\t\t\t\t<div class=\"elementor-column elementor-col-50 elementor-top-column elementor-element elementor-element-2123ca8\" data-id=\"2123ca8\" data-element_type=\"column\" data-settings=\"{&quot;background_background&quot;:&quot;classic&quot;}\">\n\t\t\t<div class=\"elementor-widget-wrap elementor-element-populated\">\n\t\t\t\t\t\t<div class=\"elementor-element elementor-element-773c19a elementor-widget elementor-widget-marity_core_process_info_tabs\" data-id=\"773c19a\" data-element_type=\"widget\" data-widget_type=\"marity_core_process_info_tabs.default\">\n\t\t\t\t<div class=\"elementor-widget-container\">\n\t\t\t\t\t<div class=\"qodef-shortcode qodef-m  qodef-process-info-tabs qodef-layout--gradient-overlay  qodef-appearance--morph  qodef-count-elements--no qodef--has-appear    qodef-items--1 qodef-no-of-items--odd qodef-grid qodef-layout--columns qodef-col-num--1 qodef-gutter--normal qodef-responsive--predefined\">\n\t<div class=\"qodef-grid-inner qodef-process-info-tabs-holder\">\n\t\t\t\t            \t\t\t<div class=\"qodef-grid-item qodef-process-info-tabs-item-holder\">\n\t\t\t\t<div class=\"qodef-process-info-tabs-item\" style=\"background-color: #F6F6F6\">\n                                            <div id=\"qodef-svg-morph-4940\" class=\"qodef-svg-morph-holder qodef-type-1\" >\n                            <svg class=\"qodef-svg--morph-shape-1\" xmlns=\"http:\/\/www.w3.org\/2000\/svg\" width=\"684.0455\" height=\"438.6857\" viewBox=\"0 0 684.0455 438.6857\"><path fill=\"currentColor\" d=\"M 676 170.7 C 656.8 126.9 593.6 102.2 550.3 119.4 C 461 154.7 470.3 105.7 458.7 66.7 C 453.7 -0.4 396.1 -8.5 357 8.6 C 335.2 18.1 325.2 53 320 74 L 319.9 73.9 Q 319.8 74.3 319.7 74.8 A 54.7 54.7 0 0 1 250.3 113.7 C 232.6 108.1 216 84.6 175.1 82.9 C 79.3 79.1 -0 168 -0 254.6 S 83.1 439.6 179 439.6 C 259.6 439.6 288.3 341.6 320 297.6 C 354 250.5 431.4 268.9 473.7 308.6 C 505.4 339.5 563 368.2 607.2 348.9 C 664.9 323.7 698.6 225.7 676 172.9 Z\" \/><path fill=\"currentColor\" d=\"M 690.9 102.3 C 671.7 58.5 606.9 20.1 569.1 47.4 C 488.1 106.1 444.3 97.4 432.7 58.4 C 427.7 -8.7 384.7 -4.8 345.6 12.3 C 323.8 21.8 325.2 53 320 74 C 320 74 319.9 73.9 319.9 73.9 C 319.8 74.2 319.8 74.5 319.7 74.8 C 316 89.4 327.6 123.3 275.6 146 C 261.8 152 217.2 119.8 210.8 106.3 C 178 37.5 148 44.3 107.1 42.6 C 11.3 38.8 -8 199 -8 285.6 C -8 372.2 83.1 439.6 179 439.6 C 259.6 439.6 277.3 354.6 291.8 302.4 C 306.8 248.2 414.6 224.8 436.4 278.6 C 465.2 350 531.8 368 575.8 348 C 638 319.7 717.3 274.4 692.9 104.1 C 692.9 103.4 690.9 103 690.9 102.3\" \/><\/svg>                        <\/div>\n                    \t\t\t\t\t<div class=\"qodef-process-info-tabs-content\">\n                                                <span class=\"qodef-decoration-line\"><\/span>\n                            <h3 class=\"qodef-e-supertitle\">\n        Impacts    <\/h3>\n\t\t\t\t\t\t\t\t\t\t\t<\/div>\n\t\t\t\t\t<div class=\"qodef-process-info-tabs-content-bottom\">\n\t\t\t\t\t\t\t<p class=\"qodef-e-text\">Pearl farming and pearl jewellery crafting offers a source of income that reduces dependency on reef fishing. This makes the set up of Marine Protected Areas (MPA) possible because it is not associated with less income, and pearls provide tangible benefits to locals. Concurrently, pearl farming has raised environmental awareness on Pakin for example.<\/p>\n                        \t\t\t\t\t<\/div>\n\n                    \t\t\t\t<\/div>\n\t\t\t<\/div>\n\t\t\t\t<\/div>\n<\/div>\n\t\t\t\t<\/div>\n\t\t\t\t<\/div>\n\t\t\t\t<div class=\"elementor-element elementor-element-106b76c elementor-widget elementor-widget-text-editor\" data-id=\"106b76c\" data-element_type=\"widget\" data-widget_type=\"text-editor.default\">\n\t\t\t\t<div class=\"elementor-widget-container\">\n\t\t\t\t\t\t\t\t\t<p>Pour plus d&rsquo;informations sur la perliculture en Micron\u00e9sie et les perles provenant des fermes perli\u00e8res de Micron\u00e9sie, consultez cet <a href=\"http:\/\/www.sustainablepearls.org\/research\/publications\/\">article de<\/a> 2012.<\/p>\t\t\t\t\t\t\t\t<\/div>\n\t\t\t\t<\/div>\n\t\t\t\t\t<\/div>\n\t\t<\/div>\n\t\t\t\t\t<\/div>\n\t\t<\/section>\n\t\t\t\t<section class=\"elementor-section elementor-top-section elementor-element elementor-element-bb73c2a elementor-section-full_width elementor-section-height-default elementor-section-height-default\" data-id=\"bb73c2a\" data-element_type=\"section\" data-settings=\"{&quot;background_background&quot;:&quot;classic&quot;}\">\n\t\t\t\t\t\t\t<div class=\"elementor-background-overlay\"><\/div>\n\t\t\t\t\t\t\t<div class=\"elementor-container elementor-column-gap-no\">\n\t\t\t\t\t<div class=\"elementor-column elementor-col-100 elementor-top-column elementor-element elementor-element-11287db\" data-id=\"11287db\" data-element_type=\"column\">\n\t\t\t<div class=\"elementor-widget-wrap elementor-element-populated\">\n\t\t\t\t\t\t<div class=\"elementor-element elementor-element-1d87856 elementor-widget elementor-widget-marity_core_section_title\" data-id=\"1d87856\" data-element_type=\"widget\" data-widget_type=\"marity_core_section_title.default\">\n\t\t\t\t<div class=\"elementor-widget-container\">\n\t\t\t\t\t<div class=\"qodef-shortcode qodef-m  qodef-section-title qodef-show_supertitle--yes qodef-alignment--left \">\n    \t<p class=\"qodef-m-supertitle\" >En action<\/p>\n    <span class=\"qodef-e-subtitle-line\" ><\/span>\n\t\t<h2 class=\"qodef-m-title\" >\n\t\t\t\t\tD\u00e9couvrez d\u2019autres \u00e9tudes<br \/> de cas sur la durabilit\u00e9 des perles\t\t\t<\/h2>\n\t\t<p class=\"qodef-m-text\" >Cliquez sur les \u00e9tudes de cas pour en savoir plus<\/p>\n    <\/div>\n\t\t\t\t<\/div>\n\t\t\t\t<\/div>\n\t\t\t\t<div class=\"elementor-element elementor-element-0f55092 elementor-widget elementor-widget-spacer\" data-id=\"0f55092\" data-element_type=\"widget\" data-widget_type=\"spacer.default\">\n\t\t\t\t<div class=\"elementor-widget-container\">\n\t\t\t\t\t\t\t<div class=\"elementor-spacer\">\n\t\t\t<div class=\"elementor-spacer-inner\"><\/div>\n\t\t<\/div>\n\t\t\t\t\t\t<\/div>\n\t\t\t\t<\/div>\n\t\t\t\t\t<\/div>\n\t\t<\/div>\n\t\t\t\t\t<\/div>\n\t\t<\/section>\n\t\t\t\t<section class=\"elementor-section elementor-top-section elementor-element elementor-element-72deb18 elementor-section-full_width elementor-section-height-default elementor-section-height-default\" data-id=\"72deb18\" data-element_type=\"section\" data-settings=\"{&quot;background_background&quot;:&quot;classic&quot;}\">\n\t\t\t\t\t\t\t<div class=\"elementor-background-overlay\"><\/div>\n\t\t\t\t\t\t\t<div class=\"elementor-container elementor-column-gap-default\">\n\t\t\t\t\t<div class=\"elementor-column elementor-col-50 elementor-top-column elementor-element elementor-element-f1838f5\" data-id=\"f1838f5\" data-element_type=\"column\">\n\t\t\t<div class=\"elementor-widget-wrap elementor-element-populated\">\n\t\t\t\t<a class=\"elementor-element elementor-element-c990495 e-flex e-con-boxed e-con e-parent\" data-id=\"c990495\" data-element_type=\"container\" data-settings=\"{&quot;background_background&quot;:&quot;classic&quot;}\" href=\"https:\/\/www.sustainablepearls.org\/sustainability-case-studies\/fiji\/\">\n\t\t\t\t\t<div class=\"e-con-inner\">\n\t\t\t\t<div class=\"elementor-element elementor-element-8e694e1 elementor-widget elementor-widget-text-editor\" data-id=\"8e694e1\" data-element_type=\"widget\" data-widget_type=\"text-editor.default\">\n\t\t\t\t<div class=\"elementor-widget-container\">\n\t\t\t\t\t\t\t\t\t<h4 class=\"qodef-e-title entry-title qodef-portfolio-title\"><span style=\"color: #ffffff;\">Emploi local <br>aux Fidji<\/span><\/h4>\t\t\t\t\t\t\t\t<\/div>\n\t\t\t\t<\/div>\n\t\t\t\t\t<\/div>\n\t\t\t\t<\/a>\n\t\t\t\t\t<\/div>\n\t\t<\/div>\n\t\t\t\t<div class=\"elementor-column elementor-col-50 elementor-top-column elementor-element elementor-element-4c7b009\" data-id=\"4c7b009\" data-element_type=\"column\">\n\t\t\t<div class=\"elementor-widget-wrap elementor-element-populated\">\n\t\t\t\t<a class=\"elementor-element elementor-element-f8d0976 e-flex e-con-boxed e-con e-parent\" data-id=\"f8d0976\" data-element_type=\"container\" data-settings=\"{&quot;background_background&quot;:&quot;classic&quot;}\" href=\"https:\/\/www.sustainablepearls.org\/sustainability-case-studies\/french-polynesia\/\">\n\t\t\t\t\t<div class=\"e-con-inner\">\n\t\t\t\t<div class=\"elementor-element elementor-element-57f1d8d elementor-widget__width-initial elementor-widget elementor-widget-text-editor\" data-id=\"57f1d8d\" data-element_type=\"widget\" data-widget_type=\"text-editor.default\">\n\t\t\t\t<div class=\"elementor-widget-container\">\n\t\t\t\t\t\t\t\t\t<h4><span style=\"color: #ffffff;\">Collaboration avec les poissons de r\u00e9cifs en Polyn\u00e9sie fran\u00e7aise<\/span><\/h4>\t\t\t\t\t\t\t\t<\/div>\n\t\t\t\t<\/div>\n\t\t\t\t\t<\/div>\n\t\t\t\t<\/a>\n\t\t\t\t\t<\/div>\n\t\t<\/div>\n\t\t\t\t\t<\/div>\n\t\t<\/section>\n\t\t\t\t<section class=\"elementor-section elementor-top-section elementor-element elementor-element-12c5115 elementor-section-full_width elementor-section-height-default elementor-section-height-default\" data-id=\"12c5115\" data-element_type=\"section\" data-settings=\"{&quot;background_background&quot;:&quot;classic&quot;}\">\n\t\t\t\t\t\t\t<div class=\"elementor-background-overlay\"><\/div>\n\t\t\t\t\t\t\t<div class=\"elementor-container elementor-column-gap-default\">\n\t\t\t\t\t<div class=\"elementor-column elementor-col-50 elementor-top-column elementor-element elementor-element-04be6f1\" data-id=\"04be6f1\" data-element_type=\"column\">\n\t\t\t<div class=\"elementor-widget-wrap elementor-element-populated\">\n\t\t\t\t<a class=\"elementor-element elementor-element-68c888f e-flex e-con-boxed e-con e-parent\" data-id=\"68c888f\" data-element_type=\"container\" data-settings=\"{&quot;background_background&quot;:&quot;classic&quot;}\" href=\"https:\/\/www.sustainablepearls.org\/sustainability-case-studies\/mexico\/\">\n\t\t\t\t\t<div class=\"e-con-inner\">\n\t\t\t\t<div class=\"elementor-element elementor-element-6e07e5d elementor-widget__width-initial elementor-widget elementor-widget-text-editor\" data-id=\"6e07e5d\" data-element_type=\"widget\" data-widget_type=\"text-editor.default\">\n\t\t\t\t<div class=\"elementor-widget-container\">\n\t\t\t\t\t\t\t\t\t<h4><span style=\"color: #ffffff;\">Reconstitution des populations d&rsquo;hu\u00eetres sauvages au Mexique<\/span><\/h4>\t\t\t\t\t\t\t\t<\/div>\n\t\t\t\t<\/div>\n\t\t\t\t\t<\/div>\n\t\t\t\t<\/a>\n\t\t\t\t\t<\/div>\n\t\t<\/div>\n\t\t\t\t<div class=\"elementor-column elementor-col-50 elementor-top-column elementor-element elementor-element-8c3403a\" data-id=\"8c3403a\" data-element_type=\"column\">\n\t\t\t<div class=\"elementor-widget-wrap elementor-element-populated\">\n\t\t\t\t<a class=\"elementor-element elementor-element-cf298b6 e-flex e-con-boxed e-con e-parent\" data-id=\"cf298b6\" data-element_type=\"container\" data-settings=\"{&quot;background_background&quot;:&quot;classic&quot;}\" href=\"https:\/\/www.sustainablepearls.org\/sustainability-case-studies\/uae\/\">\n\t\t\t\t\t<div class=\"e-con-inner\">\n\t\t\t\t<div class=\"elementor-element elementor-element-7f6a592 elementor-widget__width-initial elementor-widget elementor-widget-text-editor\" data-id=\"7f6a592\" data-element_type=\"widget\" data-widget_type=\"text-editor.default\">\n\t\t\t\t<div class=\"elementor-widget-container\">\n\t\t\t\t\t\t\t\t\t<h4><span style=\"color: #ffffff;\">Protection de la mangrove <br>aux \u00c9mirats arabes unis<\/span><\/h4>\t\t\t\t\t\t\t\t<\/div>\n\t\t\t\t<\/div>\n\t\t\t\t\t<\/div>\n\t\t\t\t<\/a>\n\t\t\t\t\t<\/div>\n\t\t<\/div>\n\t\t\t\t\t<\/div>\n\t\t<\/section>\n\t\t\t\t<\/div>\n\t\t","protected":false},"excerpt":{"rendered":"<p>Conservation et d\u00e9veloppement communautaire en Micron\u00e9sie Le projet de production durable de perles de culture en Micron\u00e9sie a d\u00e9but\u00e9 en 2001. Il visait \u00e0 associer les efforts de conservation marine aux opportunit\u00e9s \u00e9conomiques pour les communaut\u00e9s de plusieurs \u00eeles. Ce projet communautaire de perliculture est supervis\u00e9 par des scientifiques du College of Micronesia. Les premi\u00e8res [&hellip;]<\/p>\n","protected":false},"author":1,"featured_media":0,"parent":13478,"menu_order":0,"comment_status":"closed","ping_status":"closed","template":"page-full-width.php","meta":{"_acf_changed":false,"_monsterinsights_skip_tracking":false,"_monsterinsights_sitenote_active":false,"_monsterinsights_sitenote_note":"","_monsterinsights_sitenote_category":0,"footnotes":""},"class_list":["post-13485","page","type-page","status-publish","hentry"],"acf":[],"aioseo_notices":[],"_links":{"self":[{"href":"https:\/\/www.sustainablepearls.org\/fr\/wp-json\/wp\/v2\/pages\/13485","targetHints":{"allow":["GET"]}}],"collection":[{"href":"https:\/\/www.sustainablepearls.org\/fr\/wp-json\/wp\/v2\/pages"}],"about":[{"href":"https:\/\/www.sustainablepearls.org\/fr\/wp-json\/wp\/v2\/types\/page"}],"author":[{"embeddable":true,"href":"https:\/\/www.sustainablepearls.org\/fr\/wp-json\/wp\/v2\/users\/1"}],"replies":[{"embeddable":true,"href":"https:\/\/www.sustainablepearls.org\/fr\/wp-json\/wp\/v2\/comments?post=13485"}],"version-history":[{"count":7,"href":"https:\/\/www.sustainablepearls.org\/fr\/wp-json\/wp\/v2\/pages\/13485\/revisions"}],"predecessor-version":[{"id":13683,"href":"https:\/\/www.sustainablepearls.org\/fr\/wp-json\/wp\/v2\/pages\/13485\/revisions\/13683"}],"up":[{"embeddable":true,"href":"https:\/\/www.sustainablepearls.org\/fr\/wp-json\/wp\/v2\/pages\/13478"}],"wp:attachment":[{"href":"https:\/\/www.sustainablepearls.org\/fr\/wp-json\/wp\/v2\/media?parent=13485"}],"curies":[{"name":"wp","href":"https:\/\/api.w.org\/{rel}","templated":true}]}}