{"id":13473,"date":"2023-10-03T15:44:07","date_gmt":"2023-10-03T13:44:07","guid":{"rendered":"https:\/\/www.sustainablepearls.org\/perles-de-culture-noires\/"},"modified":"2025-10-29T13:13:55","modified_gmt":"2025-10-29T12:13:55","slug":"perles-de-culture-noires","status":"publish","type":"page","link":"https:\/\/www.sustainablepearls.org\/fr\/type-de-perles-de-culture\/perles-de-culture-noires\/","title":{"rendered":"Perles de culture noires"},"content":{"rendered":"\t\t<div data-elementor-type=\"wp-page\" data-elementor-id=\"13473\" class=\"elementor elementor-13473 elementor-10438\">\n\t\t\t\t\t\t<section class=\"elementor-section elementor-top-section elementor-element elementor-element-c981317 elementor-section-full_width elementor-section-height-default elementor-section-height-default\" data-id=\"c981317\" data-element_type=\"section\">\n\t\t\t\t\t\t<div class=\"elementor-container elementor-column-gap-no\">\n\t\t\t\t\t<div class=\"elementor-column elementor-col-50 elementor-top-column elementor-element elementor-element-c51d97e\" data-id=\"c51d97e\" data-element_type=\"column\">\n\t\t\t<div class=\"elementor-widget-wrap elementor-element-populated\">\n\t\t\t\t\t\t<div class=\"elementor-element elementor-element-a5974b5 elementor-widget elementor-widget-marity_core_section_title\" data-id=\"a5974b5\" data-element_type=\"widget\" data-widget_type=\"marity_core_section_title.default\">\n\t\t\t\t<div class=\"elementor-widget-container\">\n\t\t\t\t\t<div class=\"qodef-shortcode qodef-m  qodef-section-title qodef-show_supertitle--no qodef-alignment--left \">\n    \t\t<h1 class=\"qodef-m-title\" >\n\t\t\t\t\tPerles de culture noires\t\t\t<\/h1>\n\t    <\/div>\n\t\t\t\t<\/div>\n\t\t\t\t<\/div>\n\t\t\t\t<div class=\"elementor-element elementor-element-2ac0949 elementor-widget elementor-widget-text-editor\" data-id=\"2ac0949\" data-element_type=\"widget\" data-widget_type=\"text-editor.default\">\n\t\t\t\t<div class=\"elementor-widget-container\">\n\t\t\t\t\t\t\t\t\t<p class=\"bodytext\">Les perles de culture noires des mers du Sud, \u00e9galement appel\u00e9es perles de Tahiti, proviennent de l&rsquo;hu\u00eetre perli\u00e8re Pinctada margaritifera, aussi connue sous le nom d\u2019hu\u00eetre perli\u00e8re \u00e0 l\u00e8vres noires. La premi\u00e8re culture de perles Pinctada margaritifera a \u00e9t\u00e9 r\u00e9alis\u00e9e avec succ\u00e8s en Polyn\u00e9sie fran\u00e7aise en 1961. Pour un aper\u00e7u de la perliculture en Polyn\u00e9sie fran\u00e7aise, consultez cette vid\u00e9o de 2011.   <\/p>\t\t\t\t\t\t\t\t<\/div>\n\t\t\t\t<\/div>\n\t\t\t\t\t<\/div>\n\t\t<\/div>\n\t\t\t\t<div class=\"elementor-column elementor-col-50 elementor-top-column elementor-element elementor-element-f1b980f\" data-id=\"f1b980f\" data-element_type=\"column\" data-settings=\"{&quot;background_background&quot;:&quot;classic&quot;}\">\n\t\t\t<div class=\"elementor-widget-wrap elementor-element-populated\">\n\t\t\t\t\t<div class=\"elementor-background-overlay\"><\/div>\n\t\t\t\t\t\t<div class=\"elementor-element elementor-element-aace980 elementor-widget elementor-widget-spacer\" data-id=\"aace980\" data-element_type=\"widget\" data-widget_type=\"spacer.default\">\n\t\t\t\t<div class=\"elementor-widget-container\">\n\t\t\t\t\t\t\t<div class=\"elementor-spacer\">\n\t\t\t<div class=\"elementor-spacer-inner\"><\/div>\n\t\t<\/div>\n\t\t\t\t\t\t<\/div>\n\t\t\t\t<\/div>\n\t\t\t\t<div class=\"elementor-element elementor-element-12d9363 elementor-widget elementor-widget-spacer\" data-id=\"12d9363\" data-element_type=\"widget\" data-widget_type=\"spacer.default\">\n\t\t\t\t<div class=\"elementor-widget-container\">\n\t\t\t\t\t\t\t<div class=\"elementor-spacer\">\n\t\t\t<div class=\"elementor-spacer-inner\"><\/div>\n\t\t<\/div>\n\t\t\t\t\t\t<\/div>\n\t\t\t\t<\/div>\n\t\t\t\t\t<\/div>\n\t\t<\/div>\n\t\t\t\t\t<\/div>\n\t\t<\/section>\n\t\t\t\t<section class=\"elementor-section elementor-top-section elementor-element elementor-element-60638e5 elementor-section-full_width elementor-reverse-tablet elementor-reverse-mobile elementor-section-height-default elementor-section-height-default\" data-id=\"60638e5\" data-element_type=\"section\">\n\t\t\t\t\t\t<div class=\"elementor-container elementor-column-gap-no\">\n\t\t\t\t\t<div class=\"elementor-column elementor-col-100 elementor-top-column elementor-element elementor-element-850db55\" data-id=\"850db55\" data-element_type=\"column\">\n\t\t\t<div class=\"elementor-widget-wrap elementor-element-populated\">\n\t\t\t\t\t\t<div class=\"elementor-element elementor-element-501316d elementor-widget-divider--view-line elementor-widget elementor-widget-divider\" data-id=\"501316d\" data-element_type=\"widget\" data-widget_type=\"divider.default\">\n\t\t\t\t<div class=\"elementor-widget-container\">\n\t\t\t\t\t\t\t<div class=\"elementor-divider\">\n\t\t\t<span class=\"elementor-divider-separator\">\n\t\t\t\t\t\t<\/span>\n\t\t<\/div>\n\t\t\t\t\t\t<\/div>\n\t\t\t\t<\/div>\n\t\t\t\t\t<\/div>\n\t\t<\/div>\n\t\t\t\t\t<\/div>\n\t\t<\/section>\n\t\t\t\t<section class=\"elementor-section elementor-top-section elementor-element elementor-element-6010ece elementor-section-full_width elementor-section-height-default elementor-section-height-default\" data-id=\"6010ece\" data-element_type=\"section\">\n\t\t\t\t\t\t<div class=\"elementor-container elementor-column-gap-no\">\n\t\t\t\t\t<div class=\"elementor-column elementor-col-50 elementor-top-column elementor-element elementor-element-20eacbc\" data-id=\"20eacbc\" data-element_type=\"column\">\n\t\t\t<div class=\"elementor-widget-wrap elementor-element-populated\">\n\t\t\t\t\t\t<div class=\"elementor-element elementor-element-5aedc3c elementor-widget elementor-widget-text-editor\" data-id=\"5aedc3c\" data-element_type=\"widget\" data-widget_type=\"text-editor.default\">\n\t\t\t\t<div class=\"elementor-widget-container\">\n\t\t\t\t\t\t\t\t\t<p>Bien que qualifi\u00e9es de \u00ab noires \u00bb, ces perles pr\u00e9sentent un \u00e9ventail incroyablement riche de couleurs iris\u00e9es couvrant pratiquement tout le spectre lumineux. Leur teinte sombre est naturelle et due \u00e0 la pr\u00e9sence de pigments organiques. Elles se pr\u00e9sentent sous une grande vari\u00e9t\u00e9 de formes et de tailles, allant de 6 \u00e0 20 mm.  <\/p>\t\t\t\t\t\t\t\t<\/div>\n\t\t\t\t<\/div>\n\t\t\t\t<div class=\"elementor-element elementor-element-f45764a elementor-widget elementor-widget-image\" data-id=\"f45764a\" data-element_type=\"widget\" data-widget_type=\"image.default\">\n\t\t\t\t<div class=\"elementor-widget-container\">\n\t\t\t\t\t\t\t\t\t\t\t\t\t\t\t<img fetchpriority=\"high\" decoding=\"async\" width=\"500\" height=\"397\" src=\"https:\/\/www.sustainablepearls.org\/wp-content\/uploads\/2023\/10\/Margaritifera-jpeg.webp\" class=\"attachment-large size-large wp-image-11644\" alt=\"\" srcset=\"https:\/\/www.sustainablepearls.org\/wp-content\/uploads\/2023\/10\/Margaritifera-jpeg.webp 500w, https:\/\/www.sustainablepearls.org\/wp-content\/uploads\/2023\/10\/Margaritifera-300x238.webp 300w\" sizes=\"(max-width: 500px) 100vw, 500px\" \/>\t\t\t\t\t\t\t\t\t\t\t\t\t\t\t<\/div>\n\t\t\t\t<\/div>\n\t\t\t\t\t<\/div>\n\t\t<\/div>\n\t\t\t\t<div class=\"elementor-column elementor-col-50 elementor-top-column elementor-element elementor-element-7625dff\" data-id=\"7625dff\" data-element_type=\"column\">\n\t\t\t<div class=\"elementor-widget-wrap elementor-element-populated\">\n\t\t\t\t\t\t<div class=\"elementor-element elementor-element-97e9b00 elementor-widget elementor-widget-text-editor\" data-id=\"97e9b00\" data-element_type=\"widget\" data-widget_type=\"text-editor.default\">\n\t\t\t\t<div class=\"elementor-widget-container\">\n\t\t\t\t\t\t\t\t\t<p class=\"bodytext\">Deux autres esp\u00e8ces produisent des perles de culture noires : les hu\u00eetres Pinctada mazatlanica et Pteria sterna. Celles-ci sont cultiv\u00e9es au Mexique et sont souvent appel\u00e9es perles de Cortez.  <\/p>\t\t\t\t\t\t\t\t<\/div>\n\t\t\t\t<\/div>\n\t\t\t\t<div class=\"elementor-element elementor-element-864016c elementor-widget elementor-widget-image\" data-id=\"864016c\" data-element_type=\"widget\" data-widget_type=\"image.default\">\n\t\t\t\t<div class=\"elementor-widget-container\">\n\t\t\t\t\t\t\t\t\t\t\t\t\t\t\t<img decoding=\"async\" width=\"500\" height=\"408\" src=\"https:\/\/www.sustainablepearls.org\/wp-content\/uploads\/2023\/10\/mazatlanica_sterna.png\" class=\"attachment-large size-large wp-image-11645\" alt=\"\" srcset=\"https:\/\/www.sustainablepearls.org\/wp-content\/uploads\/2023\/10\/mazatlanica_sterna.png 500w, https:\/\/www.sustainablepearls.org\/wp-content\/uploads\/2023\/10\/mazatlanica_sterna-300x245.png 300w\" sizes=\"(max-width: 500px) 100vw, 500px\" \/>\t\t\t\t\t\t\t\t\t\t\t\t\t\t\t<\/div>\n\t\t\t\t<\/div>\n\t\t\t\t\t<\/div>\n\t\t<\/div>\n\t\t\t\t\t<\/div>\n\t\t<\/section>\n\t\t\t\t<section class=\"elementor-section elementor-top-section elementor-element elementor-element-bb73c2a elementor-section-full_width elementor-section-height-default elementor-section-height-default\" data-id=\"bb73c2a\" data-element_type=\"section\" data-settings=\"{&quot;background_background&quot;:&quot;classic&quot;}\">\n\t\t\t\t\t\t\t<div class=\"elementor-background-overlay\"><\/div>\n\t\t\t\t\t\t\t<div class=\"elementor-container elementor-column-gap-no\">\n\t\t\t\t\t<div class=\"elementor-column elementor-col-100 elementor-top-column elementor-element elementor-element-11287db\" data-id=\"11287db\" data-element_type=\"column\">\n\t\t\t<div class=\"elementor-widget-wrap elementor-element-populated\">\n\t\t\t\t\t\t<div class=\"elementor-element elementor-element-1d87856 elementor-widget elementor-widget-marity_core_section_title\" data-id=\"1d87856\" data-element_type=\"widget\" data-widget_type=\"marity_core_section_title.default\">\n\t\t\t\t<div class=\"elementor-widget-container\">\n\t\t\t\t\t<div class=\"qodef-shortcode qodef-m  qodef-section-title qodef-show_supertitle--yes qodef-alignment--left \">\n    \t<p class=\"qodef-m-supertitle\" >Dans le monde<\/p>\n    <span class=\"qodef-e-subtitle-line\" ><\/span>\n\t\t<h2 class=\"qodef-m-title\" >\n\t\t\t\t\tR\u00e9gions d\u2019\u00e9levage de perles de culture noires\t\t\t<\/h2>\n\t\t<p class=\"qodef-m-text\" >Cliquez sur une r\u00e9gion pour en savoir plus<\/p>\n    <\/div>\n\t\t\t\t<\/div>\n\t\t\t\t<\/div>\n\t\t\t\t<div class=\"elementor-element elementor-element-bb09316 elementor-widget elementor-widget-spacer\" data-id=\"bb09316\" data-element_type=\"widget\" data-widget_type=\"spacer.default\">\n\t\t\t\t<div class=\"elementor-widget-container\">\n\t\t\t\t\t\t\t<div class=\"elementor-spacer\">\n\t\t\t<div class=\"elementor-spacer-inner\"><\/div>\n\t\t<\/div>\n\t\t\t\t\t\t<\/div>\n\t\t\t\t<\/div>\n\t\t\t\t<div class=\"elementor-element elementor-element-90376b9 elementor-widget elementor-widget-marity_core_portfolio_list\" data-id=\"90376b9\" data-element_type=\"widget\" data-widget_type=\"marity_core_portfolio_list.default\">\n\t\t\t\t<div class=\"elementor-widget-container\">\n\t\t\t\t\t<div class=\"qodef-shortcode qodef-m  qodef-portfolio-list qodef-item-behavior--columns qodef-item-layout--info-below qodef-grid qodef-layout--columns  qodef-gutter--normal qodef-col-num--3 qodef-item-layout--info-below qodef-pagination--off qodef-responsive--predefined qodef-hover-animation--overlay\" data-options=\"{&quot;plugin&quot;:&quot;marity_core&quot;,&quot;module&quot;:&quot;post-types\\\/portfolio\\\/shortcodes&quot;,&quot;shortcode&quot;:&quot;portfolio-list&quot;,&quot;post_type&quot;:&quot;portfolio-item&quot;,&quot;next_page&quot;:&quot;2&quot;,&quot;max_pages_num&quot;:1,&quot;behavior&quot;:&quot;columns&quot;,&quot;images_proportion&quot;:&quot;full&quot;,&quot;columns&quot;:&quot;3&quot;,&quot;columns_responsive&quot;:&quot;predefined&quot;,&quot;space&quot;:&quot;normal&quot;,&quot;enable_top_info&quot;:&quot;no&quot;,&quot;posts_per_page&quot;:&quot;9&quot;,&quot;orderby&quot;:&quot;date&quot;,&quot;order&quot;:&quot;DESC&quot;,&quot;additional_params&quot;:&quot;tax&quot;,&quot;tax&quot;:&quot;portfolio-category&quot;,&quot;tax_slug&quot;:&quot;black-pearls&quot;,&quot;layout&quot;:&quot;info-below&quot;,&quot;hover_animation_info-below&quot;:&quot;overlay&quot;,&quot;hover_animation_info-follow&quot;:&quot;follow&quot;,&quot;hover_animation_info-on-hover&quot;:&quot;fade-in&quot;,&quot;hover_animation_info-right&quot;:&quot;overlay&quot;,&quot;title_tag&quot;:&quot;h5&quot;,&quot;custom_margin&quot;:&quot;no&quot;,&quot;pagination_type&quot;:&quot;no-pagination&quot;,&quot;object_class_name&quot;:&quot;MarityCore_Portfolio_List_Shortcode&quot;,&quot;taxonomy_filter&quot;:&quot;portfolio-category&quot;,&quot;additional_query_args&quot;:{&quot;tax_query&quot;:[{&quot;taxonomy&quot;:&quot;portfolio-category&quot;,&quot;field&quot;:&quot;slug&quot;,&quot;terms&quot;:&quot;black-pearls&quot;}]},&quot;space_value&quot;:15}\">\n\t\t<div class=\"qodef-grid-inner\">\n\t\t<article class=\"qodef-e qodef-grid-item qodef-item--full post-13876 portfolio-item type-portfolio-item status-publish has-post-thumbnail hentry portfolio-category-perles-de-culture-noires\">\n\t<div class=\"qodef-e-inner\" >\n\t\t<div class=\"qodef-e-media\">\n\t\t\t\t<div class=\"qodef-e-media-image\">\n\t\t<a itemprop=\"url\" href=\"https:\/\/www.sustainablepearls.org\/fr\/pearl-farming\/pearl-farming-world-map\/polynesie-francaise\/\" target=\"_self\">\n\t\t\t<img decoding=\"async\" width=\"625\" height=\"227\" src=\"https:\/\/www.sustainablepearls.org\/wp-content\/uploads\/2023\/10\/Pearl-Farming-on-Ahe-French-Polynesia-jpeg.webp\" class=\"attachment-full size-full wp-post-image\" alt=\"\" \/>\t\t<\/a>\n\t<\/div>\n\t\t<\/div>\n\t\t<div class=\"qodef-e-content\" >\n\t\t\t<div class=\"qodef-e-text\">\n\t\t\t\t<h5 itemprop=\"name\" class=\"qodef-e-title entry-title\" >\n\t<a itemprop=\"url\" class=\"qodef-e-title-link\" href=\"https:\/\/www.sustainablepearls.org\/fr\/pearl-farming\/pearl-farming-world-map\/polynesie-francaise\/\" target=\"_self\">\n\t\tPolyn\u00e9sie fran\u00e7aise\t<\/a>\n<\/h5>\n\t\t\t<\/div>\n            <div class=\"qodef-e-bottom-holder\">\n                <div class=\"qodef-e-info\">\n                    \t<a href=\"https:\/\/www.sustainablepearls.org\/fr\/portfolio-category\/perles-de-culture-noires\/\" rel=\"tag\">Perles de culture noires<\/a>\t<div class=\"qodef-info-separator-end\"><\/div>\n                <\/div>\n            <\/div>\n\t\t<\/div>\n\t<\/div>\n<\/article>\n<article class=\"qodef-e qodef-grid-item qodef-item--full post-13883 portfolio-item type-portfolio-item status-publish has-post-thumbnail hentry portfolio-category-perles-de-culture-noires\">\n\t<div class=\"qodef-e-inner\" >\n\t\t<div class=\"qodef-e-media\">\n\t\t\t\t<div class=\"qodef-e-media-image\">\n\t\t<a itemprop=\"url\" href=\"https:\/\/www.sustainablepearls.org\/fr\/pearl-farming\/pearl-farming-world-map\/mexique\/\" target=\"_self\">\n\t\t\t<img loading=\"lazy\" decoding=\"async\" width=\"625\" height=\"469\" src=\"https:\/\/www.sustainablepearls.org\/wp-content\/uploads\/2023\/10\/Mexico-pearl-farming-jpeg.webp\" class=\"attachment-full size-full wp-post-image\" alt=\"\" \/>\t\t<\/a>\n\t<\/div>\n\t\t<\/div>\n\t\t<div class=\"qodef-e-content\" >\n\t\t\t<div class=\"qodef-e-text\">\n\t\t\t\t<h5 itemprop=\"name\" class=\"qodef-e-title entry-title\" >\n\t<a itemprop=\"url\" class=\"qodef-e-title-link\" href=\"https:\/\/www.sustainablepearls.org\/fr\/pearl-farming\/pearl-farming-world-map\/mexique\/\" target=\"_self\">\n\t\tMexique\t<\/a>\n<\/h5>\n\t\t\t<\/div>\n            <div class=\"qodef-e-bottom-holder\">\n                <div class=\"qodef-e-info\">\n                    \t<a href=\"https:\/\/www.sustainablepearls.org\/fr\/portfolio-category\/perles-de-culture-noires\/\" rel=\"tag\">Perles de culture noires<\/a>\t<div class=\"qodef-info-separator-end\"><\/div>\n                <\/div>\n            <\/div>\n\t\t<\/div>\n\t<\/div>\n<\/article>\n<article class=\"qodef-e qodef-grid-item qodef-item--full post-13888 portfolio-item type-portfolio-item status-publish has-post-thumbnail hentry portfolio-category-perles-de-culture-noires\">\n\t<div class=\"qodef-e-inner\" >\n\t\t<div class=\"qodef-e-media\">\n\t\t\t\t<div class=\"qodef-e-media-image\">\n\t\t<a itemprop=\"url\" href=\"https:\/\/www.sustainablepearls.org\/fr\/pearl-farming\/pearl-farming-world-map\/fidji\/\" target=\"_self\">\n\t\t\t<img loading=\"lazy\" decoding=\"async\" width=\"625\" height=\"469\" src=\"https:\/\/www.sustainablepearls.org\/wp-content\/uploads\/2023\/10\/Fiji_pearl_farming-jpeg.webp\" class=\"attachment-full size-full wp-post-image\" alt=\"\" srcset=\"https:\/\/www.sustainablepearls.org\/wp-content\/uploads\/2023\/10\/Fiji_pearl_farming-jpeg.webp 625w, https:\/\/www.sustainablepearls.org\/wp-content\/uploads\/2023\/10\/Fiji_pearl_farming-300x225.webp 300w\" sizes=\"(max-width: 625px) 100vw, 625px\" \/>\t\t<\/a>\n\t<\/div>\n\t\t<\/div>\n\t\t<div class=\"qodef-e-content\" >\n\t\t\t<div class=\"qodef-e-text\">\n\t\t\t\t<h5 itemprop=\"name\" class=\"qodef-e-title entry-title\" >\n\t<a itemprop=\"url\" class=\"qodef-e-title-link\" href=\"https:\/\/www.sustainablepearls.org\/fr\/pearl-farming\/pearl-farming-world-map\/fidji\/\" target=\"_self\">\n\t\tFidji\t<\/a>\n<\/h5>\n\t\t\t<\/div>\n            <div class=\"qodef-e-bottom-holder\">\n                <div class=\"qodef-e-info\">\n                    \t<a href=\"https:\/\/www.sustainablepearls.org\/fr\/portfolio-category\/perles-de-culture-noires\/\" rel=\"tag\">Perles de culture noires<\/a>\t<div class=\"qodef-info-separator-end\"><\/div>\n                <\/div>\n            <\/div>\n\t\t<\/div>\n\t<\/div>\n<\/article>\n<article class=\"qodef-e qodef-grid-item qodef-item--full post-13895 portfolio-item type-portfolio-item status-publish has-post-thumbnail hentry portfolio-category-perles-de-culture-noires\">\n\t<div class=\"qodef-e-inner\" >\n\t\t<div class=\"qodef-e-media\">\n\t\t\t\t<div class=\"qodef-e-media-image\">\n\t\t<a itemprop=\"url\" href=\"https:\/\/www.sustainablepearls.org\/fr\/pearl-farming\/pearl-farming-world-map\/micronesie\/\" target=\"_self\">\n\t\t\t<img loading=\"lazy\" decoding=\"async\" width=\"295\" height=\"222\" src=\"https:\/\/www.sustainablepearls.org\/wp-content\/uploads\/2023\/10\/Pearl-farming-in-Pohnpei-state-jpeg.webp\" class=\"attachment-full size-full wp-post-image\" alt=\"\" \/>\t\t<\/a>\n\t<\/div>\n\t\t<\/div>\n\t\t<div class=\"qodef-e-content\" >\n\t\t\t<div class=\"qodef-e-text\">\n\t\t\t\t<h5 itemprop=\"name\" class=\"qodef-e-title entry-title\" >\n\t<a itemprop=\"url\" class=\"qodef-e-title-link\" href=\"https:\/\/www.sustainablepearls.org\/fr\/pearl-farming\/pearl-farming-world-map\/micronesie\/\" target=\"_self\">\n\t\tMicron\u00e9sie\t<\/a>\n<\/h5>\n\t\t\t<\/div>\n            <div class=\"qodef-e-bottom-holder\">\n                <div class=\"qodef-e-info\">\n                    \t<a href=\"https:\/\/www.sustainablepearls.org\/fr\/portfolio-category\/perles-de-culture-noires\/\" rel=\"tag\">Perles de culture noires<\/a>\t<div class=\"qodef-info-separator-end\"><\/div>\n                <\/div>\n            <\/div>\n\t\t<\/div>\n\t<\/div>\n<\/article>\n\t<\/div>\n\t<\/div>\n\t\t\t\t<\/div>\n\t\t\t\t<\/div>\n\t\t\t\t\t<\/div>\n\t\t<\/div>\n\t\t\t\t\t<\/div>\n\t\t<\/section>\n\t\t\t\t<section class=\"elementor-section elementor-top-section elementor-element elementor-element-54c447d elementor-section-full_width elementor-section-height-default elementor-section-height-default\" data-id=\"54c447d\" data-element_type=\"section\" data-settings=\"{&quot;background_background&quot;:&quot;classic&quot;}\">\n\t\t\t\t\t\t\t<div class=\"elementor-background-overlay\"><\/div>\n\t\t\t\t\t\t\t<div class=\"elementor-container elementor-column-gap-no\">\n\t\t\t\t\t<div class=\"elementor-column elementor-col-100 elementor-top-column elementor-element elementor-element-8d2cf98\" data-id=\"8d2cf98\" data-element_type=\"column\">\n\t\t\t<div class=\"elementor-widget-wrap elementor-element-populated\">\n\t\t\t\t\t\t<div class=\"elementor-element elementor-element-66da269 elementor-widget elementor-widget-marity_core_section_title\" data-id=\"66da269\" data-element_type=\"widget\" data-widget_type=\"marity_core_section_title.default\">\n\t\t\t\t<div class=\"elementor-widget-container\">\n\t\t\t\t\t<div class=\"qodef-shortcode qodef-m  qodef-section-title qodef-show_supertitle--yes qodef-alignment--left \">\n    \t<p class=\"qodef-m-supertitle\" >Autres types de perles<\/p>\n    <span class=\"qodef-e-subtitle-line\" ><\/span>\n\t\t<h2 class=\"qodef-m-title\" >\n\t\t\t\t\tPerles de culture marines et d\u2019eau douce\t\t\t<\/h2>\n\t\t<p class=\"qodef-m-text\" >Cliquez sur le type de perle pour en savoir plus<\/p>\n    <\/div>\n\t\t\t\t<\/div>\n\t\t\t\t<\/div>\n\t\t\t\t<div class=\"elementor-element elementor-element-a04ccd1 elementor-widget elementor-widget-spacer\" data-id=\"a04ccd1\" data-element_type=\"widget\" data-widget_type=\"spacer.default\">\n\t\t\t\t<div class=\"elementor-widget-container\">\n\t\t\t\t\t\t\t<div class=\"elementor-spacer\">\n\t\t\t<div class=\"elementor-spacer-inner\"><\/div>\n\t\t<\/div>\n\t\t\t\t\t\t<\/div>\n\t\t\t\t<\/div>\n\t\t\t\t\t<\/div>\n\t\t<\/div>\n\t\t\t\t\t<\/div>\n\t\t<\/section>\n\t\t\t\t<section class=\"elementor-section elementor-top-section elementor-element elementor-element-97c9caa elementor-section-full_width elementor-section-height-default elementor-section-height-default\" data-id=\"97c9caa\" data-element_type=\"section\" data-settings=\"{&quot;background_background&quot;:&quot;classic&quot;}\">\n\t\t\t\t\t\t\t<div class=\"elementor-background-overlay\"><\/div>\n\t\t\t\t\t\t\t<div class=\"elementor-container elementor-column-gap-default\">\n\t\t\t\t\t<div class=\"elementor-column elementor-col-50 elementor-top-column elementor-element elementor-element-8d9e249\" data-id=\"8d9e249\" data-element_type=\"column\">\n\t\t\t<div class=\"elementor-widget-wrap elementor-element-populated\">\n\t\t\t\t<a class=\"elementor-element elementor-element-f35b2c2 e-flex e-con-boxed e-con e-parent\" data-id=\"f35b2c2\" data-element_type=\"container\" data-settings=\"{&quot;background_background&quot;:&quot;classic&quot;}\" href=\"https:\/\/www.sustainablepearls.org\/pearls\/akoya-cultured-pearls\/\">\n\t\t\t\t\t<div class=\"e-con-inner\">\n\t\t\t\t<div class=\"elementor-element elementor-element-055975a elementor-widget elementor-widget-text-editor\" data-id=\"055975a\" data-element_type=\"widget\" data-widget_type=\"text-editor.default\">\n\t\t\t\t<div class=\"elementor-widget-container\">\n\t\t\t\t\t\t\t\t\t<h4>Perles de culture Akoya<\/h4>\t\t\t\t\t\t\t\t<\/div>\n\t\t\t\t<\/div>\n\t\t\t\t\t<\/div>\n\t\t\t\t<\/a>\n\t\t\t\t\t<\/div>\n\t\t<\/div>\n\t\t\t\t<div class=\"elementor-column elementor-col-50 elementor-top-column elementor-element elementor-element-907f5b0\" data-id=\"907f5b0\" data-element_type=\"column\">\n\t\t\t<div class=\"elementor-widget-wrap elementor-element-populated\">\n\t\t\t\t<a class=\"elementor-element elementor-element-ca31074 e-flex e-con-boxed e-con e-parent\" data-id=\"ca31074\" data-element_type=\"container\" data-settings=\"{&quot;background_background&quot;:&quot;classic&quot;}\" href=\"https:\/\/www.sustainablepearls.org\/pearls\/white-and-golden-south-sea-pearls\/\">\n\t\t\t\t\t<div class=\"e-con-inner\">\n\t\t\t\t<div class=\"elementor-element elementor-element-c40b6ec elementor-widget elementor-widget-text-editor\" data-id=\"c40b6ec\" data-element_type=\"widget\" data-widget_type=\"text-editor.default\">\n\t\t\t\t<div class=\"elementor-widget-container\">\n\t\t\t\t\t\t\t\t\t<h4>Perles des mers du Sud blanches et dor\u00e9es<\/h4>\t\t\t\t\t\t\t\t<\/div>\n\t\t\t\t<\/div>\n\t\t\t\t\t<\/div>\n\t\t\t\t<\/a>\n\t\t\t\t\t<\/div>\n\t\t<\/div>\n\t\t\t\t\t<\/div>\n\t\t<\/section>\n\t\t\t\t<section class=\"elementor-section elementor-top-section elementor-element elementor-element-8c4a6ea elementor-section-full_width elementor-section-height-default elementor-section-height-default\" data-id=\"8c4a6ea\" data-element_type=\"section\" data-settings=\"{&quot;background_background&quot;:&quot;classic&quot;}\">\n\t\t\t\t\t\t\t<div class=\"elementor-background-overlay\"><\/div>\n\t\t\t\t\t\t\t<div class=\"elementor-container elementor-column-gap-default\">\n\t\t\t\t\t<div class=\"elementor-column elementor-col-50 elementor-top-column elementor-element elementor-element-a4a0fd2\" data-id=\"a4a0fd2\" data-element_type=\"column\">\n\t\t\t<div class=\"elementor-widget-wrap elementor-element-populated\">\n\t\t\t\t<a class=\"elementor-element elementor-element-4bb9a52 e-flex e-con-boxed e-con e-parent\" data-id=\"4bb9a52\" data-element_type=\"container\" data-settings=\"{&quot;background_background&quot;:&quot;classic&quot;}\" href=\"https:\/\/www.sustainablepearls.org\/pearls\/freshwater-cultured-pearls\/\">\n\t\t\t\t\t<div class=\"e-con-inner\">\n\t\t\t\t<div class=\"elementor-element elementor-element-188a4c9 elementor-widget elementor-widget-text-editor\" data-id=\"188a4c9\" data-element_type=\"widget\" data-widget_type=\"text-editor.default\">\n\t\t\t\t<div class=\"elementor-widget-container\">\n\t\t\t\t\t\t\t\t\t<h4>Perles de culture d&rsquo;eau douce<\/h4>\t\t\t\t\t\t\t\t<\/div>\n\t\t\t\t<\/div>\n\t\t\t\t\t<\/div>\n\t\t\t\t<\/a>\n\t\t\t\t\t<\/div>\n\t\t<\/div>\n\t\t\t\t<div class=\"elementor-column elementor-col-50 elementor-top-column elementor-element elementor-element-24a6062\" data-id=\"24a6062\" data-element_type=\"column\">\n\t\t\t<div class=\"elementor-widget-wrap\">\n\t\t\t\t\t\t\t<\/div>\n\t\t<\/div>\n\t\t\t\t\t<\/div>\n\t\t<\/section>\n\t\t\t\t<\/div>\n\t\t","protected":false},"excerpt":{"rendered":"<p>Perles de culture noires Les perles de culture noires des mers du Sud, \u00e9galement appel\u00e9es perles de Tahiti, proviennent de l&rsquo;hu\u00eetre perli\u00e8re Pinctada margaritifera, aussi connue sous le nom d\u2019hu\u00eetre perli\u00e8re \u00e0 l\u00e8vres noires. La premi\u00e8re culture de perles Pinctada margaritifera a \u00e9t\u00e9 r\u00e9alis\u00e9e avec succ\u00e8s en Polyn\u00e9sie fran\u00e7aise en 1961. Pour un aper\u00e7u de [&hellip;]<\/p>\n","protected":false},"author":1,"featured_media":0,"parent":13480,"menu_order":0,"comment_status":"closed","ping_status":"closed","template":"page-full-width.php","meta":{"_acf_changed":false,"_monsterinsights_skip_tracking":false,"_monsterinsights_sitenote_active":false,"_monsterinsights_sitenote_note":"","_monsterinsights_sitenote_category":0,"footnotes":""},"class_list":["post-13473","page","type-page","status-publish","hentry"],"acf":[],"aioseo_notices":[],"_links":{"self":[{"href":"https:\/\/www.sustainablepearls.org\/fr\/wp-json\/wp\/v2\/pages\/13473","targetHints":{"allow":["GET"]}}],"collection":[{"href":"https:\/\/www.sustainablepearls.org\/fr\/wp-json\/wp\/v2\/pages"}],"about":[{"href":"https:\/\/www.sustainablepearls.org\/fr\/wp-json\/wp\/v2\/types\/page"}],"author":[{"embeddable":true,"href":"https:\/\/www.sustainablepearls.org\/fr\/wp-json\/wp\/v2\/users\/1"}],"replies":[{"embeddable":true,"href":"https:\/\/www.sustainablepearls.org\/fr\/wp-json\/wp\/v2\/comments?post=13473"}],"version-history":[{"count":10,"href":"https:\/\/www.sustainablepearls.org\/fr\/wp-json\/wp\/v2\/pages\/13473\/revisions"}],"predecessor-version":[{"id":13714,"href":"https:\/\/www.sustainablepearls.org\/fr\/wp-json\/wp\/v2\/pages\/13473\/revisions\/13714"}],"up":[{"embeddable":true,"href":"https:\/\/www.sustainablepearls.org\/fr\/wp-json\/wp\/v2\/pages\/13480"}],"wp:attachment":[{"href":"https:\/\/www.sustainablepearls.org\/fr\/wp-json\/wp\/v2\/media?parent=13473"}],"curies":[{"name":"wp","href":"https:\/\/api.w.org\/{rel}","templated":true}]}}