{"id":13467,"date":"2023-10-03T15:03:17","date_gmt":"2023-10-03T13:03:17","guid":{"rendered":"https:\/\/www.sustainablepearls.org\/perles-de-culture-blanches-et-dorees-des-mers-du-sud\/"},"modified":"2025-10-29T13:13:47","modified_gmt":"2025-10-29T12:13:47","slug":"perles-de-culture-blanches-et-dorees-des-mers-du-sud","status":"publish","type":"page","link":"https:\/\/www.sustainablepearls.org\/fr\/type-de-perles-de-culture\/perles-de-culture-blanches-et-dorees-des-mers-du-sud\/","title":{"rendered":"Perles de culture blanches et dor\u00e9es des mers du Sud"},"content":{"rendered":"\t\t<div data-elementor-type=\"wp-page\" data-elementor-id=\"13467\" class=\"elementor elementor-13467 elementor-10413\">\n\t\t\t\t\t\t<section class=\"elementor-section elementor-top-section elementor-element elementor-element-c981317 elementor-section-full_width elementor-section-height-default elementor-section-height-default\" data-id=\"c981317\" data-element_type=\"section\">\n\t\t\t\t\t\t<div class=\"elementor-container elementor-column-gap-no\">\n\t\t\t\t\t<div class=\"elementor-column elementor-col-50 elementor-top-column elementor-element elementor-element-c51d97e\" data-id=\"c51d97e\" data-element_type=\"column\">\n\t\t\t<div class=\"elementor-widget-wrap elementor-element-populated\">\n\t\t\t\t\t\t<div class=\"elementor-element elementor-element-a5974b5 elementor-widget elementor-widget-marity_core_section_title\" data-id=\"a5974b5\" data-element_type=\"widget\" data-widget_type=\"marity_core_section_title.default\">\n\t\t\t\t<div class=\"elementor-widget-container\">\n\t\t\t\t\t<div class=\"qodef-shortcode qodef-m  qodef-section-title qodef-show_supertitle--no qodef-alignment--left \">\n    \t\t<h1 class=\"qodef-m-title\" >\n\t\t\t\t\tPerles des Mers du Sud<br \/> blanches et dor\u00e9es\t\t\t<\/h1>\n\t    <\/div>\n\t\t\t\t<\/div>\n\t\t\t\t<\/div>\n\t\t\t\t<div class=\"elementor-element elementor-element-2ac0949 elementor-widget elementor-widget-text-editor\" data-id=\"2ac0949\" data-element_type=\"widget\" data-widget_type=\"text-editor.default\">\n\t\t\t\t<div class=\"elementor-widget-container\">\n\t\t\t\t\t\t\t\t\t<p class=\"bodytext\">C&rsquo;est avec les hu\u00eetres perli\u00e8res Akoya que Kokichi Mikimoto a lanc\u00e9 la culture de perles marines au Japon en 1916. En raison de leur longue histoire, elles demeurent les perles blanches classiques les plus recherch\u00e9es par les clients. Les perles de culture Akoya proviennent de l&rsquo;hu\u00eetre Pinctada fucata martensii. Elles sont g\u00e9n\u00e9ralement cultiv\u00e9es dans des eaux plus froides que les autres perles de culture marines et se caract\u00e9risent par une fine couche de nacre.   <span lang=\"DE\"> <\/span><\/p><p class=\"bodytext\"><span lang=\"DE\">\u00c0 l&rsquo;heure actuelle, la culture des perles d&rsquo;Akoya est \u00e9galement pratiqu\u00e9e en Chine et au Vietnam. <\/span><\/p>\t\t\t\t\t\t\t\t<\/div>\n\t\t\t\t<\/div>\n\t\t\t\t\t<\/div>\n\t\t<\/div>\n\t\t\t\t<div class=\"elementor-column elementor-col-50 elementor-top-column elementor-element elementor-element-f1b980f\" data-id=\"f1b980f\" data-element_type=\"column\" data-settings=\"{&quot;background_background&quot;:&quot;classic&quot;}\">\n\t\t\t<div class=\"elementor-widget-wrap elementor-element-populated\">\n\t\t\t\t\t<div class=\"elementor-background-overlay\"><\/div>\n\t\t\t\t\t\t<div class=\"elementor-element elementor-element-aace980 elementor-widget elementor-widget-spacer\" data-id=\"aace980\" data-element_type=\"widget\" data-widget_type=\"spacer.default\">\n\t\t\t\t<div class=\"elementor-widget-container\">\n\t\t\t\t\t\t\t<div class=\"elementor-spacer\">\n\t\t\t<div class=\"elementor-spacer-inner\"><\/div>\n\t\t<\/div>\n\t\t\t\t\t\t<\/div>\n\t\t\t\t<\/div>\n\t\t\t\t<div class=\"elementor-element elementor-element-12d9363 elementor-widget elementor-widget-spacer\" data-id=\"12d9363\" data-element_type=\"widget\" data-widget_type=\"spacer.default\">\n\t\t\t\t<div class=\"elementor-widget-container\">\n\t\t\t\t\t\t\t<div class=\"elementor-spacer\">\n\t\t\t<div class=\"elementor-spacer-inner\"><\/div>\n\t\t<\/div>\n\t\t\t\t\t\t<\/div>\n\t\t\t\t<\/div>\n\t\t\t\t\t<\/div>\n\t\t<\/div>\n\t\t\t\t\t<\/div>\n\t\t<\/section>\n\t\t\t\t<section class=\"elementor-section elementor-top-section elementor-element elementor-element-60638e5 elementor-section-full_width elementor-reverse-tablet elementor-reverse-mobile elementor-section-height-default elementor-section-height-default\" data-id=\"60638e5\" data-element_type=\"section\">\n\t\t\t\t\t\t<div class=\"elementor-container elementor-column-gap-no\">\n\t\t\t\t\t<div class=\"elementor-column elementor-col-100 elementor-top-column elementor-element elementor-element-850db55\" data-id=\"850db55\" data-element_type=\"column\">\n\t\t\t<div class=\"elementor-widget-wrap elementor-element-populated\">\n\t\t\t\t\t\t<div class=\"elementor-element elementor-element-501316d elementor-widget-divider--view-line elementor-widget elementor-widget-divider\" data-id=\"501316d\" data-element_type=\"widget\" data-widget_type=\"divider.default\">\n\t\t\t\t<div class=\"elementor-widget-container\">\n\t\t\t\t\t\t\t<div class=\"elementor-divider\">\n\t\t\t<span class=\"elementor-divider-separator\">\n\t\t\t\t\t\t<\/span>\n\t\t<\/div>\n\t\t\t\t\t\t<\/div>\n\t\t\t\t<\/div>\n\t\t\t\t\t<\/div>\n\t\t<\/div>\n\t\t\t\t\t<\/div>\n\t\t<\/section>\n\t\t\t\t<section class=\"elementor-section elementor-top-section elementor-element elementor-element-aa821ce elementor-section-full_width elementor-section-height-default elementor-section-height-default\" data-id=\"aa821ce\" data-element_type=\"section\">\n\t\t\t\t\t\t<div class=\"elementor-container elementor-column-gap-no\">\n\t\t\t\t\t<div class=\"elementor-column elementor-col-50 elementor-top-column elementor-element elementor-element-c8c17e1\" data-id=\"c8c17e1\" data-element_type=\"column\">\n\t\t\t<div class=\"elementor-widget-wrap elementor-element-populated\">\n\t\t\t\t\t\t<div class=\"elementor-element elementor-element-2202e28 elementor-widget elementor-widget-text-editor\" data-id=\"2202e28\" data-element_type=\"widget\" data-widget_type=\"text-editor.default\">\n\t\t\t\t<div class=\"elementor-widget-container\">\n\t\t\t\t\t\t\t\t\t<p>La culture de Pinctada Maxima varie d&rsquo;une r\u00e9gion \u00e0 l&rsquo;autre. Aux Philippines, elle repose sur la production en \u00e9closerie, tandis qu\u2019en Australie, les hu\u00eetres adultes peuvent \u00eatre collect\u00e9es dans la nature dans le cadre d\u2019un syst\u00e8me de quotas strict.<\/p><p>Compar\u00e9es aux perles Akoya, les perles des mers du Sud se distinguent par leur grande taille et par une croissance nacri\u00e8re plus importante. Alors que les perles Akoya d\u00e9passent rarement 10 mm, les perles des mers du Sud peuvent atteindre jusqu\u2019\u00e0 20 mm. La coquille de Pinctada Maxima est plus grande que celle des autres esp\u00e8ces, ce qui permet la production de perles de grande taille et son utilisation comme mat\u00e9riau de nucl\u00e9ation.<\/p>\t\t\t\t\t\t\t\t<\/div>\n\t\t\t\t<\/div>\n\t\t\t\t\t<\/div>\n\t\t<\/div>\n\t\t\t\t<div class=\"elementor-column elementor-col-50 elementor-top-column elementor-element elementor-element-6508578\" data-id=\"6508578\" data-element_type=\"column\">\n\t\t\t<div class=\"elementor-widget-wrap elementor-element-populated\">\n\t\t\t\t\t\t<div class=\"elementor-element elementor-element-220aa7e elementor-widget elementor-widget-text-editor\" data-id=\"220aa7e\" data-element_type=\"widget\" data-widget_type=\"text-editor.default\">\n\t\t\t\t<div class=\"elementor-widget-container\">\n\t\t\t\t\t\t\t\t\t<p>Andy M\u00fcller a estim\u00e9 qu\u2019en 2009, la production de perles de culture blanches et dor\u00e9es des mers du Sud repr\u00e9sentait 172 millions de dollars am\u00e9ricains. L\u2019Indon\u00e9sie est le premier producteur (43 % de la production, 27 % de la valeur), tandis que l\u2019Australie fournit des perles de plus grande valeur (38 % de la production, 61 % de la valeur).<\/p>\t\t\t\t\t\t\t\t<\/div>\n\t\t\t\t<\/div>\n\t\t\t\t\t<\/div>\n\t\t<\/div>\n\t\t\t\t\t<\/div>\n\t\t<\/section>\n\t\t\t\t<section class=\"elementor-section elementor-top-section elementor-element elementor-element-bb73c2a elementor-section-full_width elementor-section-height-default elementor-section-height-default\" data-id=\"bb73c2a\" data-element_type=\"section\" data-settings=\"{&quot;background_background&quot;:&quot;classic&quot;}\">\n\t\t\t\t\t\t\t<div class=\"elementor-background-overlay\"><\/div>\n\t\t\t\t\t\t\t<div class=\"elementor-container elementor-column-gap-no\">\n\t\t\t\t\t<div class=\"elementor-column elementor-col-100 elementor-top-column elementor-element elementor-element-11287db\" data-id=\"11287db\" data-element_type=\"column\">\n\t\t\t<div class=\"elementor-widget-wrap elementor-element-populated\">\n\t\t\t\t\t\t<div class=\"elementor-element elementor-element-1d87856 elementor-widget elementor-widget-marity_core_section_title\" data-id=\"1d87856\" data-element_type=\"widget\" data-widget_type=\"marity_core_section_title.default\">\n\t\t\t\t<div class=\"elementor-widget-container\">\n\t\t\t\t\t<div class=\"qodef-shortcode qodef-m  qodef-section-title qodef-show_supertitle--yes qodef-alignment--left qodef-title-break--disabled\">\n    \t<p class=\"qodef-m-supertitle\" >Dans le monde<\/p>\n    <span class=\"qodef-e-subtitle-line\" ><\/span>\n\t\t<h2 class=\"qodef-m-title\" >\n\t\t\t\t\tR\u00e9gions d\u2019\u00e9levage des perles des<br \/> Mers du Sud blanches et dor\u00e9es\t\t\t<\/h2>\n\t\t<p class=\"qodef-m-text\" >Cliquez sur une r\u00e9gion pour en savoir plus<\/p>\n    <\/div>\n\t\t\t\t<\/div>\n\t\t\t\t<\/div>\n\t\t\t\t<div class=\"elementor-element elementor-element-7faed84 elementor-widget elementor-widget-spacer\" data-id=\"7faed84\" data-element_type=\"widget\" data-widget_type=\"spacer.default\">\n\t\t\t\t<div class=\"elementor-widget-container\">\n\t\t\t\t\t\t\t<div class=\"elementor-spacer\">\n\t\t\t<div class=\"elementor-spacer-inner\"><\/div>\n\t\t<\/div>\n\t\t\t\t\t\t<\/div>\n\t\t\t\t<\/div>\n\t\t\t\t<div class=\"elementor-element elementor-element-90376b9 elementor-widget elementor-widget-marity_core_portfolio_list\" data-id=\"90376b9\" data-element_type=\"widget\" data-widget_type=\"marity_core_portfolio_list.default\">\n\t\t\t\t<div class=\"elementor-widget-container\">\n\t\t\t\t\t<div class=\"qodef-shortcode qodef-m  qodef-portfolio-list qodef-item-behavior--columns qodef-item-layout--info-below qodef-grid qodef-layout--columns  qodef-gutter--normal qodef-col-num--3 qodef-item-layout--info-below qodef-pagination--off qodef-responsive--predefined qodef-hover-animation--overlay\" data-options=\"{&quot;plugin&quot;:&quot;marity_core&quot;,&quot;module&quot;:&quot;post-types\\\/portfolio\\\/shortcodes&quot;,&quot;shortcode&quot;:&quot;portfolio-list&quot;,&quot;post_type&quot;:&quot;portfolio-item&quot;,&quot;next_page&quot;:&quot;2&quot;,&quot;max_pages_num&quot;:1,&quot;behavior&quot;:&quot;columns&quot;,&quot;images_proportion&quot;:&quot;custom&quot;,&quot;custom_image_width&quot;:&quot;350px&quot;,&quot;custom_image_height&quot;:&quot;200px&quot;,&quot;columns&quot;:&quot;3&quot;,&quot;columns_responsive&quot;:&quot;predefined&quot;,&quot;space&quot;:&quot;normal&quot;,&quot;enable_top_info&quot;:&quot;no&quot;,&quot;posts_per_page&quot;:&quot;9&quot;,&quot;orderby&quot;:&quot;date&quot;,&quot;order&quot;:&quot;DESC&quot;,&quot;additional_params&quot;:&quot;tax&quot;,&quot;tax&quot;:&quot;portfolio-category&quot;,&quot;tax_slug&quot;:&quot;white-and-golden-south-sea-pearls&quot;,&quot;layout&quot;:&quot;info-below&quot;,&quot;hover_animation_info-below&quot;:&quot;overlay&quot;,&quot;hover_animation_info-follow&quot;:&quot;follow&quot;,&quot;hover_animation_info-on-hover&quot;:&quot;fade-in&quot;,&quot;hover_animation_info-right&quot;:&quot;overlay&quot;,&quot;title_tag&quot;:&quot;h5&quot;,&quot;custom_margin&quot;:&quot;no&quot;,&quot;pagination_type&quot;:&quot;no-pagination&quot;,&quot;object_class_name&quot;:&quot;MarityCore_Portfolio_List_Shortcode&quot;,&quot;taxonomy_filter&quot;:&quot;portfolio-category&quot;,&quot;additional_query_args&quot;:{&quot;tax_query&quot;:[{&quot;taxonomy&quot;:&quot;portfolio-category&quot;,&quot;field&quot;:&quot;slug&quot;,&quot;terms&quot;:&quot;white-and-golden-south-sea-pearls&quot;}]},&quot;space_value&quot;:15}\">\n\t\t<div class=\"qodef-grid-inner\">\n\t\t<article class=\"qodef-e qodef-grid-item qodef-item--custom post-13935 portfolio-item type-portfolio-item status-publish has-post-thumbnail hentry portfolio-category-perles-de-culture-blanches-et-dorees-des-mers-du-sud\">\n\t<div class=\"qodef-e-inner\" >\n\t\t<div class=\"qodef-e-media\">\n\t\t\t\t<div class=\"qodef-e-media-image\">\n\t\t<a itemprop=\"url\" href=\"https:\/\/www.sustainablepearls.org\/fr\/pearl-farming\/pearl-farming-world-map\/australie\/\" target=\"_self\">\n\t\t\t<img fetchpriority=\"high\" decoding=\"async\" src=\"https:\/\/www.sustainablepearls.org\/wp-content\/uploads\/2023\/10\/Australia-pearl-farms-jpeg-350x200.webp\" alt=\"\" width=\"350\" height=\"200\" data-ratio=\"1.75\" \/>\t\t<\/a>\n\t<\/div>\n\t\t<\/div>\n\t\t<div class=\"qodef-e-content\" >\n\t\t\t<div class=\"qodef-e-text\">\n\t\t\t\t<h5 itemprop=\"name\" class=\"qodef-e-title entry-title\" >\n\t<a itemprop=\"url\" class=\"qodef-e-title-link\" href=\"https:\/\/www.sustainablepearls.org\/fr\/pearl-farming\/pearl-farming-world-map\/australie\/\" target=\"_self\">\n\t\tAustralie\t<\/a>\n<\/h5>\n\t\t\t<\/div>\n            <div class=\"qodef-e-bottom-holder\">\n                <div class=\"qodef-e-info\">\n                    \t<a href=\"https:\/\/www.sustainablepearls.org\/fr\/portfolio-category\/perles-de-culture-blanches-et-dorees-des-mers-du-sud\/\" rel=\"tag\">Perles de culture blanches et dor\u00e9es des mers du Sud<\/a>\t<div class=\"qodef-info-separator-end\"><\/div>\n                <\/div>\n            <\/div>\n\t\t<\/div>\n\t<\/div>\n<\/article>\n<article class=\"qodef-e qodef-grid-item qodef-item--custom post-13943 portfolio-item type-portfolio-item status-publish has-post-thumbnail hentry portfolio-category-perles-de-culture-blanches-et-dorees-des-mers-du-sud\">\n\t<div class=\"qodef-e-inner\" >\n\t\t<div class=\"qodef-e-media\">\n\t\t\t\t<div class=\"qodef-e-media-image\">\n\t\t<a itemprop=\"url\" href=\"https:\/\/www.sustainablepearls.org\/fr\/pearl-farming\/pearl-farming-world-map\/indonesie\/\" target=\"_self\">\n\t\t\t<img decoding=\"async\" src=\"https:\/\/www.sustainablepearls.org\/wp-content\/uploads\/2023\/10\/Indonesia-pearl-farm-jpeg-350x200.webp\" alt=\"\" width=\"350\" height=\"200\" data-ratio=\"1.75\" \/>\t\t<\/a>\n\t<\/div>\n\t\t<\/div>\n\t\t<div class=\"qodef-e-content\" >\n\t\t\t<div class=\"qodef-e-text\">\n\t\t\t\t<h5 itemprop=\"name\" class=\"qodef-e-title entry-title\" >\n\t<a itemprop=\"url\" class=\"qodef-e-title-link\" href=\"https:\/\/www.sustainablepearls.org\/fr\/pearl-farming\/pearl-farming-world-map\/indonesie\/\" target=\"_self\">\n\t\tIndon\u00e9sie\t<\/a>\n<\/h5>\n\t\t\t<\/div>\n            <div class=\"qodef-e-bottom-holder\">\n                <div class=\"qodef-e-info\">\n                    \t<a href=\"https:\/\/www.sustainablepearls.org\/fr\/portfolio-category\/perles-de-culture-blanches-et-dorees-des-mers-du-sud\/\" rel=\"tag\">Perles de culture blanches et dor\u00e9es des mers du Sud<\/a>\t<div class=\"qodef-info-separator-end\"><\/div>\n                <\/div>\n            <\/div>\n\t\t<\/div>\n\t<\/div>\n<\/article>\n<article class=\"qodef-e qodef-grid-item qodef-item--custom post-13956 portfolio-item type-portfolio-item status-publish has-post-thumbnail hentry portfolio-category-perles-de-culture-blanches-et-dorees-des-mers-du-sud\">\n\t<div class=\"qodef-e-inner\" >\n\t\t<div class=\"qodef-e-media\">\n\t\t\t\t<div class=\"qodef-e-media-image\">\n\t\t<a itemprop=\"url\" href=\"https:\/\/www.sustainablepearls.org\/fr\/pearl-farming\/pearl-farming-world-map\/philippines\/\" target=\"_self\">\n\t\t\t<img decoding=\"async\" src=\"https:\/\/www.sustainablepearls.org\/wp-content\/uploads\/2023\/10\/Philippines-jpeg-350x200.webp\" alt=\"\" width=\"350\" height=\"200\" data-ratio=\"1.75\" \/>\t\t<\/a>\n\t<\/div>\n\t\t<\/div>\n\t\t<div class=\"qodef-e-content\" >\n\t\t\t<div class=\"qodef-e-text\">\n\t\t\t\t<h5 itemprop=\"name\" class=\"qodef-e-title entry-title\" >\n\t<a itemprop=\"url\" class=\"qodef-e-title-link\" href=\"https:\/\/www.sustainablepearls.org\/fr\/pearl-farming\/pearl-farming-world-map\/philippines\/\" target=\"_self\">\n\t\tLes Philippines\t<\/a>\n<\/h5>\n\t\t\t<\/div>\n            <div class=\"qodef-e-bottom-holder\">\n                <div class=\"qodef-e-info\">\n                    \t<a href=\"https:\/\/www.sustainablepearls.org\/fr\/portfolio-category\/perles-de-culture-blanches-et-dorees-des-mers-du-sud\/\" rel=\"tag\">Perles de culture blanches et dor\u00e9es des mers du Sud<\/a>\t<div class=\"qodef-info-separator-end\"><\/div>\n                <\/div>\n            <\/div>\n\t\t<\/div>\n\t<\/div>\n<\/article>\n<article class=\"qodef-e qodef-grid-item qodef-item--custom post-13963 portfolio-item type-portfolio-item status-publish has-post-thumbnail hentry portfolio-category-perles-de-culture-blanches-et-dorees-des-mers-du-sud\">\n\t<div class=\"qodef-e-inner\" >\n\t\t<div class=\"qodef-e-media\">\n\t\t\t\t<div class=\"qodef-e-media-image\">\n\t\t<a itemprop=\"url\" href=\"https:\/\/www.sustainablepearls.org\/fr\/pearl-farming\/pearl-farming-world-map\/myanmar-birmanie\/\" target=\"_self\">\n\t\t\t<img loading=\"lazy\" decoding=\"async\" src=\"https:\/\/www.sustainablepearls.org\/wp-content\/uploads\/2023\/10\/burma_1-jpeg-350x200.webp\" alt=\"\" width=\"350\" height=\"200\" data-ratio=\"1.75\" \/>\t\t<\/a>\n\t<\/div>\n\t\t<\/div>\n\t\t<div class=\"qodef-e-content\" >\n\t\t\t<div class=\"qodef-e-text\">\n\t\t\t\t<h5 itemprop=\"name\" class=\"qodef-e-title entry-title\" >\n\t<a itemprop=\"url\" class=\"qodef-e-title-link\" href=\"https:\/\/www.sustainablepearls.org\/fr\/pearl-farming\/pearl-farming-world-map\/myanmar-birmanie\/\" target=\"_self\">\n\t\tMyanmar (Birmanie)\t<\/a>\n<\/h5>\n\t\t\t<\/div>\n            <div class=\"qodef-e-bottom-holder\">\n                <div class=\"qodef-e-info\">\n                    \t<a href=\"https:\/\/www.sustainablepearls.org\/fr\/portfolio-category\/perles-de-culture-blanches-et-dorees-des-mers-du-sud\/\" rel=\"tag\">Perles de culture blanches et dor\u00e9es des mers du Sud<\/a>\t<div class=\"qodef-info-separator-end\"><\/div>\n                <\/div>\n            <\/div>\n\t\t<\/div>\n\t<\/div>\n<\/article>\n\t<\/div>\n\t<\/div>\n\t\t\t\t<\/div>\n\t\t\t\t<\/div>\n\t\t\t\t\t<\/div>\n\t\t<\/div>\n\t\t\t\t\t<\/div>\n\t\t<\/section>\n\t\t\t\t<section class=\"elementor-section elementor-top-section elementor-element elementor-element-54c447d elementor-section-full_width elementor-section-height-default elementor-section-height-default\" data-id=\"54c447d\" data-element_type=\"section\" data-settings=\"{&quot;background_background&quot;:&quot;classic&quot;}\">\n\t\t\t\t\t\t\t<div class=\"elementor-background-overlay\"><\/div>\n\t\t\t\t\t\t\t<div class=\"elementor-container elementor-column-gap-no\">\n\t\t\t\t\t<div class=\"elementor-column elementor-col-100 elementor-top-column elementor-element elementor-element-8d2cf98\" data-id=\"8d2cf98\" data-element_type=\"column\">\n\t\t\t<div class=\"elementor-widget-wrap elementor-element-populated\">\n\t\t\t\t\t\t<div class=\"elementor-element elementor-element-66da269 elementor-widget elementor-widget-marity_core_section_title\" data-id=\"66da269\" data-element_type=\"widget\" data-widget_type=\"marity_core_section_title.default\">\n\t\t\t\t<div class=\"elementor-widget-container\">\n\t\t\t\t\t<div class=\"qodef-shortcode qodef-m  qodef-section-title qodef-show_supertitle--yes qodef-alignment--left \">\n    \t<p class=\"qodef-m-supertitle\" >Autres types de perles<\/p>\n    <span class=\"qodef-e-subtitle-line\" ><\/span>\n\t\t<h2 class=\"qodef-m-title\" >\n\t\t\t\t\tPerles de culture marines et d\u2019eau douce\t\t\t<\/h2>\n\t\t<p class=\"qodef-m-text\" >Cliquez sur le type de perle pour en savoir plus<\/p>\n    <\/div>\n\t\t\t\t<\/div>\n\t\t\t\t<\/div>\n\t\t\t\t<div class=\"elementor-element elementor-element-a04ccd1 elementor-widget elementor-widget-spacer\" data-id=\"a04ccd1\" data-element_type=\"widget\" data-widget_type=\"spacer.default\">\n\t\t\t\t<div class=\"elementor-widget-container\">\n\t\t\t\t\t\t\t<div class=\"elementor-spacer\">\n\t\t\t<div class=\"elementor-spacer-inner\"><\/div>\n\t\t<\/div>\n\t\t\t\t\t\t<\/div>\n\t\t\t\t<\/div>\n\t\t\t\t\t<\/div>\n\t\t<\/div>\n\t\t\t\t\t<\/div>\n\t\t<\/section>\n\t\t\t\t<section class=\"elementor-section elementor-top-section elementor-element elementor-element-97c9caa elementor-section-full_width elementor-section-height-default elementor-section-height-default\" data-id=\"97c9caa\" data-element_type=\"section\" data-settings=\"{&quot;background_background&quot;:&quot;classic&quot;}\">\n\t\t\t\t\t\t\t<div class=\"elementor-background-overlay\"><\/div>\n\t\t\t\t\t\t\t<div class=\"elementor-container elementor-column-gap-default\">\n\t\t\t\t\t<div class=\"elementor-column elementor-col-50 elementor-top-column elementor-element elementor-element-8d9e249\" data-id=\"8d9e249\" data-element_type=\"column\">\n\t\t\t<div class=\"elementor-widget-wrap elementor-element-populated\">\n\t\t\t\t<a class=\"elementor-element elementor-element-fc25a48 e-flex e-con-boxed e-con e-parent\" data-id=\"fc25a48\" data-element_type=\"container\" data-settings=\"{&quot;background_background&quot;:&quot;classic&quot;}\" href=\"https:\/\/www.sustainablepearls.org\/fr\/?page_id=13466\">\n\t\t\t\t\t<div class=\"e-con-inner\">\n\t\t\t\t<div class=\"elementor-element elementor-element-319b9b6 elementor-widget elementor-widget-text-editor\" data-id=\"319b9b6\" data-element_type=\"widget\" data-widget_type=\"text-editor.default\">\n\t\t\t\t<div class=\"elementor-widget-container\">\n\t\t\t\t\t\t\t\t\t<h4>Perles de culture Akoya<\/h4>\t\t\t\t\t\t\t\t<\/div>\n\t\t\t\t<\/div>\n\t\t\t\t\t<\/div>\n\t\t\t\t<\/a>\n\t\t\t\t\t<\/div>\n\t\t<\/div>\n\t\t\t\t<div class=\"elementor-column elementor-col-50 elementor-top-column elementor-element elementor-element-907f5b0\" data-id=\"907f5b0\" data-element_type=\"column\">\n\t\t\t<div class=\"elementor-widget-wrap elementor-element-populated\">\n\t\t\t\t<a class=\"elementor-element elementor-element-ceb7c74 e-flex e-con-boxed e-con e-parent\" data-id=\"ceb7c74\" data-element_type=\"container\" data-settings=\"{&quot;background_background&quot;:&quot;classic&quot;}\" href=\"https:\/\/www.sustainablepearls.org\/fr\/?page_id=13473\">\n\t\t\t\t\t<div class=\"e-con-inner\">\n\t\t\t\t<div class=\"elementor-element elementor-element-1284f30 elementor-widget elementor-widget-text-editor\" data-id=\"1284f30\" data-element_type=\"widget\" data-widget_type=\"text-editor.default\">\n\t\t\t\t<div class=\"elementor-widget-container\">\n\t\t\t\t\t\t\t\t\t<h4>Perles de culture noires<\/h4>\t\t\t\t\t\t\t\t<\/div>\n\t\t\t\t<\/div>\n\t\t\t\t\t<\/div>\n\t\t\t\t<\/a>\n\t\t\t\t\t<\/div>\n\t\t<\/div>\n\t\t\t\t\t<\/div>\n\t\t<\/section>\n\t\t\t\t<section class=\"elementor-section elementor-top-section elementor-element elementor-element-8c4a6ea elementor-section-full_width elementor-section-height-default elementor-section-height-default\" data-id=\"8c4a6ea\" data-element_type=\"section\" data-settings=\"{&quot;background_background&quot;:&quot;classic&quot;}\">\n\t\t\t\t\t\t\t<div class=\"elementor-background-overlay\"><\/div>\n\t\t\t\t\t\t\t<div class=\"elementor-container elementor-column-gap-default\">\n\t\t\t\t\t<div class=\"elementor-column elementor-col-50 elementor-top-column elementor-element elementor-element-a4a0fd2\" data-id=\"a4a0fd2\" data-element_type=\"column\">\n\t\t\t<div class=\"elementor-widget-wrap elementor-element-populated\">\n\t\t\t\t<a class=\"elementor-element elementor-element-f230475 e-flex e-con-boxed e-con e-parent\" data-id=\"f230475\" data-element_type=\"container\" data-settings=\"{&quot;background_background&quot;:&quot;classic&quot;}\" href=\"https:\/\/www.sustainablepearls.org\/fr\/?page_id=13447\">\n\t\t\t\t\t<div class=\"e-con-inner\">\n\t\t\t\t<div class=\"elementor-element elementor-element-90937e5 elementor-widget elementor-widget-text-editor\" data-id=\"90937e5\" data-element_type=\"widget\" data-widget_type=\"text-editor.default\">\n\t\t\t\t<div class=\"elementor-widget-container\">\n\t\t\t\t\t\t\t\t\t<h4>Perles de culture d&rsquo;eau douce<\/h4>\t\t\t\t\t\t\t\t<\/div>\n\t\t\t\t<\/div>\n\t\t\t\t\t<\/div>\n\t\t\t\t<\/a>\n\t\t\t\t\t<\/div>\n\t\t<\/div>\n\t\t\t\t<div class=\"elementor-column elementor-col-50 elementor-top-column elementor-element elementor-element-24a6062\" data-id=\"24a6062\" data-element_type=\"column\">\n\t\t\t<div class=\"elementor-widget-wrap\">\n\t\t\t\t\t\t\t<\/div>\n\t\t<\/div>\n\t\t\t\t\t<\/div>\n\t\t<\/section>\n\t\t\t\t<\/div>\n\t\t","protected":false},"excerpt":{"rendered":"<p>Perles des Mers du Sud blanches et dor\u00e9es C&rsquo;est avec les hu\u00eetres perli\u00e8res Akoya que Kokichi Mikimoto a lanc\u00e9 la culture de perles marines au Japon en 1916. En raison de leur longue histoire, elles demeurent les perles blanches classiques les plus recherch\u00e9es par les clients. Les perles de culture Akoya proviennent de l&rsquo;hu\u00eetre Pinctada [&hellip;]<\/p>\n","protected":false},"author":1,"featured_media":0,"parent":13480,"menu_order":0,"comment_status":"closed","ping_status":"closed","template":"page-full-width.php","meta":{"_acf_changed":false,"_monsterinsights_skip_tracking":false,"_monsterinsights_sitenote_active":false,"_monsterinsights_sitenote_note":"","_monsterinsights_sitenote_category":0,"footnotes":""},"class_list":["post-13467","page","type-page","status-publish","hentry"],"acf":[],"aioseo_notices":[],"_links":{"self":[{"href":"https:\/\/www.sustainablepearls.org\/fr\/wp-json\/wp\/v2\/pages\/13467","targetHints":{"allow":["GET"]}}],"collection":[{"href":"https:\/\/www.sustainablepearls.org\/fr\/wp-json\/wp\/v2\/pages"}],"about":[{"href":"https:\/\/www.sustainablepearls.org\/fr\/wp-json\/wp\/v2\/types\/page"}],"author":[{"embeddable":true,"href":"https:\/\/www.sustainablepearls.org\/fr\/wp-json\/wp\/v2\/users\/1"}],"replies":[{"embeddable":true,"href":"https:\/\/www.sustainablepearls.org\/fr\/wp-json\/wp\/v2\/comments?post=13467"}],"version-history":[{"count":7,"href":"https:\/\/www.sustainablepearls.org\/fr\/wp-json\/wp\/v2\/pages\/13467\/revisions"}],"predecessor-version":[{"id":13702,"href":"https:\/\/www.sustainablepearls.org\/fr\/wp-json\/wp\/v2\/pages\/13467\/revisions\/13702"}],"up":[{"embeddable":true,"href":"https:\/\/www.sustainablepearls.org\/fr\/wp-json\/wp\/v2\/pages\/13480"}],"wp:attachment":[{"href":"https:\/\/www.sustainablepearls.org\/fr\/wp-json\/wp\/v2\/media?parent=13467"}],"curies":[{"name":"wp","href":"https:\/\/api.w.org\/{rel}","templated":true}]}}