{"id":13466,"date":"2023-10-03T10:28:50","date_gmt":"2023-10-03T08:28:50","guid":{"rendered":"https:\/\/www.sustainablepearls.org\/perles-de-culture-akoya\/"},"modified":"2025-10-29T13:13:39","modified_gmt":"2025-10-29T12:13:39","slug":"perles-de-culture-akoya","status":"publish","type":"page","link":"https:\/\/www.sustainablepearls.org\/fr\/type-de-perles-de-culture\/perles-de-culture-akoya\/","title":{"rendered":"Perles de culture Akoya"},"content":{"rendered":"\t\t<div data-elementor-type=\"wp-page\" data-elementor-id=\"13466\" class=\"elementor elementor-13466 elementor-10271\">\n\t\t\t\t\t\t<section class=\"elementor-section elementor-top-section elementor-element elementor-element-c981317 elementor-section-full_width elementor-section-height-default elementor-section-height-default\" data-id=\"c981317\" data-element_type=\"section\">\n\t\t\t\t\t\t<div class=\"elementor-container elementor-column-gap-no\">\n\t\t\t\t\t<div class=\"elementor-column elementor-col-50 elementor-top-column elementor-element elementor-element-c51d97e\" data-id=\"c51d97e\" data-element_type=\"column\">\n\t\t\t<div class=\"elementor-widget-wrap elementor-element-populated\">\n\t\t\t\t\t\t<div class=\"elementor-element elementor-element-a5974b5 elementor-widget elementor-widget-marity_core_section_title\" data-id=\"a5974b5\" data-element_type=\"widget\" data-widget_type=\"marity_core_section_title.default\">\n\t\t\t\t<div class=\"elementor-widget-container\">\n\t\t\t\t\t<div class=\"qodef-shortcode qodef-m  qodef-section-title qodef-show_supertitle--no qodef-alignment--left \">\n    \t\t<h1 class=\"qodef-m-title\" >\n\t\t\t\t\tPerles de culture Akoya\t\t\t<\/h1>\n\t    <\/div>\n\t\t\t\t<\/div>\n\t\t\t\t<\/div>\n\t\t\t\t<div class=\"elementor-element elementor-element-2ac0949 elementor-widget elementor-widget-text-editor\" data-id=\"2ac0949\" data-element_type=\"widget\" data-widget_type=\"text-editor.default\">\n\t\t\t\t<div class=\"elementor-widget-container\">\n\t\t\t\t\t\t\t\t\t<p class=\"bodytext\">C&rsquo;est avec les hu\u00eetres perli\u00e8res Akoya que Kokichi Mikimoto a lanc\u00e9 la culture de perles marines au Japon en 1916. En raison de leur longue histoire, elles demeurent les perles blanches classiques les plus recherch\u00e9es par les clients. Les perles de culture Akoya proviennent de l&rsquo;hu\u00eetre Pinctada fucata martensii. Elles sont g\u00e9n\u00e9ralement cultiv\u00e9es dans des eaux plus froides que les autres perles de culture marines et se caract\u00e9risent par une fine couche de nacre.   <span lang=\"DE\"> <\/span><\/p><p class=\"bodytext\"><span lang=\"DE\">Aujourd&rsquo;hui, la culture des perles d&rsquo;Akoya est \u00e9galement pratiqu\u00e9e en Chine et au Vietnam. <\/span><\/p>\t\t\t\t\t\t\t\t<\/div>\n\t\t\t\t<\/div>\n\t\t\t\t\t<\/div>\n\t\t<\/div>\n\t\t\t\t<div class=\"elementor-column elementor-col-50 elementor-top-column elementor-element elementor-element-f1b980f\" data-id=\"f1b980f\" data-element_type=\"column\" data-settings=\"{&quot;background_background&quot;:&quot;classic&quot;}\">\n\t\t\t<div class=\"elementor-widget-wrap elementor-element-populated\">\n\t\t\t\t\t<div class=\"elementor-background-overlay\"><\/div>\n\t\t\t\t\t\t<div class=\"elementor-element elementor-element-aace980 elementor-widget elementor-widget-spacer\" data-id=\"aace980\" data-element_type=\"widget\" data-widget_type=\"spacer.default\">\n\t\t\t\t<div class=\"elementor-widget-container\">\n\t\t\t\t\t\t\t<div class=\"elementor-spacer\">\n\t\t\t<div class=\"elementor-spacer-inner\"><\/div>\n\t\t<\/div>\n\t\t\t\t\t\t<\/div>\n\t\t\t\t<\/div>\n\t\t\t\t<div class=\"elementor-element elementor-element-12d9363 elementor-widget elementor-widget-spacer\" data-id=\"12d9363\" data-element_type=\"widget\" data-widget_type=\"spacer.default\">\n\t\t\t\t<div class=\"elementor-widget-container\">\n\t\t\t\t\t\t\t<div class=\"elementor-spacer\">\n\t\t\t<div class=\"elementor-spacer-inner\"><\/div>\n\t\t<\/div>\n\t\t\t\t\t\t<\/div>\n\t\t\t\t<\/div>\n\t\t\t\t\t<\/div>\n\t\t<\/div>\n\t\t\t\t\t<\/div>\n\t\t<\/section>\n\t\t\t\t<section class=\"elementor-section elementor-top-section elementor-element elementor-element-bb73c2a elementor-section-full_width elementor-section-height-default elementor-section-height-default\" data-id=\"bb73c2a\" data-element_type=\"section\" data-settings=\"{&quot;background_background&quot;:&quot;classic&quot;}\">\n\t\t\t\t\t\t\t<div class=\"elementor-background-overlay\"><\/div>\n\t\t\t\t\t\t\t<div class=\"elementor-container elementor-column-gap-no\">\n\t\t\t\t\t<div class=\"elementor-column elementor-col-100 elementor-top-column elementor-element elementor-element-11287db\" data-id=\"11287db\" data-element_type=\"column\">\n\t\t\t<div class=\"elementor-widget-wrap elementor-element-populated\">\n\t\t\t\t\t\t<div class=\"elementor-element elementor-element-1d87856 elementor-widget elementor-widget-marity_core_section_title\" data-id=\"1d87856\" data-element_type=\"widget\" data-widget_type=\"marity_core_section_title.default\">\n\t\t\t\t<div class=\"elementor-widget-container\">\n\t\t\t\t\t<div class=\"qodef-shortcode qodef-m  qodef-section-title qodef-show_supertitle--yes qodef-alignment--left \">\n    \t<p class=\"qodef-m-supertitle\" >Carte du monde<\/p>\n    <span class=\"qodef-e-subtitle-line\" ><\/span>\n\t\t<h2 class=\"qodef-m-title\" >\n\t\t\t\t\tR\u00e9gions d\u2019\u00e9levage de perles Akoya\t\t\t<\/h2>\n\t\t<p class=\"qodef-m-text\" >Cliquez sur une r\u00e9gion pour en savoir plus<\/p>\n    <\/div>\n\t\t\t\t<\/div>\n\t\t\t\t<\/div>\n\t\t\t\t<div class=\"elementor-element elementor-element-7faed84 elementor-widget elementor-widget-spacer\" data-id=\"7faed84\" data-element_type=\"widget\" data-widget_type=\"spacer.default\">\n\t\t\t\t<div class=\"elementor-widget-container\">\n\t\t\t\t\t\t\t<div class=\"elementor-spacer\">\n\t\t\t<div class=\"elementor-spacer-inner\"><\/div>\n\t\t<\/div>\n\t\t\t\t\t\t<\/div>\n\t\t\t\t<\/div>\n\t\t\t\t<div class=\"elementor-element elementor-element-90376b9 elementor-widget elementor-widget-marity_core_portfolio_list\" data-id=\"90376b9\" data-element_type=\"widget\" data-widget_type=\"marity_core_portfolio_list.default\">\n\t\t\t\t<div class=\"elementor-widget-container\">\n\t\t\t\t\t<div class=\"qodef-shortcode qodef-m  qodef-portfolio-list qodef-item-behavior--columns qodef-item-layout--info-below qodef-grid qodef-layout--columns  qodef-gutter--normal qodef-col-num--3 qodef-item-layout--info-below qodef-pagination--off qodef-responsive--predefined qodef-hover-animation--overlay\" data-options=\"{&quot;plugin&quot;:&quot;marity_core&quot;,&quot;module&quot;:&quot;post-types\\\/portfolio\\\/shortcodes&quot;,&quot;shortcode&quot;:&quot;portfolio-list&quot;,&quot;post_type&quot;:&quot;portfolio-item&quot;,&quot;next_page&quot;:&quot;2&quot;,&quot;max_pages_num&quot;:1,&quot;behavior&quot;:&quot;columns&quot;,&quot;images_proportion&quot;:&quot;full&quot;,&quot;columns&quot;:&quot;3&quot;,&quot;columns_responsive&quot;:&quot;predefined&quot;,&quot;space&quot;:&quot;normal&quot;,&quot;enable_top_info&quot;:&quot;no&quot;,&quot;posts_per_page&quot;:&quot;9&quot;,&quot;orderby&quot;:&quot;date&quot;,&quot;order&quot;:&quot;DESC&quot;,&quot;additional_params&quot;:&quot;tax&quot;,&quot;tax&quot;:&quot;portfolio-category&quot;,&quot;tax_slug&quot;:&quot;akoya-pearls&quot;,&quot;layout&quot;:&quot;info-below&quot;,&quot;hover_animation_info-below&quot;:&quot;overlay&quot;,&quot;hover_animation_info-follow&quot;:&quot;follow&quot;,&quot;hover_animation_info-on-hover&quot;:&quot;fade-in&quot;,&quot;hover_animation_info-right&quot;:&quot;overlay&quot;,&quot;title_tag&quot;:&quot;h5&quot;,&quot;custom_margin&quot;:&quot;no&quot;,&quot;pagination_type&quot;:&quot;no-pagination&quot;,&quot;object_class_name&quot;:&quot;MarityCore_Portfolio_List_Shortcode&quot;,&quot;taxonomy_filter&quot;:&quot;portfolio-category&quot;,&quot;additional_query_args&quot;:{&quot;tax_query&quot;:[{&quot;taxonomy&quot;:&quot;portfolio-category&quot;,&quot;field&quot;:&quot;slug&quot;,&quot;terms&quot;:&quot;akoya-pearls&quot;}]},&quot;space_value&quot;:15}\">\n\t\t<div class=\"qodef-grid-inner\">\n\t\t<article class=\"qodef-e qodef-grid-item qodef-item--full post-13905 portfolio-item type-portfolio-item status-publish has-post-thumbnail hentry portfolio-category-perles-de-culture-akoya portfolio-category-perles-de-culture-deau-douce\">\n\t<div class=\"qodef-e-inner\" >\n\t\t<div class=\"qodef-e-media\">\n\t\t\t\t<div class=\"qodef-e-media-image\">\n\t\t<a itemprop=\"url\" href=\"https:\/\/www.sustainablepearls.org\/fr\/pearl-farming\/pearl-farming-world-map\/chine\/\" target=\"_self\">\n\t\t\t<img fetchpriority=\"high\" decoding=\"async\" width=\"295\" height=\"222\" src=\"https:\/\/www.sustainablepearls.org\/wp-content\/uploads\/2023\/10\/china-pearl-farm-jpeg.webp\" class=\"attachment-full size-full wp-post-image\" alt=\"\" \/>\t\t<\/a>\n\t<\/div>\n\t\t<\/div>\n\t\t<div class=\"qodef-e-content\" >\n\t\t\t<div class=\"qodef-e-text\">\n\t\t\t\t<h5 itemprop=\"name\" class=\"qodef-e-title entry-title\" >\n\t<a itemprop=\"url\" class=\"qodef-e-title-link\" href=\"https:\/\/www.sustainablepearls.org\/fr\/pearl-farming\/pearl-farming-world-map\/chine\/\" target=\"_self\">\n\t\tChine\t<\/a>\n<\/h5>\n\t\t\t<\/div>\n            <div class=\"qodef-e-bottom-holder\">\n                <div class=\"qodef-e-info\">\n                    \t<a href=\"https:\/\/www.sustainablepearls.org\/fr\/portfolio-category\/perles-de-culture-akoya\/\" rel=\"tag\">Perles de culture Akoya<\/a><span class=\"qodef-info-separator-single\"><\/span><a href=\"https:\/\/www.sustainablepearls.org\/fr\/portfolio-category\/perles-de-culture-deau-douce\/\" rel=\"tag\">Perles de culture d\u2019eau douce<\/a>\t<div class=\"qodef-info-separator-end\"><\/div>\n                <\/div>\n            <\/div>\n\t\t<\/div>\n\t<\/div>\n<\/article>\n<article class=\"qodef-e qodef-grid-item qodef-item--full post-13918 portfolio-item type-portfolio-item status-publish has-post-thumbnail hentry portfolio-category-perles-de-culture-akoya portfolio-category-perles-de-culture-deau-douce\">\n\t<div class=\"qodef-e-inner\" >\n\t\t<div class=\"qodef-e-media\">\n\t\t\t\t<div class=\"qodef-e-media-image\">\n\t\t<a itemprop=\"url\" href=\"https:\/\/www.sustainablepearls.org\/fr\/pearl-farming\/pearl-farming-world-map\/japon\/\" target=\"_self\">\n\t\t\t<img decoding=\"async\" width=\"625\" height=\"469\" src=\"https:\/\/www.sustainablepearls.org\/wp-content\/uploads\/2023\/10\/japan-pearl-farm-jpeg.webp\" class=\"attachment-full size-full wp-post-image\" alt=\"\" srcset=\"https:\/\/www.sustainablepearls.org\/wp-content\/uploads\/2023\/10\/japan-pearl-farm-jpeg.webp 625w, https:\/\/www.sustainablepearls.org\/wp-content\/uploads\/2023\/10\/japan-pearl-farm-300x225.webp 300w\" sizes=\"(max-width: 625px) 100vw, 625px\" \/>\t\t<\/a>\n\t<\/div>\n\t\t<\/div>\n\t\t<div class=\"qodef-e-content\" >\n\t\t\t<div class=\"qodef-e-text\">\n\t\t\t\t<h5 itemprop=\"name\" class=\"qodef-e-title entry-title\" >\n\t<a itemprop=\"url\" class=\"qodef-e-title-link\" href=\"https:\/\/www.sustainablepearls.org\/fr\/pearl-farming\/pearl-farming-world-map\/japon\/\" target=\"_self\">\n\t\tJapon\t<\/a>\n<\/h5>\n\t\t\t<\/div>\n            <div class=\"qodef-e-bottom-holder\">\n                <div class=\"qodef-e-info\">\n                    \t<a href=\"https:\/\/www.sustainablepearls.org\/fr\/portfolio-category\/perles-de-culture-akoya\/\" rel=\"tag\">Perles de culture Akoya<\/a><span class=\"qodef-info-separator-single\"><\/span><a href=\"https:\/\/www.sustainablepearls.org\/fr\/portfolio-category\/perles-de-culture-deau-douce\/\" rel=\"tag\">Perles de culture d\u2019eau douce<\/a>\t<div class=\"qodef-info-separator-end\"><\/div>\n                <\/div>\n            <\/div>\n\t\t<\/div>\n\t<\/div>\n<\/article>\n<article class=\"qodef-e qodef-grid-item qodef-item--full post-13926 portfolio-item type-portfolio-item status-publish has-post-thumbnail hentry portfolio-category-perles-de-culture-akoya\">\n\t<div class=\"qodef-e-inner\" >\n\t\t<div class=\"qodef-e-media\">\n\t\t\t\t<div class=\"qodef-e-media-image\">\n\t\t<a itemprop=\"url\" href=\"https:\/\/www.sustainablepearls.org\/fr\/pearl-farming\/pearl-farming-world-map\/vietnam\/\" target=\"_self\">\n\t\t\t<img decoding=\"async\" width=\"625\" height=\"417\" src=\"https:\/\/www.sustainablepearls.org\/wp-content\/uploads\/2023\/10\/vietnam-pearl-farm-jpeg.webp\" class=\"attachment-full size-full wp-post-image\" alt=\"\" srcset=\"https:\/\/www.sustainablepearls.org\/wp-content\/uploads\/2023\/10\/vietnam-pearl-farm-jpeg.webp 625w, https:\/\/www.sustainablepearls.org\/wp-content\/uploads\/2023\/10\/vietnam-pearl-farm-300x200.webp 300w\" sizes=\"(max-width: 625px) 100vw, 625px\" \/>\t\t<\/a>\n\t<\/div>\n\t\t<\/div>\n\t\t<div class=\"qodef-e-content\" >\n\t\t\t<div class=\"qodef-e-text\">\n\t\t\t\t<h5 itemprop=\"name\" class=\"qodef-e-title entry-title\" >\n\t<a itemprop=\"url\" class=\"qodef-e-title-link\" href=\"https:\/\/www.sustainablepearls.org\/fr\/pearl-farming\/pearl-farming-world-map\/vietnam\/\" target=\"_self\">\n\t\tVietnam\t<\/a>\n<\/h5>\n\t\t\t<\/div>\n            <div class=\"qodef-e-bottom-holder\">\n                <div class=\"qodef-e-info\">\n                    \t<a href=\"https:\/\/www.sustainablepearls.org\/fr\/portfolio-category\/perles-de-culture-akoya\/\" rel=\"tag\">Perles de culture Akoya<\/a>\t<div class=\"qodef-info-separator-end\"><\/div>\n                <\/div>\n            <\/div>\n\t\t<\/div>\n\t<\/div>\n<\/article>\n<article class=\"qodef-e qodef-grid-item qodef-item--full post-13973 portfolio-item type-portfolio-item status-publish has-post-thumbnail hentry portfolio-category-perles-de-culture-akoya\">\n\t<div class=\"qodef-e-inner\" >\n\t\t<div class=\"qodef-e-media\">\n\t\t\t\t<div class=\"qodef-e-media-image\">\n\t\t<a itemprop=\"url\" href=\"https:\/\/www.sustainablepearls.org\/fr\/pearl-farming\/pearl-farming-world-map\/eau\/\" target=\"_self\">\n\t\t\t<img loading=\"lazy\" decoding=\"async\" width=\"649\" height=\"431\" src=\"https:\/\/www.sustainablepearls.org\/wp-content\/uploads\/2023\/09\/Cultured-pearl-farming-in-the-United-Arab-Emirates-jpeg.webp\" class=\"attachment-full size-full wp-post-image\" alt=\"\" srcset=\"https:\/\/www.sustainablepearls.org\/wp-content\/uploads\/2023\/09\/Cultured-pearl-farming-in-the-United-Arab-Emirates-jpeg.webp 649w, https:\/\/www.sustainablepearls.org\/wp-content\/uploads\/2023\/09\/Cultured-pearl-farming-in-the-United-Arab-Emirates-300x199.webp 300w\" sizes=\"(max-width: 649px) 100vw, 649px\" \/>\t\t<\/a>\n\t<\/div>\n\t\t<\/div>\n\t\t<div class=\"qodef-e-content\" >\n\t\t\t<div class=\"qodef-e-text\">\n\t\t\t\t<h5 itemprop=\"name\" class=\"qodef-e-title entry-title\" >\n\t<a itemprop=\"url\" class=\"qodef-e-title-link\" href=\"https:\/\/www.sustainablepearls.org\/fr\/pearl-farming\/pearl-farming-world-map\/eau\/\" target=\"_self\">\n\t\t\u00c9mirats arabes unis\t<\/a>\n<\/h5>\n\t\t\t<\/div>\n            <div class=\"qodef-e-bottom-holder\">\n                <div class=\"qodef-e-info\">\n                    \t<a href=\"https:\/\/www.sustainablepearls.org\/fr\/portfolio-category\/perles-de-culture-akoya\/\" rel=\"tag\">Perles de culture Akoya<\/a>\t<div class=\"qodef-info-separator-end\"><\/div>\n                <\/div>\n            <\/div>\n\t\t<\/div>\n\t<\/div>\n<\/article>\n\t<\/div>\n\t<\/div>\n\t\t\t\t<\/div>\n\t\t\t\t<\/div>\n\t\t\t\t\t<\/div>\n\t\t<\/div>\n\t\t\t\t\t<\/div>\n\t\t<\/section>\n\t\t\t\t<section class=\"elementor-section elementor-top-section elementor-element elementor-element-54c447d elementor-section-full_width elementor-section-height-default elementor-section-height-default\" data-id=\"54c447d\" data-element_type=\"section\" data-settings=\"{&quot;background_background&quot;:&quot;classic&quot;}\">\n\t\t\t\t\t\t\t<div class=\"elementor-background-overlay\"><\/div>\n\t\t\t\t\t\t\t<div class=\"elementor-container elementor-column-gap-no\">\n\t\t\t\t\t<div class=\"elementor-column elementor-col-100 elementor-top-column elementor-element elementor-element-8d2cf98\" data-id=\"8d2cf98\" data-element_type=\"column\">\n\t\t\t<div class=\"elementor-widget-wrap elementor-element-populated\">\n\t\t\t\t\t\t<div class=\"elementor-element elementor-element-66da269 elementor-widget elementor-widget-marity_core_section_title\" data-id=\"66da269\" data-element_type=\"widget\" data-widget_type=\"marity_core_section_title.default\">\n\t\t\t\t<div class=\"elementor-widget-container\">\n\t\t\t\t\t<div class=\"qodef-shortcode qodef-m  qodef-section-title qodef-show_supertitle--yes qodef-alignment--left \">\n    \t<p class=\"qodef-m-supertitle\" >Autres types de perles<\/p>\n    <span class=\"qodef-e-subtitle-line\" ><\/span>\n\t\t<h2 class=\"qodef-m-title\" >\n\t\t\t\t\tPerles de culture marines et d\u2019eau douce\t\t\t<\/h2>\n\t\t<p class=\"qodef-m-text\" >Cliquez sur le type de perle pour en savoir plus<\/p>\n    <\/div>\n\t\t\t\t<\/div>\n\t\t\t\t<\/div>\n\t\t\t\t<div class=\"elementor-element elementor-element-a04ccd1 elementor-widget elementor-widget-spacer\" data-id=\"a04ccd1\" data-element_type=\"widget\" data-widget_type=\"spacer.default\">\n\t\t\t\t<div class=\"elementor-widget-container\">\n\t\t\t\t\t\t\t<div class=\"elementor-spacer\">\n\t\t\t<div class=\"elementor-spacer-inner\"><\/div>\n\t\t<\/div>\n\t\t\t\t\t\t<\/div>\n\t\t\t\t<\/div>\n\t\t\t\t\t<\/div>\n\t\t<\/div>\n\t\t\t\t\t<\/div>\n\t\t<\/section>\n\t\t\t\t<section class=\"elementor-section elementor-top-section elementor-element elementor-element-97c9caa elementor-section-full_width elementor-section-height-default elementor-section-height-default\" data-id=\"97c9caa\" data-element_type=\"section\" data-settings=\"{&quot;background_background&quot;:&quot;classic&quot;}\">\n\t\t\t\t\t\t\t<div class=\"elementor-background-overlay\"><\/div>\n\t\t\t\t\t\t\t<div class=\"elementor-container elementor-column-gap-default\">\n\t\t\t\t\t<div class=\"elementor-column elementor-col-50 elementor-top-column elementor-element elementor-element-8d9e249\" data-id=\"8d9e249\" data-element_type=\"column\">\n\t\t\t<div class=\"elementor-widget-wrap elementor-element-populated\">\n\t\t\t\t<a class=\"elementor-element elementor-element-1593f03 e-flex e-con-boxed e-con e-parent\" data-id=\"1593f03\" data-element_type=\"container\" data-settings=\"{&quot;background_background&quot;:&quot;classic&quot;}\" href=\"https:\/\/www.sustainablepearls.org\/pearls\/white-and-golden-south-sea-pearls\/\">\n\t\t\t\t\t<div class=\"e-con-inner\">\n\t\t\t\t<div class=\"elementor-element elementor-element-cc69bd7 elementor-widget elementor-widget-text-editor\" data-id=\"cc69bd7\" data-element_type=\"widget\" data-widget_type=\"text-editor.default\">\n\t\t\t\t<div class=\"elementor-widget-container\">\n\t\t\t\t\t\t\t\t\t<h4>Perles des mers du Sud blanches et dor\u00e9es<\/h4>\t\t\t\t\t\t\t\t<\/div>\n\t\t\t\t<\/div>\n\t\t\t\t\t<\/div>\n\t\t\t\t<\/a>\n\t\t\t\t\t<\/div>\n\t\t<\/div>\n\t\t\t\t<div class=\"elementor-column elementor-col-50 elementor-top-column elementor-element elementor-element-907f5b0\" data-id=\"907f5b0\" data-element_type=\"column\">\n\t\t\t<div class=\"elementor-widget-wrap elementor-element-populated\">\n\t\t\t\t<a class=\"elementor-element elementor-element-188b47f e-flex e-con-boxed e-con e-parent\" data-id=\"188b47f\" data-element_type=\"container\" data-settings=\"{&quot;background_background&quot;:&quot;classic&quot;}\" href=\"https:\/\/www.sustainablepearls.org\/pearls\/black-cultured-pearls\/\">\n\t\t\t\t\t<div class=\"e-con-inner\">\n\t\t\t\t<div class=\"elementor-element elementor-element-44ff68e elementor-widget elementor-widget-text-editor\" data-id=\"44ff68e\" data-element_type=\"widget\" data-widget_type=\"text-editor.default\">\n\t\t\t\t<div class=\"elementor-widget-container\">\n\t\t\t\t\t\t\t\t\t<h4>Perles de culture noires<\/h4>\t\t\t\t\t\t\t\t<\/div>\n\t\t\t\t<\/div>\n\t\t\t\t\t<\/div>\n\t\t\t\t<\/a>\n\t\t\t\t\t<\/div>\n\t\t<\/div>\n\t\t\t\t\t<\/div>\n\t\t<\/section>\n\t\t\t\t<section class=\"elementor-section elementor-top-section elementor-element elementor-element-8c4a6ea elementor-section-full_width elementor-section-height-default elementor-section-height-default\" data-id=\"8c4a6ea\" data-element_type=\"section\" data-settings=\"{&quot;background_background&quot;:&quot;classic&quot;}\">\n\t\t\t\t\t\t\t<div class=\"elementor-background-overlay\"><\/div>\n\t\t\t\t\t\t\t<div class=\"elementor-container elementor-column-gap-default\">\n\t\t\t\t\t<div class=\"elementor-column elementor-col-50 elementor-top-column elementor-element elementor-element-a4a0fd2\" data-id=\"a4a0fd2\" data-element_type=\"column\">\n\t\t\t<div class=\"elementor-widget-wrap elementor-element-populated\">\n\t\t\t\t<a class=\"elementor-element elementor-element-994c5a4 e-flex e-con-boxed e-con e-parent\" data-id=\"994c5a4\" data-element_type=\"container\" data-settings=\"{&quot;background_background&quot;:&quot;classic&quot;}\" href=\"https:\/\/www.sustainablepearls.org\/pearls\/freshwater-cultured-pearls\/\">\n\t\t\t\t\t<div class=\"e-con-inner\">\n\t\t\t\t<div class=\"elementor-element elementor-element-f6a4b32 elementor-widget elementor-widget-text-editor\" data-id=\"f6a4b32\" data-element_type=\"widget\" data-widget_type=\"text-editor.default\">\n\t\t\t\t<div class=\"elementor-widget-container\">\n\t\t\t\t\t\t\t\t\t<h4>Perles de culture d&rsquo;eau douce<\/h4>\t\t\t\t\t\t\t\t<\/div>\n\t\t\t\t<\/div>\n\t\t\t\t\t<\/div>\n\t\t\t\t<\/a>\n\t\t\t\t\t<\/div>\n\t\t<\/div>\n\t\t\t\t<div class=\"elementor-column elementor-col-50 elementor-top-column elementor-element elementor-element-24a6062\" data-id=\"24a6062\" data-element_type=\"column\">\n\t\t\t<div class=\"elementor-widget-wrap\">\n\t\t\t\t\t\t\t<\/div>\n\t\t<\/div>\n\t\t\t\t\t<\/div>\n\t\t<\/section>\n\t\t\t\t<\/div>\n\t\t","protected":false},"excerpt":{"rendered":"<p>Perles de culture Akoya C&rsquo;est avec les hu\u00eetres perli\u00e8res Akoya que Kokichi Mikimoto a lanc\u00e9 la culture de perles marines au Japon en 1916. En raison de leur longue histoire, elles demeurent les perles blanches classiques les plus recherch\u00e9es par les clients. Les perles de culture Akoya proviennent de l&rsquo;hu\u00eetre Pinctada fucata martensii. Elles sont [&hellip;]<\/p>\n","protected":false},"author":1,"featured_media":0,"parent":13480,"menu_order":0,"comment_status":"closed","ping_status":"closed","template":"page-full-width.php","meta":{"_acf_changed":false,"_monsterinsights_skip_tracking":false,"_monsterinsights_sitenote_active":false,"_monsterinsights_sitenote_note":"","_monsterinsights_sitenote_category":0,"footnotes":""},"class_list":["post-13466","page","type-page","status-publish","hentry"],"acf":[],"aioseo_notices":[],"_links":{"self":[{"href":"https:\/\/www.sustainablepearls.org\/fr\/wp-json\/wp\/v2\/pages\/13466","targetHints":{"allow":["GET"]}}],"collection":[{"href":"https:\/\/www.sustainablepearls.org\/fr\/wp-json\/wp\/v2\/pages"}],"about":[{"href":"https:\/\/www.sustainablepearls.org\/fr\/wp-json\/wp\/v2\/types\/page"}],"author":[{"embeddable":true,"href":"https:\/\/www.sustainablepearls.org\/fr\/wp-json\/wp\/v2\/users\/1"}],"replies":[{"embeddable":true,"href":"https:\/\/www.sustainablepearls.org\/fr\/wp-json\/wp\/v2\/comments?post=13466"}],"version-history":[{"count":5,"href":"https:\/\/www.sustainablepearls.org\/fr\/wp-json\/wp\/v2\/pages\/13466\/revisions"}],"predecessor-version":[{"id":13780,"href":"https:\/\/www.sustainablepearls.org\/fr\/wp-json\/wp\/v2\/pages\/13466\/revisions\/13780"}],"up":[{"embeddable":true,"href":"https:\/\/www.sustainablepearls.org\/fr\/wp-json\/wp\/v2\/pages\/13480"}],"wp:attachment":[{"href":"https:\/\/www.sustainablepearls.org\/fr\/wp-json\/wp\/v2\/media?parent=13466"}],"curies":[{"name":"wp","href":"https:\/\/api.w.org\/{rel}","templated":true}]}}