{"id":13452,"date":"2023-10-09T11:04:20","date_gmt":"2023-10-09T09:04:20","guid":{"rendered":"https:\/\/www.sustainablepearls.org\/recherche\/"},"modified":"2025-10-28T04:49:03","modified_gmt":"2025-10-28T03:49:03","slug":"recherche","status":"publish","type":"page","link":"https:\/\/www.sustainablepearls.org\/fr\/recherche\/","title":{"rendered":"Recherche"},"content":{"rendered":"\t\t<div data-elementor-type=\"wp-page\" data-elementor-id=\"13452\" class=\"elementor elementor-13452 elementor-10956\">\n\t\t\t\t<div class=\"elementor-element elementor-element-0f1fec2 e-con-full e-flex e-con e-parent\" data-id=\"0f1fec2\" data-element_type=\"container\" data-settings=\"{&quot;background_background&quot;:&quot;classic&quot;}\">\n\t\t\t\t<div class=\"elementor-element elementor-element-ff327f8 elementor-widget elementor-widget-marity_core_section_title\" data-id=\"ff327f8\" data-element_type=\"widget\" data-widget_type=\"marity_core_section_title.default\">\n\t\t\t\t<div class=\"elementor-widget-container\">\n\t\t\t\t\t<div class=\"qodef-shortcode qodef-m  qodef-section-title qodef-show_supertitle--no qodef-alignment--left \">\n    \t\t<h1 class=\"qodef-m-title\" >\n\t\t\t\t\tRecherche\t\t\t<\/h1>\n\t    <\/div>\n\t\t\t\t<\/div>\n\t\t\t\t<\/div>\n\t\t\t\t<\/div>\n\t\t\t\t<section class=\"elementor-section elementor-top-section elementor-element elementor-element-15dedc2 elementor-section-full_width elementor-section-height-default elementor-section-height-default\" data-id=\"15dedc2\" data-element_type=\"section\">\n\t\t\t\t\t\t<div class=\"elementor-container elementor-column-gap-no\">\n\t\t\t\t\t<div class=\"elementor-column elementor-col-50 elementor-top-column elementor-element elementor-element-b761106\" data-id=\"b761106\" data-element_type=\"column\">\n\t\t\t<div class=\"elementor-widget-wrap elementor-element-populated\">\n\t\t\t\t\t\t<div class=\"elementor-element elementor-element-ee74f4c elementor-widget elementor-widget-text-editor\" data-id=\"ee74f4c\" data-element_type=\"widget\" data-widget_type=\"text-editor.default\">\n\t\t\t\t<div class=\"elementor-widget-container\">\n\t\t\t\t\t\t\t\t\t<p>Au cours des deux derni\u00e8res ann\u00e9es, les partenaires du projet sustainablepearls.org ont \u00e9tudi\u00e9 le soutien des consommateurs \u00e0 la perliculture responsable et les possibilit\u00e9s uniques qu&rsquo;elle offre en mati\u00e8re de conservation marine. Cette recherche sur les perles de culture marines a abouti \u00e0 un test approfondi aupr\u00e8s des consommateurs am\u00e9ricains, comparant les bijoux en perles de culture traditionnelle aux bijoux en perles de culture durable.<\/p>\t\t\t\t\t\t\t\t<\/div>\n\t\t\t\t<\/div>\n\t\t\t\t\t<\/div>\n\t\t<\/div>\n\t\t\t\t<div class=\"elementor-column elementor-col-50 elementor-top-column elementor-element elementor-element-2221230\" data-id=\"2221230\" data-element_type=\"column\">\n\t\t\t<div class=\"elementor-widget-wrap elementor-element-populated\">\n\t\t\t\t\t\t<div class=\"elementor-element elementor-element-7397653 elementor-widget elementor-widget-text-editor\" data-id=\"7397653\" data-element_type=\"widget\" data-widget_type=\"text-editor.default\">\n\t\t\t\t<div class=\"elementor-widget-container\">\n\t\t\t\t\t\t\t\t\t<p>Selon plusieurs crit\u00e8res (qualit\u00e9 du produit, valeur et avantage relatif), les bijoux en perles ax\u00e9s sur la \u00ab\u00a0protection et la pr\u00e9servation des r\u00e9cifs coralliens\u00a0\u00bb ont surpass\u00e9 le positionnement traditionnel des produits.<\/p><p>Cette \u00e9tude souligne le fait que les producteurs de perles de culture marines ont une grande opportunit\u00e9 \u00e0 saisir.<\/p>\t\t\t\t\t\t\t\t<\/div>\n\t\t\t\t<\/div>\n\t\t\t\t\t<\/div>\n\t\t<\/div>\n\t\t\t\t\t<\/div>\n\t\t<\/section>\n\t\t\t\t<section class=\"elementor-section elementor-top-section elementor-element elementor-element-7a896cb elementor-section-full_width elementor-section-height-default elementor-section-height-default\" data-id=\"7a896cb\" data-element_type=\"section\" data-settings=\"{&quot;background_background&quot;:&quot;classic&quot;}\">\n\t\t\t\t\t\t\t<div class=\"elementor-background-overlay\"><\/div>\n\t\t\t\t\t\t\t<div class=\"elementor-container elementor-column-gap-no\">\n\t\t\t\t\t<div class=\"elementor-column elementor-col-100 elementor-top-column elementor-element elementor-element-a77b50c\" data-id=\"a77b50c\" data-element_type=\"column\">\n\t\t\t<div class=\"elementor-widget-wrap elementor-element-populated\">\n\t\t\t\t\t\t<div class=\"elementor-element elementor-element-16b139e elementor-widget elementor-widget-marity_core_section_title\" data-id=\"16b139e\" data-element_type=\"widget\" data-widget_type=\"marity_core_section_title.default\">\n\t\t\t\t<div class=\"elementor-widget-container\">\n\t\t\t\t\t<div class=\"qodef-shortcode qodef-m  qodef-section-title qodef-show_supertitle--yes qodef-alignment--left qodef-title-break--disabled\">\n    \t<p class=\"qodef-m-supertitle\" >Enqu\u00eates aupr\u00e8s des consommateurs<\/p>\n    <span class=\"qodef-e-subtitle-line\" ><\/span>\n\t\t    <\/div>\n\t\t\t\t<\/div>\n\t\t\t\t<\/div>\n\t\t\t\t\t<\/div>\n\t\t<\/div>\n\t\t\t\t\t<\/div>\n\t\t<\/section>\n\t\t\t\t<section class=\"elementor-section elementor-top-section elementor-element elementor-element-bc5994e elementor-section-full_width elementor-section-height-default elementor-section-height-default\" data-id=\"bc5994e\" data-element_type=\"section\" data-settings=\"{&quot;background_background&quot;:&quot;classic&quot;}\">\n\t\t\t\t\t\t\t<div class=\"elementor-background-overlay\"><\/div>\n\t\t\t\t\t\t\t<div class=\"elementor-container elementor-column-gap-no\">\n\t\t\t\t\t<div class=\"elementor-column elementor-col-50 elementor-top-column elementor-element elementor-element-3e9e0e8\" data-id=\"3e9e0e8\" data-element_type=\"column\">\n\t\t\t<div class=\"elementor-widget-wrap elementor-element-populated\">\n\t\t\t\t\t\t<div class=\"elementor-element elementor-element-70cac2e elementor-widget elementor-widget-marity_core_section_title\" data-id=\"70cac2e\" data-element_type=\"widget\" data-widget_type=\"marity_core_section_title.default\">\n\t\t\t\t<div class=\"elementor-widget-container\">\n\t\t\t\t\t<div class=\"qodef-shortcode qodef-m  qodef-section-title qodef-show_supertitle--no qodef-alignment--left qodef-title-break--disabled\">\n    \t\t<h2 class=\"qodef-m-title\" >\n\t\t\t\t\t\u00c9tude de<br \/> recherche consommateurs Sustainable Pearls\t\t\t<\/h2>\n\t    <\/div>\n\t\t\t\t<\/div>\n\t\t\t\t<\/div>\n\t\t<div class=\"elementor-element elementor-element-1c06e6a e-con-full e-flex e-con e-child\" data-id=\"1c06e6a\" data-element_type=\"container\" data-settings=\"{&quot;background_background&quot;:&quot;classic&quot;}\">\n\t\t\t\t<div class=\"elementor-element elementor-element-8ab41f3 elementor-widget__width-auto elementor-widget elementor-widget-marity_core_icon\" data-id=\"8ab41f3\" data-element_type=\"widget\" data-widget_type=\"marity_core_icon.default\">\n\t\t\t\t<div class=\"elementor-widget-container\">\n\t\t\t\t\t<span class=\"qodef-shortcode qodef-m  qodef-icon-holder qodef-size--small qodef-layout--normal\"  >\n\t\t\t<span class=\"qodef-icon-elegant-icons icon_documents_alt qodef-icon qodef-e\" style=\"color: #0E202A\" ><\/span>\t<\/span>\n\t\t\t\t<\/div>\n\t\t\t\t<\/div>\n\t\t\t\t<div class=\"elementor-element elementor-element-fbc91d2 elementor-widget elementor-widget-text-editor\" data-id=\"fbc91d2\" data-element_type=\"widget\" data-widget_type=\"text-editor.default\">\n\t\t\t\t<div class=\"elementor-widget-container\">\n\t\t\t\t\t\t\t\t\t<h4>Partie 1 : R\u00e9sultats de recherche \u00e9largis*<\/h4>\t\t\t\t\t\t\t\t<\/div>\n\t\t\t\t<\/div>\n\t\t<div class=\"elementor-element elementor-element-1522bde e-con-full e-flex e-con e-child\" data-id=\"1522bde\" data-element_type=\"container\">\n\t\t\t\t<div class=\"elementor-element elementor-element-5f90376 elementor-widget elementor-widget-marity_core_icon_list_item\" data-id=\"5f90376\" data-element_type=\"widget\" data-widget_type=\"marity_core_icon_list_item.default\">\n\t\t\t\t<div class=\"elementor-widget-container\">\n\t\t\t\t\t<div class=\"qodef-icon-list-item qodef-icon--custom-icon\" >\n\t<h6 class=\"qodef-e-title\">\n\t\t\t\t\t<span class=\"qodef-e-title-inner\">\n\t\t\t\t<img decoding=\"async\" width=\"8\" height=\"9\" src=\"https:\/\/www.sustainablepearls.org\/wp-content\/uploads\/2022\/10\/home-2-icon.png\" class=\"attachment-full size-full\" alt=\"w\" \/>\t\t\t\t<span class=\"qodef-e-title-text\"  style=\"margin: 0px 0px 0px 15px\">Auteurs<\/span>\n\t\t\t<\/span>\n\t\t\t<\/h6>\n<\/div>\n\t\t\t\t<\/div>\n\t\t\t\t<\/div>\n\t\t\t\t<div class=\"elementor-element elementor-element-5f1cce2 elementor-widget elementor-widget-text-editor\" data-id=\"5f1cce2\" data-element_type=\"widget\" data-widget_type=\"text-editor.default\">\n\t\t\t\t<div class=\"elementor-widget-container\">\n\t\t\t\t\t\t\t\t\t<p>Sustainablepearls.org (Julie Nash) et MVI Research<\/p>\t\t\t\t\t\t\t\t<\/div>\n\t\t\t\t<\/div>\n\t\t\t\t<\/div>\n\t\t<div class=\"elementor-element elementor-element-f2e0e7e e-con-full e-flex e-con e-child\" data-id=\"f2e0e7e\" data-element_type=\"container\">\n\t\t\t\t<div class=\"elementor-element elementor-element-7a5d5fa elementor-widget elementor-widget-marity_core_icon_list_item\" data-id=\"7a5d5fa\" data-element_type=\"widget\" data-widget_type=\"marity_core_icon_list_item.default\">\n\t\t\t\t<div class=\"elementor-widget-container\">\n\t\t\t\t\t<div class=\"qodef-icon-list-item qodef-icon--custom-icon\" >\n\t<h6 class=\"qodef-e-title\">\n\t\t\t\t\t<span class=\"qodef-e-title-inner\">\n\t\t\t\t<img decoding=\"async\" width=\"8\" height=\"9\" src=\"https:\/\/www.sustainablepearls.org\/wp-content\/uploads\/2022\/10\/home-2-icon.png\" class=\"attachment-full size-full\" alt=\"w\" \/>\t\t\t\t<span class=\"qodef-e-title-text\"  style=\"margin: 0px 0px 0px 15px\">Panel<\/span>\n\t\t\t<\/span>\n\t\t\t<\/h6>\n<\/div>\n\t\t\t\t<\/div>\n\t\t\t\t<\/div>\n\t\t\t\t<div class=\"elementor-element elementor-element-26916b5 elementor-widget elementor-widget-text-editor\" data-id=\"26916b5\" data-element_type=\"widget\" data-widget_type=\"text-editor.default\">\n\t\t\t\t<div class=\"elementor-widget-container\">\n\t\t\t\t\t\t\t\t\t<p>2 188 Consommateurs am\u00e9ricains de bijoux, panel JCOC<\/p>\t\t\t\t\t\t\t\t<\/div>\n\t\t\t\t<\/div>\n\t\t\t\t<\/div>\n\t\t<div class=\"elementor-element elementor-element-cbea672 e-con-full e-flex e-con e-child\" data-id=\"cbea672\" data-element_type=\"container\">\n\t\t\t\t<div class=\"elementor-element elementor-element-39daa3a elementor-widget elementor-widget-marity_core_icon_list_item\" data-id=\"39daa3a\" data-element_type=\"widget\" data-widget_type=\"marity_core_icon_list_item.default\">\n\t\t\t\t<div class=\"elementor-widget-container\">\n\t\t\t\t\t<div class=\"qodef-icon-list-item qodef-icon--custom-icon\" >\n\t<h6 class=\"qodef-e-title\">\n\t\t\t\t\t<span class=\"qodef-e-title-inner\">\n\t\t\t\t<img decoding=\"async\" width=\"8\" height=\"9\" src=\"https:\/\/www.sustainablepearls.org\/wp-content\/uploads\/2022\/10\/home-2-icon.png\" class=\"attachment-full size-full\" alt=\"w\" \/>\t\t\t\t<span class=\"qodef-e-title-text\"  style=\"margin: 0px 0px 0px 15px\">Date<\/span>\n\t\t\t<\/span>\n\t\t\t<\/h6>\n<\/div>\n\t\t\t\t<\/div>\n\t\t\t\t<\/div>\n\t\t\t\t<div class=\"elementor-element elementor-element-57a5a94 elementor-widget elementor-widget-text-editor\" data-id=\"57a5a94\" data-element_type=\"widget\" data-widget_type=\"text-editor.default\">\n\t\t\t\t<div class=\"elementor-widget-container\">\n\t\t\t\t\t\t\t\t\t<p>Mai 2014<\/p>\t\t\t\t\t\t\t\t<\/div>\n\t\t\t\t<\/div>\n\t\t\t\t<\/div>\n\t\t\t\t<div class=\"elementor-element elementor-element-da0e776 elementor-widget elementor-widget-spacer\" data-id=\"da0e776\" data-element_type=\"widget\" data-widget_type=\"spacer.default\">\n\t\t\t\t<div class=\"elementor-widget-container\">\n\t\t\t\t\t\t\t<div class=\"elementor-spacer\">\n\t\t\t<div class=\"elementor-spacer-inner\"><\/div>\n\t\t<\/div>\n\t\t\t\t\t\t<\/div>\n\t\t\t\t<\/div>\n\t\t\t\t<div class=\"elementor-element elementor-element-b6f6f87 elementor-widget elementor-widget-marity_core_button\" data-id=\"b6f6f87\" data-element_type=\"widget\" data-widget_type=\"marity_core_button.default\">\n\t\t\t\t<div class=\"elementor-widget-container\">\n\t\t\t\t\t<a class=\"qodef-shortcode qodef-m  qodef-button qodef-layout--filled  qodef-html--link\" href=\"https:\/\/www.sustainablepearls.org\/wp-content\/uploads\/2023\/10\/Expanded-_Part_1_Pearl_Purchase_Dynamics_and_Attitude_Topline_Results.pdf\" target=\"_blank\"  >\n\t<span class=\"qodef-btn-text\">T\u00e9l\u00e9charger le questionnaire (PDF)<\/span>\n<\/a>\n\t\t\t\t<\/div>\n\t\t\t\t<\/div>\n\t\t\t\t<div class=\"elementor-element elementor-element-b0069fb elementor-widget elementor-widget-spacer\" data-id=\"b0069fb\" data-element_type=\"widget\" data-widget_type=\"spacer.default\">\n\t\t\t\t<div class=\"elementor-widget-container\">\n\t\t\t\t\t\t\t<div class=\"elementor-spacer\">\n\t\t\t<div class=\"elementor-spacer-inner\"><\/div>\n\t\t<\/div>\n\t\t\t\t\t\t<\/div>\n\t\t\t\t<\/div>\n\t\t\t\t<div class=\"elementor-element elementor-element-fe4597f elementor-widget elementor-widget-text-editor\" data-id=\"fe4597f\" data-element_type=\"widget\" data-widget_type=\"text-editor.default\">\n\t\t\t\t<div class=\"elementor-widget-container\">\n\t\t\t\t\t\t\t\t\t<p>*Avec le soutien de la Fondation Tiffany &amp; Co.<\/p>\t\t\t\t\t\t\t\t<\/div>\n\t\t\t\t<\/div>\n\t\t\t\t<\/div>\n\t\t\t\t\t<\/div>\n\t\t<\/div>\n\t\t\t\t<div class=\"elementor-column elementor-col-50 elementor-top-column elementor-element elementor-element-861c5d9\" data-id=\"861c5d9\" data-element_type=\"column\">\n\t\t\t<div class=\"elementor-widget-wrap elementor-element-populated\">\n\t\t\t\t\t\t<div class=\"elementor-element elementor-element-d43a675 elementor-widget elementor-widget-marity_core_section_title\" data-id=\"d43a675\" data-element_type=\"widget\" data-widget_type=\"marity_core_section_title.default\">\n\t\t\t\t<div class=\"elementor-widget-container\">\n\t\t\t\t\t<div class=\"qodef-shortcode qodef-m  qodef-section-title qodef-show_supertitle--no qodef-alignment--left qodef-title-break--disabled\">\n    \t\t<h2 class=\"qodef-m-title\" >\n\t\t\t\t\tDurabilit\u00e9<br \/> et valeurs du luxe\t\t\t<\/h2>\n\t    <\/div>\n\t\t\t\t<\/div>\n\t\t\t\t<\/div>\n\t\t<div class=\"elementor-element elementor-element-e660c76 e-con-full e-flex e-con e-child\" data-id=\"e660c76\" data-element_type=\"container\" data-settings=\"{&quot;background_background&quot;:&quot;classic&quot;}\">\n\t\t\t\t<div class=\"elementor-element elementor-element-76202eb elementor-widget__width-auto elementor-widget elementor-widget-marity_core_icon\" data-id=\"76202eb\" data-element_type=\"widget\" data-widget_type=\"marity_core_icon.default\">\n\t\t\t\t<div class=\"elementor-widget-container\">\n\t\t\t\t\t<span class=\"qodef-shortcode qodef-m  qodef-icon-holder qodef-size--small qodef-layout--normal\"  >\n\t\t\t<span class=\"qodef-icon-elegant-icons icon_documents_alt qodef-icon qodef-e\" style=\"color: #0E202A\" ><\/span>\t<\/span>\n\t\t\t\t<\/div>\n\t\t\t\t<\/div>\n\t\t\t\t<div class=\"elementor-element elementor-element-9e1eed5 elementor-widget elementor-widget-text-editor\" data-id=\"9e1eed5\" data-element_type=\"widget\" data-widget_type=\"text-editor.default\">\n\t\t\t\t<div class=\"elementor-widget-container\">\n\t\t\t\t\t\t\t\t\t<h4>Partie 2 des r\u00e9sultats de l&rsquo;\u00e9tude de recherche sur les perles durables aupr\u00e8s des consommateurs*.<\/h4>\t\t\t\t\t\t\t\t<\/div>\n\t\t\t\t<\/div>\n\t\t<div class=\"elementor-element elementor-element-d5fd415 e-con-full e-flex e-con e-child\" data-id=\"d5fd415\" data-element_type=\"container\">\n\t\t\t\t<div class=\"elementor-element elementor-element-dcbb532 elementor-widget elementor-widget-marity_core_icon_list_item\" data-id=\"dcbb532\" data-element_type=\"widget\" data-widget_type=\"marity_core_icon_list_item.default\">\n\t\t\t\t<div class=\"elementor-widget-container\">\n\t\t\t\t\t<div class=\"qodef-icon-list-item qodef-icon--custom-icon\" >\n\t<h6 class=\"qodef-e-title\">\n\t\t\t\t\t<span class=\"qodef-e-title-inner\">\n\t\t\t\t<img decoding=\"async\" width=\"8\" height=\"9\" src=\"https:\/\/www.sustainablepearls.org\/wp-content\/uploads\/2022\/10\/home-2-icon.png\" class=\"attachment-full size-full\" alt=\"w\" \/>\t\t\t\t<span class=\"qodef-e-title-text\"  style=\"margin: 0px 0px 0px 15px\">Auteurs<\/span>\n\t\t\t<\/span>\n\t\t\t<\/h6>\n<\/div>\n\t\t\t\t<\/div>\n\t\t\t\t<\/div>\n\t\t\t\t<div class=\"elementor-element elementor-element-b436097 elementor-widget elementor-widget-text-editor\" data-id=\"b436097\" data-element_type=\"widget\" data-widget_type=\"text-editor.default\">\n\t\t\t\t<div class=\"elementor-widget-container\">\n\t\t\t\t\t\t\t\t\t<p>Sustainablepearls.org (Julie Nash) et MVI Research<\/p>\t\t\t\t\t\t\t\t<\/div>\n\t\t\t\t<\/div>\n\t\t\t\t<\/div>\n\t\t<div class=\"elementor-element elementor-element-a4cf659 e-con-full e-flex e-con e-child\" data-id=\"a4cf659\" data-element_type=\"container\">\n\t\t\t\t<div class=\"elementor-element elementor-element-f03871c elementor-widget__width-initial elementor-widget elementor-widget-marity_core_icon_list_item\" data-id=\"f03871c\" data-element_type=\"widget\" data-widget_type=\"marity_core_icon_list_item.default\">\n\t\t\t\t<div class=\"elementor-widget-container\">\n\t\t\t\t\t<div class=\"qodef-icon-list-item qodef-icon--custom-icon\" >\n\t<h6 class=\"qodef-e-title\">\n\t\t\t\t\t<span class=\"qodef-e-title-inner\">\n\t\t\t\t<img decoding=\"async\" width=\"8\" height=\"9\" src=\"https:\/\/www.sustainablepearls.org\/wp-content\/uploads\/2022\/10\/home-2-icon.png\" class=\"attachment-full size-full\" alt=\"w\" \/>\t\t\t\t<span class=\"qodef-e-title-text\"  style=\"margin: 0px 0px 0px 15px\">Question de recherche<\/span>\n\t\t\t<\/span>\n\t\t\t<\/h6>\n<\/div>\n\t\t\t\t<\/div>\n\t\t\t\t<\/div>\n\t\t\t\t<div class=\"elementor-element elementor-element-fdc5295 elementor-widget__width-initial elementor-widget elementor-widget-text-editor\" data-id=\"fdc5295\" data-element_type=\"widget\" data-widget_type=\"text-editor.default\">\n\t\t\t\t<div class=\"elementor-widget-container\">\n\t\t\t\t\t\t\t\t\t<div class=\"page\" title=\"Page 2\"><div class=\"section\"><div class=\"layoutArea\"><div class=\"column\"><p>Les messages relatifs \u00e0 la durabilit\u00e9 renforcent-ils ou diminuent-ils la valeur de luxe des perles de culture d&rsquo;eau sal\u00e9e ?<\/p><\/div><\/div><\/div><\/div>\t\t\t\t\t\t\t\t<\/div>\n\t\t\t\t<\/div>\n\t\t\t\t<\/div>\n\t\t\t\t<div class=\"elementor-element elementor-element-9de2b70 elementor-widget elementor-widget-spacer\" data-id=\"9de2b70\" data-element_type=\"widget\" data-widget_type=\"spacer.default\">\n\t\t\t\t<div class=\"elementor-widget-container\">\n\t\t\t\t\t\t\t<div class=\"elementor-spacer\">\n\t\t\t<div class=\"elementor-spacer-inner\"><\/div>\n\t\t<\/div>\n\t\t\t\t\t\t<\/div>\n\t\t\t\t<\/div>\n\t\t\t\t<div class=\"elementor-element elementor-element-e1934b8 elementor-widget elementor-widget-marity_core_button\" data-id=\"e1934b8\" data-element_type=\"widget\" data-widget_type=\"marity_core_button.default\">\n\t\t\t\t<div class=\"elementor-widget-container\">\n\t\t\t\t\t<a class=\"qodef-shortcode qodef-m  qodef-button qodef-layout--filled  qodef-html--link\" href=\"https:\/\/www.sustainablepearls.org\/wp-content\/uploads\/2023\/10\/Part_2_Luxury_Value_Enhancement.pdf\" target=\"_blank\"  >\n\t<span class=\"qodef-btn-text\">T\u00e9l\u00e9charger le questionnaire (PDF)<\/span>\n<\/a>\n\t\t\t\t<\/div>\n\t\t\t\t<\/div>\n\t\t\t\t<div class=\"elementor-element elementor-element-fccde10 elementor-widget elementor-widget-spacer\" data-id=\"fccde10\" data-element_type=\"widget\" data-widget_type=\"spacer.default\">\n\t\t\t\t<div class=\"elementor-widget-container\">\n\t\t\t\t\t\t\t<div class=\"elementor-spacer\">\n\t\t\t<div class=\"elementor-spacer-inner\"><\/div>\n\t\t<\/div>\n\t\t\t\t\t\t<\/div>\n\t\t\t\t<\/div>\n\t\t\t\t<div class=\"elementor-element elementor-element-2140e27 elementor-widget elementor-widget-text-editor\" data-id=\"2140e27\" data-element_type=\"widget\" data-widget_type=\"text-editor.default\">\n\t\t\t\t<div class=\"elementor-widget-container\">\n\t\t\t\t\t\t\t\t\t<p>*Avec le soutien de la Fondation Tiffany &amp; Co.<\/p>\t\t\t\t\t\t\t\t<\/div>\n\t\t\t\t<\/div>\n\t\t\t\t<\/div>\n\t\t\t\t\t<\/div>\n\t\t<\/div>\n\t\t\t\t\t<\/div>\n\t\t<\/section>\n\t\t\t\t<\/div>\n\t\t","protected":false},"excerpt":{"rendered":"<p>Recherche Au cours des deux derni\u00e8res ann\u00e9es, les partenaires du projet sustainablepearls.org ont \u00e9tudi\u00e9 le soutien des consommateurs \u00e0 la perliculture responsable et les possibilit\u00e9s uniques qu&rsquo;elle offre en mati\u00e8re de conservation marine. Cette recherche sur les perles de culture marines a abouti \u00e0 un test approfondi aupr\u00e8s des consommateurs am\u00e9ricains, comparant les bijoux en [&hellip;]<\/p>\n","protected":false},"author":1,"featured_media":0,"parent":0,"menu_order":0,"comment_status":"closed","ping_status":"closed","template":"page-full-width.php","meta":{"_acf_changed":false,"_monsterinsights_skip_tracking":false,"_monsterinsights_sitenote_active":false,"_monsterinsights_sitenote_note":"","_monsterinsights_sitenote_category":0,"footnotes":""},"class_list":["post-13452","page","type-page","status-publish","hentry"],"acf":[],"aioseo_notices":[],"_links":{"self":[{"href":"https:\/\/www.sustainablepearls.org\/fr\/wp-json\/wp\/v2\/pages\/13452","targetHints":{"allow":["GET"]}}],"collection":[{"href":"https:\/\/www.sustainablepearls.org\/fr\/wp-json\/wp\/v2\/pages"}],"about":[{"href":"https:\/\/www.sustainablepearls.org\/fr\/wp-json\/wp\/v2\/types\/page"}],"author":[{"embeddable":true,"href":"https:\/\/www.sustainablepearls.org\/fr\/wp-json\/wp\/v2\/users\/1"}],"replies":[{"embeddable":true,"href":"https:\/\/www.sustainablepearls.org\/fr\/wp-json\/wp\/v2\/comments?post=13452"}],"version-history":[{"count":7,"href":"https:\/\/www.sustainablepearls.org\/fr\/wp-json\/wp\/v2\/pages\/13452\/revisions"}],"predecessor-version":[{"id":13693,"href":"https:\/\/www.sustainablepearls.org\/fr\/wp-json\/wp\/v2\/pages\/13452\/revisions\/13693"}],"wp:attachment":[{"href":"https:\/\/www.sustainablepearls.org\/fr\/wp-json\/wp\/v2\/media?parent=13452"}],"curies":[{"name":"wp","href":"https:\/\/api.w.org\/{rel}","templated":true}]}}