{"id":13446,"date":"2023-10-05T10:52:47","date_gmt":"2023-10-05T08:52:47","guid":{"rendered":"https:\/\/www.sustainablepearls.org\/utilisations-des-perles\/"},"modified":"2025-10-28T23:38:27","modified_gmt":"2025-10-28T22:38:27","slug":"utilisations-des-perles","status":"publish","type":"page","link":"https:\/\/www.sustainablepearls.org\/fr\/type-de-perles-de-culture\/utilisations-des-perles\/","title":{"rendered":"Utilisations des perles"},"content":{"rendered":"\t\t<div data-elementor-type=\"wp-page\" data-elementor-id=\"13446\" class=\"elementor elementor-13446 elementor-10594\">\n\t\t\t\t<div class=\"elementor-element elementor-element-51a6d90 e-con-full e-flex e-con e-parent\" data-id=\"51a6d90\" data-element_type=\"container\" data-settings=\"{&quot;background_background&quot;:&quot;classic&quot;}\">\n\t\t\t\t<div class=\"elementor-element elementor-element-8fabea0 elementor-widget elementor-widget-marity_core_section_title\" data-id=\"8fabea0\" data-element_type=\"widget\" data-widget_type=\"marity_core_section_title.default\">\n\t\t\t\t<div class=\"elementor-widget-container\">\n\t\t\t\t\t<div class=\"qodef-shortcode qodef-m  qodef-section-title qodef-show_supertitle--no qodef-alignment--left \">\n    \t\t<h1 class=\"qodef-m-title\" style=\"color: #FFFFFF\">\n\t\t\t\t\tUtilisation des perles\t\t\t<\/h1>\n\t    <\/div>\n\t\t\t\t<\/div>\n\t\t\t\t<\/div>\n\t\t\t\t<\/div>\n\t\t\t\t<section class=\"elementor-section elementor-top-section elementor-element elementor-element-c981317 elementor-section-full_width elementor-section-height-default elementor-section-height-default\" data-id=\"c981317\" data-element_type=\"section\" data-settings=\"{&quot;background_background&quot;:&quot;classic&quot;}\">\n\t\t\t\t\t\t<div class=\"elementor-container elementor-column-gap-no\">\n\t\t\t\t\t<div class=\"elementor-column elementor-col-33 elementor-top-column elementor-element elementor-element-c51d97e\" data-id=\"c51d97e\" data-element_type=\"column\">\n\t\t\t<div class=\"elementor-widget-wrap elementor-element-populated\">\n\t\t\t\t\t\t<div class=\"elementor-element elementor-element-e976cd4 elementor-widget elementor-widget-marity_core_section_title\" data-id=\"e976cd4\" data-element_type=\"widget\" data-widget_type=\"marity_core_section_title.default\">\n\t\t\t\t<div class=\"elementor-widget-container\">\n\t\t\t\t\t<div class=\"qodef-shortcode qodef-m  qodef-section-title qodef-show_supertitle--no qodef-alignment--left qodef-title-break--disabled\">\n    \t\t<h3 class=\"qodef-m-title\" >\n\t\t\t\t\tLes perles sont intimement li\u00e9es \u00e0 l\u2019histoire de l\u2019humanit\u00e9.\t\t\t<\/h3>\n\t    <\/div>\n\t\t\t\t<\/div>\n\t\t\t\t<\/div>\n\t\t\t\t<div class=\"elementor-element elementor-element-95f75c7 elementor-widget elementor-widget-text-editor\" data-id=\"95f75c7\" data-element_type=\"widget\" data-widget_type=\"text-editor.default\">\n\t\t\t\t<div class=\"elementor-widget-container\">\n\t\t\t\t\t\t\t\t\t<p>Des rapports confirment que les coquilles de perles \u00e9taient d\u00e9j\u00e0 utilis\u00e9es comme objets d\u00e9coratifs dans l\u2019\u00c9gypte du IV\u1d49 mill\u00e9naire avant notre \u00e8re. Elles apparaissent dans des textes religieux majeurs tels que la Bible et le Coran. L\u2019origine des perles \u00e9tait souvent expliqu\u00e9e en termes mythologiques et cosmologiques.  <\/p>\t\t\t\t\t\t\t\t<\/div>\n\t\t\t\t<\/div>\n\t\t\t\t\t<\/div>\n\t\t<\/div>\n\t\t\t\t<div class=\"elementor-column elementor-col-33 elementor-top-column elementor-element elementor-element-20a4170\" data-id=\"20a4170\" data-element_type=\"column\">\n\t\t\t<div class=\"elementor-widget-wrap elementor-element-populated\">\n\t\t\t\t\t\t<div class=\"elementor-element elementor-element-63b4694 elementor-widget elementor-widget-text-editor\" data-id=\"63b4694\" data-element_type=\"widget\" data-widget_type=\"text-editor.default\">\n\t\t\t\t<div class=\"elementor-widget-container\">\n\t\t\t\t\t\t\t\t\t<p>Les perles et les coquilles d\u2019hu\u00eetres perli\u00e8res sont depuis longtemps utilis\u00e9es par <a href=\"https:\/\/www.sustainablepearls.org\/a-history-of-pearls\/\">l&rsquo;homme<\/a> comme articles de bijouterie. Cependant, ce ne sont pas les seules utilisations de cette ressource renouvelable. Le muscle adducteur peut \u00eatre consomm\u00e9 et est utilis\u00e9 dans la cuisine de plusieurs r\u00e9gions. La coquille elle-m\u00eame est souvent travaill\u00e9e, que ce soit pour cr\u00e9er de simples bijoux ou pour fabriquer des meubles et autres objets d\u00e9coratifs plus \u00e9labor\u00e9s. Enfin, la coquille d\u2019hu\u00eetre perli\u00e8re est de plus en plus exploit\u00e9e pour ses bienfaits pour la sant\u00e9.    <\/p>\t\t\t\t\t\t\t\t<\/div>\n\t\t\t\t<\/div>\n\t\t\t\t\t<\/div>\n\t\t<\/div>\n\t\t\t\t<div class=\"elementor-column elementor-col-33 elementor-top-column elementor-element elementor-element-b09a205\" data-id=\"b09a205\" data-element_type=\"column\">\n\t\t\t<div class=\"elementor-widget-wrap elementor-element-populated\">\n\t\t\t\t\t\t<div class=\"elementor-element elementor-element-f01f847 elementor-widget elementor-widget-text-editor\" data-id=\"f01f847\" data-element_type=\"widget\" data-widget_type=\"text-editor.default\">\n\t\t\t\t<div class=\"elementor-widget-container\">\n\t\t\t\t\t\t\t\t\t<p><span style=\"color: #333333;\">Historiquement, la plus grande utilisation des ressources perli\u00e8res concernait la nacre, \u00e9galement appel\u00e9e mother-of-pearl (MOP). Ce mat\u00e9riau \u00e9tait utilis\u00e9 pour fabriquer des boutons et a favoris\u00e9 l\u2019\u00e9mergence d\u2019importantes industries de collecte de coquillages au Mexique, en Australie et en Polyn\u00e9sie fran\u00e7aise. La d\u00e9couverte de perles naturelles n\u2019\u00e9tait souvent qu\u2019un produit secondaire de cette activit\u00e9.  <\/span><\/p>\t\t\t\t\t\t\t\t<\/div>\n\t\t\t\t<\/div>\n\t\t\t\t\t<\/div>\n\t\t<\/div>\n\t\t\t\t\t<\/div>\n\t\t<\/section>\n\t\t\t\t<section class=\"elementor-section elementor-top-section elementor-element elementor-element-8de0b08 elementor-section-full_width elementor-section-height-default elementor-section-height-default\" data-id=\"8de0b08\" data-element_type=\"section\" data-settings=\"{&quot;background_background&quot;:&quot;classic&quot;}\">\n\t\t\t\t\t\t\t<div class=\"elementor-background-overlay\"><\/div>\n\t\t\t\t\t\t\t<div class=\"elementor-container elementor-column-gap-no\">\n\t\t\t\t\t<div class=\"elementor-column elementor-col-100 elementor-top-column elementor-element elementor-element-da20d47\" data-id=\"da20d47\" data-element_type=\"column\">\n\t\t\t<div class=\"elementor-widget-wrap elementor-element-populated\">\n\t\t\t\t\t\t<div class=\"elementor-element elementor-element-5ba4d81 elementor-widget elementor-widget-marity_core_section_title\" data-id=\"5ba4d81\" data-element_type=\"widget\" data-widget_type=\"marity_core_section_title.default\">\n\t\t\t\t<div class=\"elementor-widget-container\">\n\t\t\t\t\t<div class=\"qodef-shortcode qodef-m  qodef-section-title qodef-show_supertitle--yes qodef-alignment--left \">\n    \t<p class=\"qodef-m-supertitle\" >Types de perles<\/p>\n    <span class=\"qodef-e-subtitle-line\" ><\/span>\n\t\t<h2 class=\"qodef-m-title\" >\n\t\t\t\t\tPerles de culture marines et d\u2019eau douce\t\t\t<\/h2>\n\t\t<p class=\"qodef-m-text\" >Cliquez sur le type de perle pour en savoir plus<\/p>\n    <\/div>\n\t\t\t\t<\/div>\n\t\t\t\t<\/div>\n\t\t\t\t<div class=\"elementor-element elementor-element-ef3418d elementor-widget elementor-widget-spacer\" data-id=\"ef3418d\" data-element_type=\"widget\" data-widget_type=\"spacer.default\">\n\t\t\t\t<div class=\"elementor-widget-container\">\n\t\t\t\t\t\t\t<div class=\"elementor-spacer\">\n\t\t\t<div class=\"elementor-spacer-inner\"><\/div>\n\t\t<\/div>\n\t\t\t\t\t\t<\/div>\n\t\t\t\t<\/div>\n\t\t\t\t\t<\/div>\n\t\t<\/div>\n\t\t\t\t\t<\/div>\n\t\t<\/section>\n\t\t\t\t<section class=\"elementor-section elementor-top-section elementor-element elementor-element-880a8d7 elementor-section-full_width elementor-section-height-default elementor-section-height-default\" data-id=\"880a8d7\" data-element_type=\"section\" data-settings=\"{&quot;background_background&quot;:&quot;classic&quot;}\">\n\t\t\t\t\t\t\t<div class=\"elementor-background-overlay\"><\/div>\n\t\t\t\t\t\t\t<div class=\"elementor-container elementor-column-gap-default\">\n\t\t\t\t\t<div class=\"elementor-column elementor-col-50 elementor-top-column elementor-element elementor-element-aec2a51\" data-id=\"aec2a51\" data-element_type=\"column\">\n\t\t\t<div class=\"elementor-widget-wrap elementor-element-populated\">\n\t\t\t\t<a class=\"elementor-element elementor-element-6a5ba69 e-flex e-con-boxed e-con e-parent\" data-id=\"6a5ba69\" data-element_type=\"container\" data-settings=\"{&quot;background_background&quot;:&quot;classic&quot;}\" href=\"https:\/\/www.sustainablepearls.org\/pearls\/akoya-cultured-pearls\/\">\n\t\t\t\t\t<div class=\"e-con-inner\">\n\t\t\t\t<div class=\"elementor-element elementor-element-a586f63 elementor-widget elementor-widget-text-editor\" data-id=\"a586f63\" data-element_type=\"widget\" data-widget_type=\"text-editor.default\">\n\t\t\t\t<div class=\"elementor-widget-container\">\n\t\t\t\t\t\t\t\t\t<h4>Perles de culture Akoya<\/h4>\t\t\t\t\t\t\t\t<\/div>\n\t\t\t\t<\/div>\n\t\t\t\t\t<\/div>\n\t\t\t\t<\/a>\n\t\t\t\t\t<\/div>\n\t\t<\/div>\n\t\t\t\t<div class=\"elementor-column elementor-col-50 elementor-top-column elementor-element elementor-element-d133d54\" data-id=\"d133d54\" data-element_type=\"column\">\n\t\t\t<div class=\"elementor-widget-wrap elementor-element-populated\">\n\t\t\t\t<a class=\"elementor-element elementor-element-5871725 e-flex e-con-boxed e-con e-parent\" data-id=\"5871725\" data-element_type=\"container\" data-settings=\"{&quot;background_background&quot;:&quot;classic&quot;}\" href=\"https:\/\/www.sustainablepearls.org\/pearls\/white-and-golden-south-sea-pearls\/\">\n\t\t\t\t\t<div class=\"e-con-inner\">\n\t\t\t\t<div class=\"elementor-element elementor-element-befe206 elementor-widget__width-initial elementor-widget elementor-widget-text-editor\" data-id=\"befe206\" data-element_type=\"widget\" data-widget_type=\"text-editor.default\">\n\t\t\t\t<div class=\"elementor-widget-container\">\n\t\t\t\t\t\t\t\t\t<h4>Perles des mers du Sud blanches et dor\u00e9es<\/h4>\t\t\t\t\t\t\t\t<\/div>\n\t\t\t\t<\/div>\n\t\t\t\t\t<\/div>\n\t\t\t\t<\/a>\n\t\t\t\t\t<\/div>\n\t\t<\/div>\n\t\t\t\t\t<\/div>\n\t\t<\/section>\n\t\t\t\t<section class=\"elementor-section elementor-top-section elementor-element elementor-element-1d69e4e elementor-section-full_width elementor-section-height-default elementor-section-height-default\" data-id=\"1d69e4e\" data-element_type=\"section\" data-settings=\"{&quot;background_background&quot;:&quot;classic&quot;}\">\n\t\t\t\t\t\t\t<div class=\"elementor-background-overlay\"><\/div>\n\t\t\t\t\t\t\t<div class=\"elementor-container elementor-column-gap-default\">\n\t\t\t\t\t<div class=\"elementor-column elementor-col-50 elementor-top-column elementor-element elementor-element-e1d5705\" data-id=\"e1d5705\" data-element_type=\"column\">\n\t\t\t<div class=\"elementor-widget-wrap elementor-element-populated\">\n\t\t\t\t<a class=\"elementor-element elementor-element-7cce330 e-flex e-con-boxed e-con e-parent\" data-id=\"7cce330\" data-element_type=\"container\" data-settings=\"{&quot;background_background&quot;:&quot;classic&quot;}\" href=\"https:\/\/www.sustainablepearls.org\/pearls\/black-cultured-pearls\/\">\n\t\t\t\t\t<div class=\"e-con-inner\">\n\t\t\t\t<div class=\"elementor-element elementor-element-f196c8d elementor-widget elementor-widget-text-editor\" data-id=\"f196c8d\" data-element_type=\"widget\" data-widget_type=\"text-editor.default\">\n\t\t\t\t<div class=\"elementor-widget-container\">\n\t\t\t\t\t\t\t\t\t<h4>Perles de culture noires<\/h4>\t\t\t\t\t\t\t\t<\/div>\n\t\t\t\t<\/div>\n\t\t\t\t\t<\/div>\n\t\t\t\t<\/a>\n\t\t\t\t\t<\/div>\n\t\t<\/div>\n\t\t\t\t<div class=\"elementor-column elementor-col-50 elementor-top-column elementor-element elementor-element-fd8eaae\" data-id=\"fd8eaae\" data-element_type=\"column\">\n\t\t\t<div class=\"elementor-widget-wrap elementor-element-populated\">\n\t\t\t\t<a class=\"elementor-element elementor-element-825d611 e-flex e-con-boxed e-con e-parent\" data-id=\"825d611\" data-element_type=\"container\" data-settings=\"{&quot;background_background&quot;:&quot;classic&quot;}\" href=\"https:\/\/www.sustainablepearls.org\/pearls\/freshwater-cultured-pearls\/\">\n\t\t\t\t\t<div class=\"e-con-inner\">\n\t\t\t\t<div class=\"elementor-element elementor-element-a2d087b elementor-widget elementor-widget-text-editor\" data-id=\"a2d087b\" data-element_type=\"widget\" data-widget_type=\"text-editor.default\">\n\t\t\t\t<div class=\"elementor-widget-container\">\n\t\t\t\t\t\t\t\t\t<h4>Perles de culture d&rsquo;eau douce<\/h4>\t\t\t\t\t\t\t\t<\/div>\n\t\t\t\t<\/div>\n\t\t\t\t\t<\/div>\n\t\t\t\t<\/a>\n\t\t\t\t\t<\/div>\n\t\t<\/div>\n\t\t\t\t\t<\/div>\n\t\t<\/section>\n\t\t\t\t<\/div>\n\t\t","protected":false},"excerpt":{"rendered":"<p>Utilisation des perles Les perles sont intimement li\u00e9es \u00e0 l\u2019histoire de l\u2019humanit\u00e9. Des rapports confirment que les coquilles de perles \u00e9taient d\u00e9j\u00e0 utilis\u00e9es comme objets d\u00e9coratifs dans l\u2019\u00c9gypte du IV\u1d49 mill\u00e9naire avant notre \u00e8re. Elles apparaissent dans des textes religieux majeurs tels que la Bible et le Coran. L\u2019origine des perles \u00e9tait souvent expliqu\u00e9e en [&hellip;]<\/p>\n","protected":false},"author":1,"featured_media":0,"parent":13480,"menu_order":0,"comment_status":"closed","ping_status":"closed","template":"page-full-width.php","meta":{"_acf_changed":false,"_monsterinsights_skip_tracking":false,"_monsterinsights_sitenote_active":false,"_monsterinsights_sitenote_note":"","_monsterinsights_sitenote_category":0,"footnotes":""},"class_list":["post-13446","page","type-page","status-publish","hentry"],"acf":[],"aioseo_notices":[],"_links":{"self":[{"href":"https:\/\/www.sustainablepearls.org\/fr\/wp-json\/wp\/v2\/pages\/13446","targetHints":{"allow":["GET"]}}],"collection":[{"href":"https:\/\/www.sustainablepearls.org\/fr\/wp-json\/wp\/v2\/pages"}],"about":[{"href":"https:\/\/www.sustainablepearls.org\/fr\/wp-json\/wp\/v2\/types\/page"}],"author":[{"embeddable":true,"href":"https:\/\/www.sustainablepearls.org\/fr\/wp-json\/wp\/v2\/users\/1"}],"replies":[{"embeddable":true,"href":"https:\/\/www.sustainablepearls.org\/fr\/wp-json\/wp\/v2\/comments?post=13446"}],"version-history":[{"count":7,"href":"https:\/\/www.sustainablepearls.org\/fr\/wp-json\/wp\/v2\/pages\/13446\/revisions"}],"predecessor-version":[{"id":13717,"href":"https:\/\/www.sustainablepearls.org\/fr\/wp-json\/wp\/v2\/pages\/13446\/revisions\/13717"}],"up":[{"embeddable":true,"href":"https:\/\/www.sustainablepearls.org\/fr\/wp-json\/wp\/v2\/pages\/13480"}],"wp:attachment":[{"href":"https:\/\/www.sustainablepearls.org\/fr\/wp-json\/wp\/v2\/media?parent=13446"}],"curies":[{"name":"wp","href":"https:\/\/api.w.org\/{rel}","templated":true}]}}