{"id":13437,"date":"2023-10-06T14:15:08","date_gmt":"2023-10-06T12:15:08","guid":{"rendered":"https:\/\/www.sustainablepearls.org\/social\/"},"modified":"2025-10-30T01:45:21","modified_gmt":"2025-10-30T00:45:21","slug":"social","status":"publish","type":"page","link":"https:\/\/www.sustainablepearls.org\/fr\/de-la-naissance-a-la-perle\/social\/","title":{"rendered":"Social"},"content":{"rendered":"\t\t<div data-elementor-type=\"wp-page\" data-elementor-id=\"13437\" class=\"elementor elementor-13437 elementor-10826\">\n\t\t\t\t<div class=\"elementor-element elementor-element-51a6d90 e-con-full e-flex e-con e-parent\" data-id=\"51a6d90\" data-element_type=\"container\" data-settings=\"{&quot;background_background&quot;:&quot;classic&quot;}\">\n\t\t\t\t<div class=\"elementor-element elementor-element-8fabea0 elementor-widget elementor-widget-marity_core_section_title\" data-id=\"8fabea0\" data-element_type=\"widget\" data-widget_type=\"marity_core_section_title.default\">\n\t\t\t\t<div class=\"elementor-widget-container\">\n\t\t\t\t\t<div class=\"qodef-shortcode qodef-m  qodef-section-title qodef-show_supertitle--no qodef-alignment--left qodef-title-break--disabled\">\n    \t\t<h1 class=\"qodef-m-title\" style=\"color: #FFFFFF\">\n\t\t\t\t\tImpacts sociaux\t\t\t<\/h1>\n\t    <\/div>\n\t\t\t\t<\/div>\n\t\t\t\t<\/div>\n\t\t\t\t<\/div>\n\t\t\t\t<section class=\"elementor-section elementor-top-section elementor-element elementor-element-c981317 elementor-section-full_width elementor-section-height-default elementor-section-height-default\" data-id=\"c981317\" data-element_type=\"section\" data-settings=\"{&quot;background_background&quot;:&quot;classic&quot;}\">\n\t\t\t\t\t\t<div class=\"elementor-container elementor-column-gap-no\">\n\t\t\t\t\t<div class=\"elementor-column elementor-col-50 elementor-top-column elementor-element elementor-element-c51d97e\" data-id=\"c51d97e\" data-element_type=\"column\">\n\t\t\t<div class=\"elementor-widget-wrap elementor-element-populated\">\n\t\t\t\t\t\t<div class=\"elementor-element elementor-element-9e2e74e elementor-widget elementor-widget-marity_core_section_title\" data-id=\"9e2e74e\" data-element_type=\"widget\" data-widget_type=\"marity_core_section_title.default\">\n\t\t\t\t<div class=\"elementor-widget-container\">\n\t\t\t\t\t<div class=\"qodef-shortcode qodef-m  qodef-section-title qodef-show_supertitle--yes qodef-alignment--left \">\n    \t<p class=\"qodef-m-supertitle\" >Social<\/p>\n    <span class=\"qodef-e-subtitle-line\" ><\/span>\n\t\t<h2 class=\"qodef-m-title\" >\n\t\t\t\t\tL\u2019attrait de<br \/> la perliculture\t\t\t<\/h2>\n\t    <\/div>\n\t\t\t\t<\/div>\n\t\t\t\t<\/div>\n\t\t\t\t<div class=\"elementor-element elementor-element-6f16b18 elementor-widget elementor-widget-text-editor\" data-id=\"6f16b18\" data-element_type=\"widget\" data-widget_type=\"text-editor.default\">\n\t\t\t\t<div class=\"elementor-widget-container\">\n\t\t\t\t\t\t\t\t\t<p>Les perles de culture sont devenues des piliers \u00e9conomiques importants de la Polyn\u00e9sie fran\u00e7aise et des \u00eeles Cook, en tant que principales sources de revenus d\u2019exportation. Dans le cadre de la perliculture, il existe d\u2019importantes \u00e9conomies d\u2019\u00e9chelle entre le large \u00e9ventail d\u2019acteurs, qu\u2019ils soient de petite ou de grande taille. <\/p><p>L\u2019attrait de la perliculture a conduit de nombreux acteurs \u00e0 s\u2019y lancer, cr\u00e9ant en partie des probl\u00e8mes de surproduction et une fragmentation du secteur.<\/p>\t\t\t\t\t\t\t\t<\/div>\n\t\t\t\t<\/div>\n\t\t\t\t\t<\/div>\n\t\t<\/div>\n\t\t\t\t<div class=\"elementor-column elementor-col-50 elementor-top-column elementor-element elementor-element-20a4170\" data-id=\"20a4170\" data-element_type=\"column\">\n\t\t\t<div class=\"elementor-widget-wrap elementor-element-populated\">\n\t\t\t\t\t\t<div class=\"elementor-element elementor-element-63b4694 elementor-widget elementor-widget-text-editor\" data-id=\"63b4694\" data-element_type=\"widget\" data-widget_type=\"text-editor.default\">\n\t\t\t\t<div class=\"elementor-widget-container\">\n\t\t\t\t\t\t\t\t\t<p>Bien que la perliculture ait offert de multiples moyens de subsistance, l\u2019industrie et les perspectives d\u2019emploi ont \u00e9t\u00e9 consid\u00e9rablement affect\u00e9es par la baisse du prix moyen des perles et par les difficult\u00e9s de viabilit\u00e9 \u00e9conomique des acteurs, notamment en Polyn\u00e9sie fran\u00e7aise.<\/p>\t\t\t\t\t\t\t\t<\/div>\n\t\t\t\t<\/div>\n\t\t<div class=\"elementor-element elementor-element-a15b8f0 e-flex e-con-boxed e-con e-parent\" data-id=\"a15b8f0\" data-element_type=\"container\" data-settings=\"{&quot;background_background&quot;:&quot;classic&quot;}\">\n\t\t\t\t\t<div class=\"e-con-inner\">\n\t\t\t\t\t<\/div>\n\t\t\t\t<\/div>\n\t\t\t\t\t<\/div>\n\t\t<\/div>\n\t\t\t\t\t<\/div>\n\t\t<\/section>\n\t\t\t\t<section class=\"elementor-section elementor-top-section elementor-element elementor-element-6bfa527 elementor-section-full_width elementor-reverse-tablet elementor-reverse-mobile elementor-section-height-default elementor-section-height-default\" data-id=\"6bfa527\" data-element_type=\"section\">\n\t\t\t\t\t\t<div class=\"elementor-container elementor-column-gap-no\">\n\t\t\t\t\t<div class=\"elementor-column elementor-col-100 elementor-top-column elementor-element elementor-element-eb2b334\" data-id=\"eb2b334\" data-element_type=\"column\">\n\t\t\t<div class=\"elementor-widget-wrap elementor-element-populated\">\n\t\t\t\t\t\t<div class=\"elementor-element elementor-element-1a47493 elementor-widget-divider--view-line elementor-widget elementor-widget-divider\" data-id=\"1a47493\" data-element_type=\"widget\" data-widget_type=\"divider.default\">\n\t\t\t\t<div class=\"elementor-widget-container\">\n\t\t\t\t\t\t\t<div class=\"elementor-divider\">\n\t\t\t<span class=\"elementor-divider-separator\">\n\t\t\t\t\t\t<\/span>\n\t\t<\/div>\n\t\t\t\t\t\t<\/div>\n\t\t\t\t<\/div>\n\t\t\t\t\t<\/div>\n\t\t<\/div>\n\t\t\t\t\t<\/div>\n\t\t<\/section>\n\t\t\t\t<section class=\"elementor-section elementor-top-section elementor-element elementor-element-5004616 elementor-section-full_width elementor-section-height-default elementor-section-height-default\" data-id=\"5004616\" data-element_type=\"section\" data-settings=\"{&quot;background_background&quot;:&quot;classic&quot;}\">\n\t\t\t\t\t\t\t<div class=\"elementor-background-overlay\"><\/div>\n\t\t\t\t\t\t\t<div class=\"elementor-container elementor-column-gap-no\">\n\t\t\t\t\t<div class=\"elementor-column elementor-col-50 elementor-top-column elementor-element elementor-element-1ab39be\" data-id=\"1ab39be\" data-element_type=\"column\">\n\t\t\t<div class=\"elementor-widget-wrap elementor-element-populated\">\n\t\t\t\t\t\t<div class=\"elementor-element elementor-element-75d0b7d elementor-widget elementor-widget-text-editor\" data-id=\"75d0b7d\" data-element_type=\"widget\" data-widget_type=\"text-editor.default\">\n\t\t\t\t<div class=\"elementor-widget-container\">\n\t\t\t\t\t\t\t\t\t<p>L\u2019\u00e9levage de l\u2019hu\u00eetre perli\u00e8re offre d\u2019importantes opportunit\u00e9s \u00e9conomiques dans les communaut\u00e9s c\u00f4ti\u00e8res isol\u00e9es de Polyn\u00e9sie fran\u00e7aise et d\u2019autres r\u00e9gions du Pacifique. Il peut constituer un moteur \u00e9conomique essentiel gr\u00e2ce \u00e0 la cr\u00e9ation d\u2019emplois et aux investissements locaux. Les \u00e9conomies d\u2019\u00e9chelle dans la production de perles de culture ont entra\u00een\u00e9 \u00e0 la fois des d\u00e9fis et des opportunit\u00e9s pour les diff\u00e9rents acteurs. Alors que, dans certaines r\u00e9gions, la perliculture artisanale peut \u00e9merger, dans d\u2019autres, cela n\u2019est pas possible.   <\/p>\t\t\t\t\t\t\t\t<\/div>\n\t\t\t\t<\/div>\n\t\t<div class=\"elementor-element elementor-element-af1fabf e-con-full e-flex e-con e-parent\" data-id=\"af1fabf\" data-element_type=\"container\">\n\t\t\t\t<div class=\"elementor-element elementor-element-7b84fb3 elementor-widget__width-initial elementor-widget elementor-widget-image\" data-id=\"7b84fb3\" data-element_type=\"widget\" data-widget_type=\"image.default\">\n\t\t\t\t<div class=\"elementor-widget-container\">\n\t\t\t\t\t\t\t\t\t\t\t\t<figure class=\"wp-caption\">\n\t\t\t\t\t\t\t\t\t\t<img decoding=\"async\" width=\"192\" height=\"129\" src=\"https:\/\/www.sustainablepearls.org\/wp-content\/uploads\/2023\/10\/employment-pearls-jpeg.webp\" class=\"attachment-large size-large wp-image-11668\" alt=\"\" \/>\t\t\t\t\t\t\t\t\t\t\t<figcaption class=\"widget-image-caption wp-caption-text\">Source d'emploi<\/figcaption>\n\t\t\t\t\t\t\t\t\t\t<\/figure>\n\t\t\t\t\t\t\t\t\t<\/div>\n\t\t\t\t<\/div>\n\t\t\t\t<div class=\"elementor-element elementor-element-1691bb8 elementor-widget__width-initial elementor-widget elementor-widget-image\" data-id=\"1691bb8\" data-element_type=\"widget\" data-widget_type=\"image.default\">\n\t\t\t\t<div class=\"elementor-widget-container\">\n\t\t\t\t\t\t\t\t\t\t\t\t<figure class=\"wp-caption\">\n\t\t\t\t\t\t\t\t\t\t<img decoding=\"async\" width=\"192\" height=\"129\" src=\"https:\/\/www.sustainablepearls.org\/wp-content\/uploads\/2023\/10\/pearl-fishermen-jpeg.webp\" class=\"attachment-large size-large wp-image-11669\" alt=\"\" \/>\t\t\t\t\t\t\t\t\t\t\t<figcaption class=\"widget-image-caption wp-caption-text\">Comment la perliculture affecte-t-elle les p\u00eacheurs ?<\/figcaption>\n\t\t\t\t\t\t\t\t\t\t<\/figure>\n\t\t\t\t\t\t\t\t\t<\/div>\n\t\t\t\t<\/div>\n\t\t\t\t<div class=\"elementor-element elementor-element-c159dad elementor-widget__width-initial elementor-widget elementor-widget-image\" data-id=\"c159dad\" data-element_type=\"widget\" data-widget_type=\"image.default\">\n\t\t\t\t<div class=\"elementor-widget-container\">\n\t\t\t\t\t\t\t\t\t\t\t\t<figure class=\"wp-caption\">\n\t\t\t\t\t\t\t\t\t\t<img decoding=\"async\" width=\"192\" height=\"128\" src=\"https:\/\/www.sustainablepearls.org\/wp-content\/uploads\/2023\/10\/economic-impact-cultured-pearls-jpeg.webp\" class=\"attachment-large size-large wp-image-11667\" alt=\"\" \/>\t\t\t\t\t\t\t\t\t\t\t<figcaption class=\"widget-image-caption wp-caption-text\">Augmentation de l\u2019activit\u00e9 \u00e9conomique dans les \u00eeles isol\u00e9es<\/figcaption>\n\t\t\t\t\t\t\t\t\t\t<\/figure>\n\t\t\t\t\t\t\t\t\t<\/div>\n\t\t\t\t<\/div>\n\t\t\t\t<\/div>\n\t\t\t\t\t<\/div>\n\t\t<\/div>\n\t\t\t\t<div class=\"elementor-column elementor-col-50 elementor-top-column elementor-element elementor-element-b0dafdb\" data-id=\"b0dafdb\" data-element_type=\"column\">\n\t\t\t<div class=\"elementor-widget-wrap elementor-element-populated\">\n\t\t\t\t\t\t<div class=\"elementor-element elementor-element-6edd0d9 elementor-widget elementor-widget-text-editor\" data-id=\"6edd0d9\" data-element_type=\"widget\" data-widget_type=\"text-editor.default\">\n\t\t\t\t<div class=\"elementor-widget-container\">\n\t\t\t\t\t\t\t\t\t<p>Les communaut\u00e9s entourant les fermes perli\u00e8res sont \u00e9videmment touch\u00e9es par la perliculture. L&rsquo;industrie peut fournir aux communaut\u00e9s isol\u00e9es des emplois dont elles ont grand besoin. Des enjeux tels que les concessions marines, qui influencent directement les droits de p\u00eache des p\u00eacheurs locaux, sont particuli\u00e8rement importants.<\/p><blockquote><p>L&rsquo;\u00e9mergence de la perliculture affecte-t-elle les p\u00eacheurs ? Comment les communaut\u00e9s environnantes peuvent-elles b\u00e9n\u00e9ficier davantage des activit\u00e9s de perliculture ? Si la perliculture peut \u00e9tendre ses activit\u00e9s positives de conservation du milieu marin, comment les communaut\u00e9s peuvent-elles \u00e9galement en b\u00e9n\u00e9ficier ?<\/p><\/blockquote><p>Ces questions, ainsi que d\u2019autres enjeux socio-\u00e9conomiques, font partie int\u00e9grante de notre projet de recherche.<\/p>\t\t\t\t\t\t\t\t<\/div>\n\t\t\t\t<\/div>\n\t\t\t\t\t<\/div>\n\t\t<\/div>\n\t\t\t\t\t<\/div>\n\t\t<\/section>\n\t\t\t\t<section class=\"elementor-section elementor-top-section elementor-element elementor-element-0d8aecb elementor-section-full_width elementor-section-height-default elementor-section-height-default\" data-id=\"0d8aecb\" data-element_type=\"section\" data-settings=\"{&quot;background_background&quot;:&quot;classic&quot;}\">\n\t\t\t\t\t\t\t<div class=\"elementor-background-overlay\"><\/div>\n\t\t\t\t\t\t\t<div class=\"elementor-container elementor-column-gap-no\">\n\t\t\t\t\t<div class=\"elementor-column elementor-col-100 elementor-top-column elementor-element elementor-element-ab5ed52\" data-id=\"ab5ed52\" data-element_type=\"column\">\n\t\t\t<div class=\"elementor-widget-wrap elementor-element-populated\">\n\t\t\t\t\t\t<div class=\"elementor-element elementor-element-e7b6fe8 elementor-widget elementor-widget-marity_core_section_title\" data-id=\"e7b6fe8\" data-element_type=\"widget\" data-widget_type=\"marity_core_section_title.default\">\n\t\t\t\t<div class=\"elementor-widget-container\">\n\t\t\t\t\t<div class=\"qodef-shortcode qodef-m  qodef-section-title qodef-show_supertitle--yes qodef-alignment--left \">\n    \t<p class=\"qodef-m-supertitle\" >Durabilit\u00e9<\/p>\n    <span class=\"qodef-e-subtitle-line\" ><\/span>\n\t\t<h2 class=\"qodef-m-title\" >\n\t\t\t\t\tD\u00e9couvrez d\u2019autres<br \/> \u00e9tudes de cas sociales\t\t\t<\/h2>\n\t\t<p class=\"qodef-m-text\" >Cliquez sur une \u00e9tude de cas pour en savoir plus<\/p>\n    <\/div>\n\t\t\t\t<\/div>\n\t\t\t\t<\/div>\n\t\t\t\t<div class=\"elementor-element elementor-element-2fd55ac elementor-widget elementor-widget-spacer\" data-id=\"2fd55ac\" data-element_type=\"widget\" data-widget_type=\"spacer.default\">\n\t\t\t\t<div class=\"elementor-widget-container\">\n\t\t\t\t\t\t\t<div class=\"elementor-spacer\">\n\t\t\t<div class=\"elementor-spacer-inner\"><\/div>\n\t\t<\/div>\n\t\t\t\t\t\t<\/div>\n\t\t\t\t<\/div>\n\t\t\t\t\t<\/div>\n\t\t<\/div>\n\t\t\t\t\t<\/div>\n\t\t<\/section>\n\t\t\t\t<section class=\"elementor-section elementor-top-section elementor-element elementor-element-1a9f1c0 elementor-section-full_width elementor-section-height-default elementor-section-height-default\" data-id=\"1a9f1c0\" data-element_type=\"section\" data-settings=\"{&quot;background_background&quot;:&quot;classic&quot;}\">\n\t\t\t\t\t\t\t<div class=\"elementor-background-overlay\"><\/div>\n\t\t\t\t\t\t\t<div class=\"elementor-container elementor-column-gap-default\">\n\t\t\t\t\t<div class=\"elementor-column elementor-col-50 elementor-top-column elementor-element elementor-element-04bb345\" data-id=\"04bb345\" data-element_type=\"column\">\n\t\t\t<div class=\"elementor-widget-wrap elementor-element-populated\">\n\t\t\t\t<a class=\"elementor-element elementor-element-599a248 e-flex e-con-boxed e-con e-parent\" data-id=\"599a248\" data-element_type=\"container\" data-settings=\"{&quot;background_background&quot;:&quot;classic&quot;}\" href=\"https:\/\/www.sustainablepearls.org\/sustainability-case-studies\/fiji\/\">\n\t\t\t\t\t<div class=\"e-con-inner\">\n\t\t\t\t<div class=\"elementor-element elementor-element-1459e69 elementor-widget elementor-widget-text-editor\" data-id=\"1459e69\" data-element_type=\"widget\" data-widget_type=\"text-editor.default\">\n\t\t\t\t<div class=\"elementor-widget-container\">\n\t\t\t\t\t\t\t\t\t<h4 class=\"qodef-e-title entry-title qodef-portfolio-title\"><span style=\"color: #ffffff;\">Emploi local <br>aux Fidji<\/span><\/h4>\t\t\t\t\t\t\t\t<\/div>\n\t\t\t\t<\/div>\n\t\t\t\t\t<\/div>\n\t\t\t\t<\/a>\n\t\t\t\t\t<\/div>\n\t\t<\/div>\n\t\t\t\t<div class=\"elementor-column elementor-col-50 elementor-top-column elementor-element elementor-element-f5d9bd7\" data-id=\"f5d9bd7\" data-element_type=\"column\">\n\t\t\t<div class=\"elementor-widget-wrap elementor-element-populated\">\n\t\t\t\t<a class=\"elementor-element elementor-element-b8adab0 e-flex e-con-boxed e-con e-parent\" data-id=\"b8adab0\" data-element_type=\"container\" data-settings=\"{&quot;background_background&quot;:&quot;classic&quot;}\" href=\"https:\/\/www.sustainablepearls.org\/sustainability-case-studies\/micronesia\/\">\n\t\t\t\t\t<div class=\"e-con-inner\">\n\t\t\t\t<div class=\"elementor-element elementor-element-c8b262b elementor-widget__width-initial elementor-widget elementor-widget-text-editor\" data-id=\"c8b262b\" data-element_type=\"widget\" data-widget_type=\"text-editor.default\">\n\t\t\t\t<div class=\"elementor-widget-container\">\n\t\t\t\t\t\t\t\t\t<h4><span style=\"color: #ffffff;\">Conservation et d\u00e9veloppement communautaire en Micron\u00e9sie<\/span><\/h4>\t\t\t\t\t\t\t\t<\/div>\n\t\t\t\t<\/div>\n\t\t\t\t\t<\/div>\n\t\t\t\t<\/a>\n\t\t\t\t\t<\/div>\n\t\t<\/div>\n\t\t\t\t\t<\/div>\n\t\t<\/section>\n\t\t\t\t<\/div>\n\t\t","protected":false},"excerpt":{"rendered":"<p>Impacts sociaux Social L\u2019attrait de la perliculture Les perles de culture sont devenues des piliers \u00e9conomiques importants de la Polyn\u00e9sie fran\u00e7aise et des \u00eeles Cook, en tant que principales sources de revenus d\u2019exportation. Dans le cadre de la perliculture, il existe d\u2019importantes \u00e9conomies d\u2019\u00e9chelle entre le large \u00e9ventail d\u2019acteurs, qu\u2019ils soient de petite ou de [&hellip;]<\/p>\n","protected":false},"author":1,"featured_media":0,"parent":13461,"menu_order":0,"comment_status":"closed","ping_status":"closed","template":"page-full-width.php","meta":{"_acf_changed":false,"_monsterinsights_skip_tracking":false,"_monsterinsights_sitenote_active":false,"_monsterinsights_sitenote_note":"","_monsterinsights_sitenote_category":0,"footnotes":""},"class_list":["post-13437","page","type-page","status-publish","hentry"],"acf":[],"aioseo_notices":[],"_links":{"self":[{"href":"https:\/\/www.sustainablepearls.org\/fr\/wp-json\/wp\/v2\/pages\/13437","targetHints":{"allow":["GET"]}}],"collection":[{"href":"https:\/\/www.sustainablepearls.org\/fr\/wp-json\/wp\/v2\/pages"}],"about":[{"href":"https:\/\/www.sustainablepearls.org\/fr\/wp-json\/wp\/v2\/types\/page"}],"author":[{"embeddable":true,"href":"https:\/\/www.sustainablepearls.org\/fr\/wp-json\/wp\/v2\/users\/1"}],"replies":[{"embeddable":true,"href":"https:\/\/www.sustainablepearls.org\/fr\/wp-json\/wp\/v2\/comments?post=13437"}],"version-history":[{"count":10,"href":"https:\/\/www.sustainablepearls.org\/fr\/wp-json\/wp\/v2\/pages\/13437\/revisions"}],"predecessor-version":[{"id":13794,"href":"https:\/\/www.sustainablepearls.org\/fr\/wp-json\/wp\/v2\/pages\/13437\/revisions\/13794"}],"up":[{"embeddable":true,"href":"https:\/\/www.sustainablepearls.org\/fr\/wp-json\/wp\/v2\/pages\/13461"}],"wp:attachment":[{"href":"https:\/\/www.sustainablepearls.org\/fr\/wp-json\/wp\/v2\/media?parent=13437"}],"curies":[{"name":"wp","href":"https:\/\/api.w.org\/{rel}","templated":true}]}}