{"id":11714,"date":"2023-10-04T17:35:49","date_gmt":"2023-10-04T15:35:49","guid":{"rendered":"https:\/\/www.sustainablepearls.org\/a-history-of-pearls\/"},"modified":"2025-10-29T12:59:11","modified_gmt":"2025-10-29T11:59:11","slug":"histoire-des-perles","status":"publish","type":"page","link":"https:\/\/www.sustainablepearls.org\/fr\/type-de-perles-de-culture\/histoire-des-perles\/","title":{"rendered":"Histoire des perles"},"content":{"rendered":"\t\t<div data-elementor-type=\"wp-page\" data-elementor-id=\"11714\" class=\"elementor elementor-11714 elementor-10566\">\n\t\t\t\t<div class=\"elementor-element elementor-element-bcbee3d e-con-full e-flex e-con e-parent\" data-id=\"bcbee3d\" data-element_type=\"container\" data-settings=\"{&quot;background_background&quot;:&quot;classic&quot;}\">\n\t\t\t\t<div class=\"elementor-element elementor-element-47579b9 elementor-widget elementor-widget-marity_core_section_title\" data-id=\"47579b9\" data-element_type=\"widget\" data-widget_type=\"marity_core_section_title.default\">\n\t\t\t\t<div class=\"elementor-widget-container\">\n\t\t\t\t\t<div class=\"qodef-shortcode qodef-m  qodef-section-title qodef-show_supertitle--no qodef-alignment--left \">\n    \t\t<h1 class=\"qodef-m-title\" style=\"color: #FFFFFF\">\n\t\t\t\t\tUne histoire des perles\t\t\t<\/h1>\n\t    <\/div>\n\t\t\t\t<\/div>\n\t\t\t\t<\/div>\n\t\t\t\t<\/div>\n\t\t\t\t<section class=\"elementor-section elementor-top-section elementor-element elementor-element-dc44958 elementor-section-full_width elementor-section-height-default elementor-section-height-default\" data-id=\"dc44958\" data-element_type=\"section\">\n\t\t\t\t\t\t<div class=\"elementor-container elementor-column-gap-no\">\n\t\t\t\t\t<div class=\"elementor-column elementor-col-100 elementor-top-column elementor-element elementor-element-839d010\" data-id=\"839d010\" data-element_type=\"column\">\n\t\t\t<div class=\"elementor-widget-wrap elementor-element-populated\">\n\t\t\t\t\t\t<div class=\"elementor-element elementor-element-9001ef9 elementor-widget elementor-widget-text-editor\" data-id=\"9001ef9\" data-element_type=\"widget\" data-widget_type=\"text-editor.default\">\n\t\t\t\t<div class=\"elementor-widget-container\">\n\t\t\t\t\t\t\t\t\t<h2>Les perles sont intimement li\u00e9es \u00e0 l\u2019histoire de l\u2019humanit\u00e9.<\/h2>\t\t\t\t\t\t\t\t<\/div>\n\t\t\t\t<\/div>\n\t\t\t\t\t<\/div>\n\t\t<\/div>\n\t\t\t\t\t<\/div>\n\t\t<\/section>\n\t\t\t\t<section class=\"elementor-section elementor-top-section elementor-element elementor-element-c7888a5 elementor-section-full_width elementor-section-height-default elementor-section-height-default\" data-id=\"c7888a5\" data-element_type=\"section\">\n\t\t\t\t\t\t<div class=\"elementor-container elementor-column-gap-no\">\n\t\t\t\t\t<div class=\"elementor-column elementor-col-33 elementor-top-column elementor-element elementor-element-6ecc849\" data-id=\"6ecc849\" data-element_type=\"column\">\n\t\t\t<div class=\"elementor-widget-wrap elementor-element-populated\">\n\t\t\t\t\t\t<div class=\"elementor-element elementor-element-5c19f7e elementor-widget elementor-widget-text-editor\" data-id=\"5c19f7e\" data-element_type=\"widget\" data-widget_type=\"text-editor.default\">\n\t\t\t\t<div class=\"elementor-widget-container\">\n\t\t\t\t\t\t\t\t\t<p>Des rapports confirment que les coquilles de perles \u00e9taient d\u00e9j\u00e0 utilis\u00e9es comme objets d\u00e9coratifs en \u00c9gypte au IVe mill\u00e9naire avant J.-C. Elles apparaissent dans des textes religieux majeurs tels que la Bible et le Coran. L\u2019origine des perles \u00e9tait souvent expliqu\u00e9e en termes mythologiques et cosmologiques.<\/p>\t\t\t\t\t\t\t\t<\/div>\n\t\t\t\t<\/div>\n\t\t\t\t<div class=\"elementor-element elementor-element-2a31c63 elementor-widget elementor-widget-image\" data-id=\"2a31c63\" data-element_type=\"widget\" data-widget_type=\"image.default\">\n\t\t\t\t<div class=\"elementor-widget-container\">\n\t\t\t\t\t\t\t\t\t\t\t\t<figure class=\"wp-caption\">\n\t\t\t\t\t\t\t\t\t\t<img fetchpriority=\"high\" decoding=\"async\" width=\"1024\" height=\"821\" src=\"https:\/\/www.sustainablepearls.org\/wp-content\/uploads\/2023\/10\/Elizabeth-I-pearl-1024x821.webp\" class=\"attachment-large size-large wp-image-11671\" alt=\"\" srcset=\"https:\/\/www.sustainablepearls.org\/wp-content\/uploads\/2023\/10\/Elizabeth-I-pearl-1024x821.webp 1024w, https:\/\/www.sustainablepearls.org\/wp-content\/uploads\/2023\/10\/Elizabeth-I-pearl-300x240.webp 300w, https:\/\/www.sustainablepearls.org\/wp-content\/uploads\/2023\/10\/Elizabeth-I-pearl-768x615.webp 768w, https:\/\/www.sustainablepearls.org\/wp-content\/uploads\/2023\/10\/Elizabeth-I-pearl.jpeg 1248w\" sizes=\"(max-width: 1024px) 100vw, 1024px\" \/>\t\t\t\t\t\t\t\t\t\t\t<figcaption class=\"widget-image-caption wp-caption-text\">\u00c9lisabeth I\u1d49\u02b3 (1533-1603) par\u00e9e de perles. Source : version de Woburn Abbey du Portrait de l\u2019Armada, vers 1588.<\/figcaption>\n\t\t\t\t\t\t\t\t\t\t<\/figure>\n\t\t\t\t\t\t\t\t\t<\/div>\n\t\t\t\t<\/div>\n\t\t\t\t\t<\/div>\n\t\t<\/div>\n\t\t\t\t<div class=\"elementor-column elementor-col-33 elementor-top-column elementor-element elementor-element-19fb82d\" data-id=\"19fb82d\" data-element_type=\"column\">\n\t\t\t<div class=\"elementor-widget-wrap elementor-element-populated\">\n\t\t\t\t\t\t<div class=\"elementor-element elementor-element-28a0ca3 elementor-widget elementor-widget-text-editor\" data-id=\"28a0ca3\" data-element_type=\"widget\" data-widget_type=\"text-editor.default\">\n\t\t\t\t<div class=\"elementor-widget-container\">\n\t\t\t\t\t\t\t\t\t<p data-start=\"36\" data-end=\"397\">Le r\u00e8gne d\u2019Alexandre le Grand (IV\u1d49 si\u00e8cle av. J.-C.) a entra\u00een\u00e9 une augmentation du commerce et du transport des perles vers le monde occidental. Les sources importantes \u00e9taient la mer Rouge et le Moyen-Orient. Les perles ont longtemps \u00e9t\u00e9 un symbole de pouvoir et de puret\u00e9 au cours du Moyen \u00c2ge, et de nombreux souverains s\u2019ornaient de bijoux en perles.<\/p><p data-start=\"399\" data-end=\"649\">Une p\u00e9riode importante de l\u2019histoire des perles correspond aux premiers voyages de Christophe Colomb et d\u2019autres Espagnols aux XVe et XVIe si\u00e8cles, lorsqu\u2019ils ont d\u00e9couvert des perles et des bancs d\u2019hu\u00eetres perli\u00e8res en Am\u00e9rique centrale et du Sud.<\/p><p data-start=\"651\" data-end=\"814\">Cela a g\u00e9n\u00e9r\u00e9 une grande richesse pour la couronne espagnole et a d\u00e9clench\u00e9 ce que l\u2019on appelle \u00ab l\u2019\u00c2ge de la perle \u00bb parmi les royaux et aristocrates europ\u00e9ens.<\/p><p data-start=\"816\" data-end=\"1069\">Des milliers de p\u00eacheurs \u00e0 travers le monde recherchaient des perles naturelles (trouv\u00e9es dans des hu\u00eetres sauvages et form\u00e9es sans aucune intervention humaine). On peut lire des r\u00e9cits de ces exploits, par exemple, dans <em data-start=\"1037\" data-end=\"1048\">The Pearl<\/em> de John Steinbeck.<\/p><p data-start=\"1071\" data-end=\"1392\">La surp\u00eache des hu\u00eetres sauvages dans la qu\u00eate de perles naturelles exquises en Am\u00e9rique, en Polyn\u00e9sie fran\u00e7aise, dans le golfe de Mannar et dans d\u2019autres r\u00e9gions a conduit \u00e0 l\u2019\u00e9puisement de nombreux bancs d\u2019hu\u00eetres perli\u00e8res. La p\u00eache des hu\u00eetres sauvages \u00e9tait loin d\u2019\u00eatre \u00e9cologiquement durable dans plusieurs zones.<\/p><p data-start=\"1394\" data-end=\"1621\" data-is-last-node=\"\" data-is-only-node=\"\">L\u2019accessibilit\u00e9 des perles de culture a favoris\u00e9 leur \u00e9mergence et le d\u00e9clin progressif du commerce des perles naturelles \u00e0 partir des ann\u00e9es 1920. Un petit march\u00e9 dynamique de perles naturelles subsiste encore aujourd\u2019hui.<\/p>\t\t\t\t\t\t\t\t<\/div>\n\t\t\t\t<\/div>\n\t\t\t\t\t<\/div>\n\t\t<\/div>\n\t\t\t\t<div class=\"elementor-column elementor-col-33 elementor-top-column elementor-element elementor-element-fbd1c59\" data-id=\"fbd1c59\" data-element_type=\"column\">\n\t\t\t<div class=\"elementor-widget-wrap elementor-element-populated\">\n\t\t\t\t\t\t<div class=\"elementor-element elementor-element-5809551 elementor-widget elementor-widget-image\" data-id=\"5809551\" data-element_type=\"widget\" data-widget_type=\"image.default\">\n\t\t\t\t<div class=\"elementor-widget-container\">\n\t\t\t\t\t\t\t\t\t\t\t\t<figure class=\"wp-caption\">\n\t\t\t\t\t\t\t\t\t\t<img decoding=\"async\" width=\"575\" height=\"1024\" src=\"https:\/\/www.sustainablepearls.org\/wp-content\/uploads\/2023\/10\/pearl-trade-history-575x1024.webp\" class=\"attachment-large size-large wp-image-11672\" alt=\"\" srcset=\"https:\/\/www.sustainablepearls.org\/wp-content\/uploads\/2023\/10\/pearl-trade-history-575x1024.webp 575w, https:\/\/www.sustainablepearls.org\/wp-content\/uploads\/2023\/10\/pearl-trade-history-168x300.webp 168w, https:\/\/www.sustainablepearls.org\/wp-content\/uploads\/2023\/10\/pearl-trade-history-768x1369.webp 768w, https:\/\/www.sustainablepearls.org\/wp-content\/uploads\/2023\/10\/pearl-trade-history-jpeg.webp 785w\" sizes=\"(max-width: 575px) 100vw, 575px\" \/>\t\t\t\t\t\t\t\t\t\t\t<figcaption class=\"widget-image-caption wp-caption-text\">Elizabeth I (1533-1603) draped in pearls. Source: The Woburn Abbey version of the Armada Portrait, ca. 1588.<\/figcaption>\n\t\t\t\t\t\t\t\t\t\t<\/figure>\n\t\t\t\t\t\t\t\t\t<\/div>\n\t\t\t\t<\/div>\n\t\t\t\t\t<\/div>\n\t\t<\/div>\n\t\t\t\t\t<\/div>\n\t\t<\/section>\n\t\t\t\t<section class=\"elementor-section elementor-top-section elementor-element elementor-element-2086b8c elementor-section-full_width elementor-section-height-default elementor-section-height-default\" data-id=\"2086b8c\" data-element_type=\"section\" data-settings=\"{&quot;background_background&quot;:&quot;classic&quot;}\">\n\t\t\t\t\t\t<div class=\"elementor-container elementor-column-gap-no\">\n\t\t\t\t\t<div class=\"elementor-column elementor-col-50 elementor-top-column elementor-element elementor-element-aebd43b\" data-id=\"aebd43b\" data-element_type=\"column\">\n\t\t\t<div class=\"elementor-widget-wrap elementor-element-populated\">\n\t\t\t\t\t\t<div class=\"elementor-element elementor-element-67b863d elementor-widget elementor-widget-marity_core_section_title\" data-id=\"67b863d\" data-element_type=\"widget\" data-widget_type=\"marity_core_section_title.default\">\n\t\t\t\t<div class=\"elementor-widget-container\">\n\t\t\t\t\t<div class=\"qodef-shortcode qodef-m  qodef-section-title qodef-show_supertitle--no qodef-alignment--left \">\n    \t\t<h2 class=\"qodef-m-title\" >\n\t\t\t\t\tDe la p\u00eache aux perles \u00e0 l\u2019\u00e9levage de perles de culture : une r\u00e9volution durable\t\t\t<\/h2>\n\t    <\/div>\n\t\t\t\t<\/div>\n\t\t\t\t<\/div>\n\t\t\t\t<div class=\"elementor-element elementor-element-63f1f15 elementor-widget__width-initial elementor-widget elementor-widget-text-editor\" data-id=\"63f1f15\" data-element_type=\"widget\" data-widget_type=\"text-editor.default\">\n\t\t\t\t<div class=\"elementor-widget-container\">\n\t\t\t\t\t\t\t\t\t<blockquote><p>L\u2019homme qui r\u00e9soudra le probl\u00e8me de la culture des hu\u00eetres perli\u00e8res n\u2019aura pas seulement le privil\u00e8ge de contribuer au progr\u00e8s scientifique et industriel : son nom m\u00e9ritera l\u2019honneur d\u2019\u00eatre inscrit parmi les fondateurs d\u2019empires<\/p><\/blockquote><p data-start=\"36\" data-end=\"307\">disait Alexander Lyster Jameson.<\/p><p data-start=\"309\" data-end=\"601\">Pendant des si\u00e8cles, les scientifiques ont d\u00e9battu de l\u2019origine d\u2019une perle. Comment une perle pouvait-elle \u00eatre cultiv\u00e9e ? Une perle est-elle le r\u00e9sultat d\u2019un parasite, d\u2019un grain de sable ou de quelque chose de diff\u00e9rent encore ? La th\u00e9orie du grain de sable a \u00e9t\u00e9 d\u00e9montr\u00e9e comme fausse.<\/p><p data-start=\"603\" data-end=\"991\" data-is-last-node=\"\" data-is-only-node=\"\">Bien qu\u2019il y ait eu de nombreuses tentatives de culture de perles, le premier \u00e0 r\u00e9ussir cet exploit et \u00e0 commercialiser un produit fut Mikimoto, utilisant la m\u00e9thode Mise-Nishikawa en 1916. Dans les d\u00e9cennies suivantes et gr\u00e2ce \u00e0 l\u2019expertise japonaise, l\u2019\u00e9levage de perles de culture s\u2019est \u00e9tendu \u00e0 l\u2019Australie (ann\u00e9es 1950), \u00e0 la Polyn\u00e9sie fran\u00e7aise (ann\u00e9es 1960) et \u00e0 d\u2019autres pays.<\/p>\t\t\t\t\t\t\t\t<\/div>\n\t\t\t\t<\/div>\n\t\t\t\t\t<\/div>\n\t\t<\/div>\n\t\t\t\t<div class=\"elementor-column elementor-col-50 elementor-top-column elementor-element elementor-element-be5b8e4\" data-id=\"be5b8e4\" data-element_type=\"column\" data-settings=\"{&quot;background_background&quot;:&quot;classic&quot;}\">\n\t\t\t<div class=\"elementor-widget-wrap elementor-element-populated\">\n\t\t\t\t\t\t<div class=\"elementor-element elementor-element-79433dc elementor-widget elementor-widget-spacer\" data-id=\"79433dc\" data-element_type=\"widget\" data-widget_type=\"spacer.default\">\n\t\t\t\t<div class=\"elementor-widget-container\">\n\t\t\t\t\t\t\t<div class=\"elementor-spacer\">\n\t\t\t<div class=\"elementor-spacer-inner\"><\/div>\n\t\t<\/div>\n\t\t\t\t\t\t<\/div>\n\t\t\t\t<\/div>\n\t\t\t\t\t<\/div>\n\t\t<\/div>\n\t\t\t\t\t<\/div>\n\t\t<\/section>\n\t\t\t\t<section class=\"elementor-section elementor-top-section elementor-element elementor-element-8de0b08 elementor-section-full_width elementor-section-height-default elementor-section-height-default\" data-id=\"8de0b08\" data-element_type=\"section\" data-settings=\"{&quot;background_background&quot;:&quot;classic&quot;}\">\n\t\t\t\t\t\t\t<div class=\"elementor-background-overlay\"><\/div>\n\t\t\t\t\t\t\t<div class=\"elementor-container elementor-column-gap-no\">\n\t\t\t\t\t<div class=\"elementor-column elementor-col-100 elementor-top-column elementor-element elementor-element-da20d47\" data-id=\"da20d47\" data-element_type=\"column\">\n\t\t\t<div class=\"elementor-widget-wrap elementor-element-populated\">\n\t\t\t\t\t\t<div class=\"elementor-element elementor-element-5ba4d81 elementor-widget elementor-widget-marity_core_section_title\" data-id=\"5ba4d81\" data-element_type=\"widget\" data-widget_type=\"marity_core_section_title.default\">\n\t\t\t\t<div class=\"elementor-widget-container\">\n\t\t\t\t\t<div class=\"qodef-shortcode qodef-m  qodef-section-title qodef-show_supertitle--yes qodef-alignment--left \">\n    \t<p class=\"qodef-m-supertitle\" >Types de perles<\/p>\n    <span class=\"qodef-e-subtitle-line\" ><\/span>\n\t\t<h2 class=\"qodef-m-title\" >\n\t\t\t\t\tPerles de culture marines et d\u2019eau douce\t\t\t<\/h2>\n\t\t<p class=\"qodef-m-text\" >Cliquez sur un type de perle pour en savoir plus<\/p>\n    <\/div>\n\t\t\t\t<\/div>\n\t\t\t\t<\/div>\n\t\t\t\t<div class=\"elementor-element elementor-element-ef3418d elementor-widget elementor-widget-spacer\" data-id=\"ef3418d\" data-element_type=\"widget\" data-widget_type=\"spacer.default\">\n\t\t\t\t<div class=\"elementor-widget-container\">\n\t\t\t\t\t\t\t<div class=\"elementor-spacer\">\n\t\t\t<div class=\"elementor-spacer-inner\"><\/div>\n\t\t<\/div>\n\t\t\t\t\t\t<\/div>\n\t\t\t\t<\/div>\n\t\t\t\t\t<\/div>\n\t\t<\/div>\n\t\t\t\t\t<\/div>\n\t\t<\/section>\n\t\t\t\t<section class=\"elementor-section elementor-top-section elementor-element elementor-element-880a8d7 elementor-section-full_width elementor-section-height-default elementor-section-height-default\" data-id=\"880a8d7\" data-element_type=\"section\" data-settings=\"{&quot;background_background&quot;:&quot;classic&quot;}\">\n\t\t\t\t\t\t\t<div class=\"elementor-background-overlay\"><\/div>\n\t\t\t\t\t\t\t<div class=\"elementor-container elementor-column-gap-default\">\n\t\t\t\t\t<div class=\"elementor-column elementor-col-50 elementor-top-column elementor-element elementor-element-aec2a51\" data-id=\"aec2a51\" data-element_type=\"column\">\n\t\t\t<div class=\"elementor-widget-wrap elementor-element-populated\">\n\t\t\t\t<a class=\"elementor-element elementor-element-6a5ba69 e-flex e-con-boxed e-con e-parent\" data-id=\"6a5ba69\" data-element_type=\"container\" data-settings=\"{&quot;background_background&quot;:&quot;classic&quot;}\" href=\"https:\/\/www.sustainablepearls.org\/pearls\/akoya-cultured-pearls\/\">\n\t\t\t\t\t<div class=\"e-con-inner\">\n\t\t\t\t<div class=\"elementor-element elementor-element-a586f63 elementor-widget elementor-widget-text-editor\" data-id=\"a586f63\" data-element_type=\"widget\" data-widget_type=\"text-editor.default\">\n\t\t\t\t<div class=\"elementor-widget-container\">\n\t\t\t\t\t\t\t\t\t<h4>Perles de culture Akoya<\/h4>\t\t\t\t\t\t\t\t<\/div>\n\t\t\t\t<\/div>\n\t\t\t\t\t<\/div>\n\t\t\t\t<\/a>\n\t\t\t\t\t<\/div>\n\t\t<\/div>\n\t\t\t\t<div class=\"elementor-column elementor-col-50 elementor-top-column elementor-element elementor-element-d133d54\" data-id=\"d133d54\" data-element_type=\"column\">\n\t\t\t<div class=\"elementor-widget-wrap elementor-element-populated\">\n\t\t\t\t<a class=\"elementor-element elementor-element-5871725 e-flex e-con-boxed e-con e-parent\" data-id=\"5871725\" data-element_type=\"container\" data-settings=\"{&quot;background_background&quot;:&quot;classic&quot;}\" href=\"https:\/\/www.sustainablepearls.org\/pearls\/white-and-golden-south-sea-pearls\/\">\n\t\t\t\t\t<div class=\"e-con-inner\">\n\t\t\t\t<div class=\"elementor-element elementor-element-befe206 elementor-widget__width-initial elementor-widget elementor-widget-text-editor\" data-id=\"befe206\" data-element_type=\"widget\" data-widget_type=\"text-editor.default\">\n\t\t\t\t<div class=\"elementor-widget-container\">\n\t\t\t\t\t\t\t\t\t<h4>Perles des mers du Sud blanches et dor\u00e9es<\/h4>\t\t\t\t\t\t\t\t<\/div>\n\t\t\t\t<\/div>\n\t\t\t\t\t<\/div>\n\t\t\t\t<\/a>\n\t\t\t\t\t<\/div>\n\t\t<\/div>\n\t\t\t\t\t<\/div>\n\t\t<\/section>\n\t\t\t\t<section class=\"elementor-section elementor-top-section elementor-element elementor-element-1d69e4e elementor-section-full_width elementor-section-height-default elementor-section-height-default\" data-id=\"1d69e4e\" data-element_type=\"section\" data-settings=\"{&quot;background_background&quot;:&quot;classic&quot;}\">\n\t\t\t\t\t\t\t<div class=\"elementor-background-overlay\"><\/div>\n\t\t\t\t\t\t\t<div class=\"elementor-container elementor-column-gap-default\">\n\t\t\t\t\t<div class=\"elementor-column elementor-col-50 elementor-top-column elementor-element elementor-element-e1d5705\" data-id=\"e1d5705\" data-element_type=\"column\">\n\t\t\t<div class=\"elementor-widget-wrap elementor-element-populated\">\n\t\t\t\t<a class=\"elementor-element elementor-element-7cce330 e-flex e-con-boxed e-con e-parent\" data-id=\"7cce330\" data-element_type=\"container\" data-settings=\"{&quot;background_background&quot;:&quot;classic&quot;}\" href=\"https:\/\/www.sustainablepearls.org\/pearls\/black-cultured-pearls\/\">\n\t\t\t\t\t<div class=\"e-con-inner\">\n\t\t\t\t<div class=\"elementor-element elementor-element-f196c8d elementor-widget elementor-widget-text-editor\" data-id=\"f196c8d\" data-element_type=\"widget\" data-widget_type=\"text-editor.default\">\n\t\t\t\t<div class=\"elementor-widget-container\">\n\t\t\t\t\t\t\t\t\t<h4>Perles de culture noires<\/h4>\t\t\t\t\t\t\t\t<\/div>\n\t\t\t\t<\/div>\n\t\t\t\t\t<\/div>\n\t\t\t\t<\/a>\n\t\t\t\t\t<\/div>\n\t\t<\/div>\n\t\t\t\t<div class=\"elementor-column elementor-col-50 elementor-top-column elementor-element elementor-element-fd8eaae\" data-id=\"fd8eaae\" data-element_type=\"column\">\n\t\t\t<div class=\"elementor-widget-wrap elementor-element-populated\">\n\t\t\t\t<a class=\"elementor-element elementor-element-825d611 e-flex e-con-boxed e-con e-parent\" data-id=\"825d611\" data-element_type=\"container\" data-settings=\"{&quot;background_background&quot;:&quot;classic&quot;}\" href=\"https:\/\/www.sustainablepearls.org\/pearls\/freshwater-cultured-pearls\/\">\n\t\t\t\t\t<div class=\"e-con-inner\">\n\t\t\t\t<div class=\"elementor-element elementor-element-a2d087b elementor-widget elementor-widget-text-editor\" data-id=\"a2d087b\" data-element_type=\"widget\" data-widget_type=\"text-editor.default\">\n\t\t\t\t<div class=\"elementor-widget-container\">\n\t\t\t\t\t\t\t\t\t<h4>Perles de culture d\u2019eau douce<\/h4>\t\t\t\t\t\t\t\t<\/div>\n\t\t\t\t<\/div>\n\t\t\t\t\t<\/div>\n\t\t\t\t<\/a>\n\t\t\t\t\t<\/div>\n\t\t<\/div>\n\t\t\t\t\t<\/div>\n\t\t<\/section>\n\t\t\t\t<\/div>\n\t\t","protected":false},"excerpt":{"rendered":"<p>Une histoire des perles Les perles sont intimement li\u00e9es \u00e0 l\u2019histoire de l\u2019humanit\u00e9. Des rapports confirment que les coquilles de perles \u00e9taient d\u00e9j\u00e0 utilis\u00e9es comme objets d\u00e9coratifs en \u00c9gypte au IVe mill\u00e9naire avant J.-C. Elles apparaissent dans des textes religieux majeurs tels que la Bible et le Coran. L\u2019origine des perles \u00e9tait souvent expliqu\u00e9e en [&hellip;]<\/p>\n","protected":false},"author":1,"featured_media":0,"parent":13480,"menu_order":0,"comment_status":"closed","ping_status":"closed","template":"page-full-width.php","meta":{"_acf_changed":false,"_monsterinsights_skip_tracking":false,"_monsterinsights_sitenote_active":false,"_monsterinsights_sitenote_note":"","_monsterinsights_sitenote_category":0,"footnotes":""},"class_list":["post-11714","page","type-page","status-publish","hentry"],"acf":[],"aioseo_notices":[],"_links":{"self":[{"href":"https:\/\/www.sustainablepearls.org\/fr\/wp-json\/wp\/v2\/pages\/11714","targetHints":{"allow":["GET"]}}],"collection":[{"href":"https:\/\/www.sustainablepearls.org\/fr\/wp-json\/wp\/v2\/pages"}],"about":[{"href":"https:\/\/www.sustainablepearls.org\/fr\/wp-json\/wp\/v2\/types\/page"}],"author":[{"embeddable":true,"href":"https:\/\/www.sustainablepearls.org\/fr\/wp-json\/wp\/v2\/users\/1"}],"replies":[{"embeddable":true,"href":"https:\/\/www.sustainablepearls.org\/fr\/wp-json\/wp\/v2\/comments?post=11714"}],"version-history":[{"count":2,"href":"https:\/\/www.sustainablepearls.org\/fr\/wp-json\/wp\/v2\/pages\/11714\/revisions"}],"predecessor-version":[{"id":13777,"href":"https:\/\/www.sustainablepearls.org\/fr\/wp-json\/wp\/v2\/pages\/11714\/revisions\/13777"}],"up":[{"embeddable":true,"href":"https:\/\/www.sustainablepearls.org\/fr\/wp-json\/wp\/v2\/pages\/13480"}],"wp:attachment":[{"href":"https:\/\/www.sustainablepearls.org\/fr\/wp-json\/wp\/v2\/media?parent=11714"}],"curies":[{"name":"wp","href":"https:\/\/api.w.org\/{rel}","templated":true}]}}